{"id":2499,"date":"2024-01-22T00:33:15","date_gmt":"2024-01-21T23:33:15","guid":{"rendered":"https:\/\/melnibone.at\/shop\/?page_id=2499"},"modified":"2024-05-13T11:49:32","modified_gmt":"2024-05-13T09:49:32","slug":"trading-card-days-2","status":"publish","type":"page","link":"https:\/\/melnibone.at\/shop\/index.php\/trading-card-days-2\/","title":{"rendered":"Trading Card Days #2"},"content":{"rendered":"\n<p style=\"font-size:16px\">Die \u2018<strong>melnibone Trading Card Days<\/strong>\u2018 gehen in die zweite Runde, wir bieten euch wieder einen Platz zum Spielen, Tauschen und Sammeln mit Freunden.<\/p>\n\n\n\n<p style=\"font-size:16px\">Wann? Freitag <strong>31.05.2024<\/strong>  12:00 &#8211; 22:00 Uhr \/ Samstag <strong>01.06.2024<\/strong> 11:00 &#8211; 22:00 Uhr<\/p>\n\n\n\n<p style=\"font-size:16px\">Wir freuen uns auf eure Teilnahme, Tickets bekommt ihr auf der <a href=\"https:\/\/melnibone.at\/shop\/index.php\/produkt-kategorie\/melnibone-trading-card-days\/\"><strong>Ticketseite<\/strong><\/a>.<\/p>\n\n\n\n<p style=\"font-size:16px\"><\/p>\n\n\n\n<figure class=\"wp-block-video\"><video height=\"1080\" style=\"aspect-ratio: 1920 \/ 1080;\" width=\"1920\" controls loop src=\"https:\/\/melnibone.at\/shop\/wp-content\/uploads\/2024\/02\/20230722_143347.mp4\"><\/video><\/figure>\n\n\n\n<p style=\"font-size:16px\"><strong>Unser Angebot:<\/strong><\/p>\n\n\n\n<ul class=\"wp-block-list\">\n<li style=\"font-size:16px\">Spielfl\u00e4che f\u00fcr 200+ Spieler<\/li>\n\n\n\n<li style=\"font-size:16px\">Turniere f\u00fcr Magic: The Gathering, One Piece und Dragonball Fusion World mit epischen Preisen (Preispool \u00fcber 2000\u20ac)<\/li>\n\n\n\n<li style=\"font-size:16px\">Shop mit reichhaltigem Angebot aus unserem Sortiment aus z.B. Magic: The Gathering, Pok\u00e9mon, Yu-Gi-Oh!, Dragonball Super, One Piece, Flesh and Blood, Wei\u00df Schwarz, Zubeh\u00f6r und vieles mehr.<\/li>\n\n\n\n<li style=\"font-size:16px\">Pok\u00e9monjagd f\u00fcr die J\u00fcngeren Teilnehmer<\/li>\n\n\n\n<li style=\"font-size:16px\">Trading Area<\/li>\n\n\n\n<li style=\"font-size:16px\">Food u. Drink Area<\/li>\n\n\n\n<li style=\"font-size:16px\">Brettspiele<\/li>\n\n\n\n<li style=\"font-size:16px\">Retro Games<\/li>\n\n\n\n<li style=\"font-size:16px\">Rahmenprogramm<\/li>\n\n\n\n<li style=\"font-size:16px\">Regionale&nbsp;Aktivit\u00e4ten abseits des Events<\/li>\n\n\n\n<li style=\"font-size:16px\">weitere Angebote folgen<\/li>\n<\/ul>\n\n\n\n<p style=\"font-size:16px\">Falls ihr etwas vermisst, schickt uns eine Anfrage an magic@melnibone.at.<\/p>\n\n\n\n<figure class=\"wp-block-image size-large\"><img loading=\"lazy\" decoding=\"async\" width=\"1024\" height=\"396\" src=\"https:\/\/melnibone.at\/shop\/wp-content\/uploads\/2024\/01\/event-1024x396.png\" alt=\"\" class=\"wp-image-2506\" srcset=\"https:\/\/melnibone.at\/shop\/wp-content\/uploads\/2024\/01\/event-1024x396.png 1024w, https:\/\/melnibone.at\/shop\/wp-content\/uploads\/2024\/01\/event-300x116.png 300w, https:\/\/melnibone.at\/shop\/wp-content\/uploads\/2024\/01\/event-768x297.png 768w, https:\/\/melnibone.at\/shop\/wp-content\/uploads\/2024\/01\/event-1536x593.png 1536w, https:\/\/melnibone.at\/shop\/wp-content\/uploads\/2024\/01\/event-600x232.png 600w, https:\/\/melnibone.at\/shop\/wp-content\/uploads\/2024\/01\/event.png 1561w\" sizes=\"auto, (max-width: 1024px) 100vw, 1024px\" \/><\/figure>\n\n\n\n<figure class=\"wp-block-image size-large\"><img loading=\"lazy\" decoding=\"async\" width=\"1024\" height=\"268\" src=\"https:\/\/melnibone.at\/shop\/wp-content\/uploads\/2024\/04\/Cardmarket-Sponsored-By-Logo-blue-1024x268.png\" alt=\"\" class=\"wp-image-3378\" srcset=\"https:\/\/melnibone.at\/shop\/wp-content\/uploads\/2024\/04\/Cardmarket-Sponsored-By-Logo-blue-1024x268.png 1024w, https:\/\/melnibone.at\/shop\/wp-content\/uploads\/2024\/04\/Cardmarket-Sponsored-By-Logo-blue-300x79.png 300w, https:\/\/melnibone.at\/shop\/wp-content\/uploads\/2024\/04\/Cardmarket-Sponsored-By-Logo-blue-768x201.png 768w, https:\/\/melnibone.at\/shop\/wp-content\/uploads\/2024\/04\/Cardmarket-Sponsored-By-Logo-blue-1536x402.png 1536w, https:\/\/melnibone.at\/shop\/wp-content\/uploads\/2024\/04\/Cardmarket-Sponsored-By-Logo-blue-2048x536.png 2048w, https:\/\/melnibone.at\/shop\/wp-content\/uploads\/2024\/04\/Cardmarket-Sponsored-By-Logo-blue-600x157.png 600w\" sizes=\"auto, (max-width: 1024px) 100vw, 1024px\" \/><\/figure>\n\n\n\n<figure class=\"wp-block-image size-large is-resized\"><img loading=\"lazy\" decoding=\"async\" width=\"1024\" height=\"350\" src=\"https:\/\/melnibone.at\/shop\/wp-content\/uploads\/2024\/05\/UGWORDMARK2017-GreyC20K60-1024x350.png\" alt=\"\" class=\"wp-image-3458\" style=\"width:983px;height:auto\" srcset=\"https:\/\/melnibone.at\/shop\/wp-content\/uploads\/2024\/05\/UGWORDMARK2017-GreyC20K60-1024x350.png 1024w, https:\/\/melnibone.at\/shop\/wp-content\/uploads\/2024\/05\/UGWORDMARK2017-GreyC20K60-300x103.png 300w, https:\/\/melnibone.at\/shop\/wp-content\/uploads\/2024\/05\/UGWORDMARK2017-GreyC20K60-768x263.png 768w, https:\/\/melnibone.at\/shop\/wp-content\/uploads\/2024\/05\/UGWORDMARK2017-GreyC20K60-1536x525.png 1536w, https:\/\/melnibone.at\/shop\/wp-content\/uploads\/2024\/05\/UGWORDMARK2017-GreyC20K60-2048x700.png 2048w, https:\/\/melnibone.at\/shop\/wp-content\/uploads\/2024\/05\/UGWORDMARK2017-GreyC20K60-600x205.png 600w\" sizes=\"auto, (max-width: 1024px) 100vw, 1024px\" \/><\/figure>\n","protected":false},"excerpt":{"rendered":"<p>Die \u2018melnibone Trading Card Days\u2018 gehen in die zweite Runde, wir bieten euch wieder einen Platz zum Spielen, Tauschen und Sammeln mit Freunden. Wann? Freitag 31.05.2024 12:00 &#8211; 22:00 Uhr \/ Samstag 01.06.2024 11:00 &#8211; 22:00 Uhr Wir freuen uns auf eure Teilnahme, Tickets bekommt ihr auf der Ticketseite. Unser Angebot: Falls ihr etwas vermisst, [&hellip;]<\/p>\n","protected":false},"author":1,"featured_media":0,"parent":0,"menu_order":0,"comment_status":"closed","ping_status":"closed","template":"","meta":{"footnotes":""},"class_list":["post-2499","page","type-page","status-publish","hentry"],"_links":{"self":[{"href":"https:\/\/melnibone.at\/shop\/index.php\/wp-json\/wp\/v2\/pages\/2499","targetHints":{"allow":["GET"]}}],"collection":[{"href":"https:\/\/melnibone.at\/shop\/index.php\/wp-json\/wp\/v2\/pages"}],"about":[{"href":"https:\/\/melnibone.at\/shop\/index.php\/wp-json\/wp\/v2\/types\/page"}],"author":[{"embeddable":true,"href":"https:\/\/melnibone.at\/shop\/index.php\/wp-json\/wp\/v2\/users\/1"}],"replies":[{"embeddable":true,"href":"https:\/\/melnibone.at\/shop\/index.php\/wp-json\/wp\/v2\/comments?post=2499"}],"version-history":[{"count":18,"href":"https:\/\/melnibone.at\/shop\/index.php\/wp-json\/wp\/v2\/pages\/2499\/revisions"}],"predecessor-version":[{"id":3459,"href":"https:\/\/melnibone.at\/shop\/index.php\/wp-json\/wp\/v2\/pages\/2499\/revisions\/3459"}],"wp:attachment":[{"href":"https:\/\/melnibone.at\/shop\/index.php\/wp-json\/wp\/v2\/media?parent=2499"}],"curies":[{"name":"wp","href":"https:\/\/api.w.org\/{rel}","templated":true}]}}