{"id":3284,"date":"2024-04-22T22:36:33","date_gmt":"2024-04-22T20:36:33","guid":{"rendered":"https:\/\/melnibone.at\/shop\/?page_id=3284"},"modified":"2024-05-13T11:51:11","modified_gmt":"2024-05-13T09:51:11","slug":"samstag-01-06","status":"publish","type":"page","link":"https:\/\/melnibone.at\/shop\/index.php\/samstag-01-06\/","title":{"rendered":"Samstag (01.06)"},"content":{"rendered":"\n<p class=\"has-medium-font-size\"><strong>Einlass:<\/strong>&nbsp;11:00 Uhr<\/p>\n\n\n\n<p class=\"has-medium-font-size\"><strong>Ende:<\/strong><em>&nbsp;<\/em>22:00 Uhr&nbsp;<em>(offiziell um 23:00 Uhr wird die Halle geschlossen)<\/em><\/p>\n\n\n\n<figure class=\"wp-block-image size-full\"><img loading=\"lazy\" decoding=\"async\" width=\"846\" height=\"131\" src=\"https:\/\/melnibone.at\/shop\/wp-content\/uploads\/2024\/04\/image-1.png\" alt=\"\" class=\"wp-image-3304\" srcset=\"https:\/\/melnibone.at\/shop\/wp-content\/uploads\/2024\/04\/image-1.png 846w, https:\/\/melnibone.at\/shop\/wp-content\/uploads\/2024\/04\/image-1-300x46.png 300w, https:\/\/melnibone.at\/shop\/wp-content\/uploads\/2024\/04\/image-1-768x119.png 768w, https:\/\/melnibone.at\/shop\/wp-content\/uploads\/2024\/04\/image-1-600x93.png 600w\" sizes=\"auto, (max-width: 846px) 100vw, 846px\" \/><\/figure>\n\n\n\n<p class=\"has-medium-font-size\"><strong>Turnierplan<\/strong><\/p>\n\n\n\n<p><strong>Info<\/strong>: Turniere k\u00f6nnen jederzeit erweitert werden und bei Bedarf bieten wir zus\u00e4tzliche Pl\u00e4tze an.<\/p>\n\n\n\n<ul class=\"wp-block-list\">\n<li><strong>13:00<\/strong> Uhr One Piece 1vs1<\/li>\n\n\n\n<li><strong>14:00<\/strong> Uhr Dragonball Fusion World<\/li>\n\n\n\n<li><strong>15:00<\/strong> Uhr MtG &#8211; Chaos Draft<\/li>\n\n\n\n<li><strong>16:00<\/strong> Uhr MtG &#8211; cEDH (siehe <strong>Info<\/strong>**)<\/li>\n\n\n\n<li><strong>19:00<\/strong> Uhr MtG &#8211; Draft<\/li>\n<\/ul>\n\n\n\n<p><strong>Info<\/strong>: \u00c4nderungen sind vorbehalten, der finale Zeitplan wird am jeweiligen Tag am Event ausgelegt, 1h vor Turnierstart sollte die Anmeldung erfolgen, plant genug Vorlaufzeit ein.<\/p>\n\n\n\n<p><strong>Info<\/strong>**: Es gilt die offizielle Banlist des jeweiligen Formates sofern keine zus\u00e4tzliche Banlist angef\u00fchrt ist. Proxies sind bei den Turnieren nicht erlaubt (Ausnahme das cEDH Turnier, im Deck d\u00fcrfen Proxys nicht auffallen, also m\u00fcssen sich 1:1 wie alle anderen Karten im Deck anf\u00fchlen, Dicke, Gewicht, Biegsamkeit usw \u2026 sonst wird&nbsp;disqualifiziert).<\/p>\n\n\n\n<div class=\"wp-block-media-text alignwide is-stacked-on-mobile\" style=\"grid-template-columns:15% auto\"><figure class=\"wp-block-media-text__media\"><img loading=\"lazy\" decoding=\"async\" width=\"1000\" height=\"1000\" src=\"https:\/\/melnibone.at\/shop\/wp-content\/uploads\/2023\/04\/302045367_445344567616214_4393083670977841243_n-2.png\" alt=\"\" class=\"wp-image-1165 size-full\" srcset=\"https:\/\/melnibone.at\/shop\/wp-content\/uploads\/2023\/04\/302045367_445344567616214_4393083670977841243_n-2.png 1000w, https:\/\/melnibone.at\/shop\/wp-content\/uploads\/2023\/04\/302045367_445344567616214_4393083670977841243_n-2-300x300.png 300w, https:\/\/melnibone.at\/shop\/wp-content\/uploads\/2023\/04\/302045367_445344567616214_4393083670977841243_n-2-150x150.png 150w, https:\/\/melnibone.at\/shop\/wp-content\/uploads\/2023\/04\/302045367_445344567616214_4393083670977841243_n-2-768x768.png 768w, https:\/\/melnibone.at\/shop\/wp-content\/uploads\/2023\/04\/302045367_445344567616214_4393083670977841243_n-2-75x75.png 75w, https:\/\/melnibone.at\/shop\/wp-content\/uploads\/2023\/04\/302045367_445344567616214_4393083670977841243_n-2-444x444.png 444w, https:\/\/melnibone.at\/shop\/wp-content\/uploads\/2023\/04\/302045367_445344567616214_4393083670977841243_n-2-600x600.png 600w, https:\/\/melnibone.at\/shop\/wp-content\/uploads\/2023\/04\/302045367_445344567616214_4393083670977841243_n-2-100x100.png 100w\" sizes=\"auto, (max-width: 1000px) 100vw, 1000px\" \/><\/figure><div class=\"wp-block-media-text__content\">\n<p>F\u00fcr einen reibungslosen Ablauf der Turniere und Drafts sorgt der Grazer <a rel=\"noreferrer noopener\" href=\"https:\/\/wpn.wizards.com\/de\" target=\"_blank\">WPN<\/a> Store <a rel=\"noreferrer noopener\" href=\"https:\/\/www.facebook.com\/tradingcardsunited\" target=\"_blank\">Trading Cards United<\/a> der am Event mit Judges und Fachpersonal unterst\u00fctzen wird.<\/p>\n<\/div><\/div>\n\n\n\n<blockquote class=\"wp-block-quote is-layout-flow wp-block-quote-is-layout-flow\">\n<p class=\"has-small-font-size\">Abseits des fixen Zeitplans f\u00fcr die Main Events k\u00f6nnen nat\u00fcrlich jegliche Kartenspiele und Formate gespielt werden, ob Pok\u00e9mon, Yu-Gi-Oh!, Flesh and Blood, MetaZoo, Digimon, DragonBall Super, uvm. Wir bieten daf\u00fcr den notwendigen Platz f\u00fcr Jung und Alt.<\/p>\n<\/blockquote>\n\n\n\n<figure class=\"wp-block-image size-large is-resized\"><img loading=\"lazy\" decoding=\"async\" width=\"1024\" height=\"268\" src=\"https:\/\/melnibone.at\/shop\/wp-content\/uploads\/2024\/04\/Cardmarket-Sponsored-By-Logo-blue-1024x268.png\" alt=\"\" class=\"wp-image-3378\" style=\"width:485px;height:auto\" srcset=\"https:\/\/melnibone.at\/shop\/wp-content\/uploads\/2024\/04\/Cardmarket-Sponsored-By-Logo-blue-1024x268.png 1024w, https:\/\/melnibone.at\/shop\/wp-content\/uploads\/2024\/04\/Cardmarket-Sponsored-By-Logo-blue-300x79.png 300w, https:\/\/melnibone.at\/shop\/wp-content\/uploads\/2024\/04\/Cardmarket-Sponsored-By-Logo-blue-768x201.png 768w, https:\/\/melnibone.at\/shop\/wp-content\/uploads\/2024\/04\/Cardmarket-Sponsored-By-Logo-blue-1536x402.png 1536w, https:\/\/melnibone.at\/shop\/wp-content\/uploads\/2024\/04\/Cardmarket-Sponsored-By-Logo-blue-2048x536.png 2048w, https:\/\/melnibone.at\/shop\/wp-content\/uploads\/2024\/04\/Cardmarket-Sponsored-By-Logo-blue-600x157.png 600w\" sizes=\"auto, (max-width: 1024px) 100vw, 1024px\" \/><\/figure>\n\n\n\n<figure class=\"wp-block-image size-large is-resized\"><img loading=\"lazy\" decoding=\"async\" width=\"1024\" height=\"350\" src=\"https:\/\/melnibone.at\/shop\/wp-content\/uploads\/2024\/05\/UGWORDMARK2017-GreyC20K60-1024x350.png\" alt=\"\" class=\"wp-image-3458\" style=\"width:468px;height:auto\" srcset=\"https:\/\/melnibone.at\/shop\/wp-content\/uploads\/2024\/05\/UGWORDMARK2017-GreyC20K60-1024x350.png 1024w, https:\/\/melnibone.at\/shop\/wp-content\/uploads\/2024\/05\/UGWORDMARK2017-GreyC20K60-300x103.png 300w, https:\/\/melnibone.at\/shop\/wp-content\/uploads\/2024\/05\/UGWORDMARK2017-GreyC20K60-768x263.png 768w, https:\/\/melnibone.at\/shop\/wp-content\/uploads\/2024\/05\/UGWORDMARK2017-GreyC20K60-1536x525.png 1536w, https:\/\/melnibone.at\/shop\/wp-content\/uploads\/2024\/05\/UGWORDMARK2017-GreyC20K60-2048x700.png 2048w, https:\/\/melnibone.at\/shop\/wp-content\/uploads\/2024\/05\/UGWORDMARK2017-GreyC20K60-600x205.png 600w\" sizes=\"auto, (max-width: 1024px) 100vw, 1024px\" \/><\/figure>\n","protected":false},"excerpt":{"rendered":"<p>Einlass:&nbsp;11:00 Uhr Ende:&nbsp;22:00 Uhr&nbsp;(offiziell um 23:00 Uhr wird die Halle geschlossen) Turnierplan Info: Turniere k\u00f6nnen jederzeit erweitert werden und bei Bedarf bieten wir zus\u00e4tzliche Pl\u00e4tze an. Info: \u00c4nderungen sind vorbehalten, der finale Zeitplan wird am jeweiligen Tag am Event ausgelegt, 1h vor Turnierstart sollte die Anmeldung erfolgen, plant genug Vorlaufzeit ein. Info**: Es gilt die [&hellip;]<\/p>\n","protected":false},"author":1,"featured_media":0,"parent":0,"menu_order":0,"comment_status":"closed","ping_status":"closed","template":"","meta":{"footnotes":""},"class_list":["post-3284","page","type-page","status-publish","hentry"],"_links":{"self":[{"href":"https:\/\/melnibone.at\/shop\/index.php\/wp-json\/wp\/v2\/pages\/3284","targetHints":{"allow":["GET"]}}],"collection":[{"href":"https:\/\/melnibone.at\/shop\/index.php\/wp-json\/wp\/v2\/pages"}],"about":[{"href":"https:\/\/melnibone.at\/shop\/index.php\/wp-json\/wp\/v2\/types\/page"}],"author":[{"embeddable":true,"href":"https:\/\/melnibone.at\/shop\/index.php\/wp-json\/wp\/v2\/users\/1"}],"replies":[{"embeddable":true,"href":"https:\/\/melnibone.at\/shop\/index.php\/wp-json\/wp\/v2\/comments?post=3284"}],"version-history":[{"count":15,"href":"https:\/\/melnibone.at\/shop\/index.php\/wp-json\/wp\/v2\/pages\/3284\/revisions"}],"predecessor-version":[{"id":3461,"href":"https:\/\/melnibone.at\/shop\/index.php\/wp-json\/wp\/v2\/pages\/3284\/revisions\/3461"}],"wp:attachment":[{"href":"https:\/\/melnibone.at\/shop\/index.php\/wp-json\/wp\/v2\/media?parent=3284"}],"curies":[{"name":"wp","href":"https:\/\/api.w.org\/{rel}","templated":true}]}}