{"id":4101,"date":"2024-11-18T20:06:14","date_gmt":"2024-11-18T19:06:14","guid":{"rendered":"https:\/\/melnibone.at\/shop\/?page_id=4101"},"modified":"2026-03-20T19:23:44","modified_gmt":"2026-03-20T18:23:44","slug":"commander-liga","status":"publish","type":"page","link":"https:\/\/melnibone.at\/shop\/index.php\/commander-liga\/","title":{"rendered":"Commander Liga"},"content":{"rendered":"\n<p class=\"has-medium-font-size\"><strong><strong>Season 8 <strong>(10.03.2026 \u2013 30.05.2026)<\/strong><\/strong><\/strong><\/p>\n\n\n\n<p class=\"has-vivid-red-color has-black-background-color has-text-color has-background has-link-color has-small-font-size wp-elements-a0e67d1f1c2a985943d84b572353a02a\"><strong>SEASON OF THE SHELL<\/strong><\/p>\n\n\n\n<p style=\"font-size:18px\"><strong><a href=\"https:\/\/melnibone.at\/shop\/index.php\/rangliste-cl_s3\/\" data-type=\"page\" data-id=\"5525\">RANGLISTE<\/a><\/strong><\/p>\n\n\n\n<blockquote class=\"wp-block-quote is-layout-flow wp-block-quote-is-layout-flow\">\n<p class=\"has-small-font-size\"><strong>COMMANDER QUEST<\/strong> <strong>1<\/strong> &#8211; Gewinne ein Spiel mit einem PreCon Deck. (max. 5 Karten ver\u00e4ndert) (<strong>Aktiv bis <strong>SA 30.05.20<\/strong>26<\/strong>)<\/p>\n\n\n\n<p class=\"has-small-font-size\"><strong>COMMANDER QUEST<\/strong> <strong>2<\/strong> &#8211; Spiele an einem Tag gegen min. 5 verschiedene Spieler. (<strong>Aktiv bis <strong>SA <strong><strong>30.05.202<\/strong><\/strong>6<\/strong><\/strong>)<\/p>\n\n\n\n<p class=\"has-small-font-size\"><strong>COMMANDER QUEST 3<\/strong> &#8211; Gewinne eine Commander Runde durch Commander Schaden (min. 2 Gegner get\u00f6tet). (<strong>Aktiv bis <strong>SA <strong><strong>30.05.202<\/strong><\/strong>6<\/strong><\/strong>)<\/p>\n\n\n\n<p class=\"has-small-font-size\"><strong>COMMANDER QUEST<\/strong> <strong>4<\/strong> &#8211; Erzeuge in einer Commander Runde min. 20 Token (egal welcher Art). (<strong>Aktiv bis <strong>SA <strong><strong>30.05.202<\/strong><\/strong>6<\/strong><\/strong>)<\/p>\n\n\n\n<p class=\"has-small-font-size\"><strong>COMMANDER QUEST<\/strong> <strong>5<\/strong> &#8211; Erreiche in einem Spiel mehr als 100 Lebenspunkte. (<strong>Aktiv bis <strong>SA <strong><strong>30.05.202<\/strong><\/strong>6<\/strong><\/strong>)<\/p>\n<\/blockquote>\n\n\n\n<p style=\"font-size:16px\"><strong>Punktesystem<\/strong><\/p>\n\n\n\n<ul class=\"wp-block-list\">\n<li>Sieg ohne Infinite \/ Combo* (<strong>3 Punkte<\/strong>)<\/li>\n\n\n\n<li>Sieg mit Infinite \/ Combo* (<strong>1 Punkt<\/strong>)<\/li>\n\n\n\n<li>Als Erster aus dem Spiel ausgeschieden (<strong>1 Punkt<\/strong>)<\/li>\n\n\n\n<li>Zus\u00e4tzlich bekommst du f\u00fcr jedes Spiel an dem du teilnimmst (max. 5 pro Tag) einen Teilnahmepunkt, diese Punkte kannst du Promos\/Booster\/usw .. tauschen.<\/li>\n<\/ul>\n\n\n\n<p><strong>Zus\u00e4tzlich besteht die M\u00f6glichkeit Punkte wie folgt zu bekommen:<\/strong><\/p>\n\n\n\n<ul class=\"wp-block-list\">\n<li>Erf\u00fcllen einer aktiven Commander Quest (<strong>2 Punkte<\/strong>)<\/li>\n\n\n\n<li>Eliminieren eines Teilnehmers der TOP 3 Rangliste** (<strong>1 Punkt<\/strong>)<\/li>\n<\/ul>\n\n\n\n<p>* Infinite Mana, 2 Karten WIN Combos, Infinite Combos generell, ** Liste wird vom Vortag gewertet, gilt nur f\u00fcr Teilnehmer die aktuell nicht auf einen der TOP 3 Pl\u00e4tze sind und ab 10 Ligateilnehmer<\/p>\n\n\n\n<p style=\"font-size:16px\"><strong>Zus\u00e4tzliche Regeln<\/strong><\/p>\n\n\n\n<ul class=\"wp-block-list\">\n<li>Wir testen ab der Season 4 die Commander <a href=\"https:\/\/magic.wizards.com\/en\/news\/announcements\/introducing-commander-brackets-beta\" data-type=\"link\" data-id=\"https:\/\/magic.wizards.com\/en\/news\/announcements\/introducing-commander-brackets-beta\" target=\"_blank\" rel=\"noreferrer noopener\">Brackets<\/a>, Decks bei einem Liga Spiel sollten sich im gleichen Bracket bewegen, Rule ZERO kommt auch hier zur Anwendung<\/li>\n\n\n\n<li>Proxys: Full Proxy Decks sind f\u00fcr Liga Spiele nicht zugelassen, max. 3 Proxys (non Game Changer) au\u00dfer dem Commander<\/li>\n\n\n\n<li>Die Spieler eines Liga Spieles m\u00fcssen die Decks, Powerlevel, m\u00f6gliche Combos usw. vor dem Spiel besprechen (Rule ZERO)<\/li>\n\n\n\n<li>Die Spieler und deren Commander m\u00fcssen vor jedem Liga Spiel bei der Verwaltung bekannt gegeben werden, nutzt die bereitgestellten Formulare<\/li>\n\n\n\n<li>Pro Spieler werden maximal drei Commander Liga Spiele pro Abend gewertet<\/li>\n\n\n\n<li>Ergebnisse m\u00fcssen direkt nach dem Spiel bei der Liga Verwaltung bekannt gegeben werden<\/li>\n\n\n\n<li>Der Commander bzw. das Siegerdeck einer Runde ist f\u00fcr die n\u00e4chste Runde des Spielers gesperrt<\/li>\n\n\n\n<li>F\u00fcr die Preisaussch\u00fcttung m\u00fcssen im Zeitraum der Liga min. 10 Teilnehmer in min. 16 Ligaspielen teilgenommen haben<\/li>\n\n\n\n<li>Bei wiederholtem unfair spielen, versuchen das System auszunutzen oder cheaten, gibt es zu einer Verwarnung einen Punkteabzug bis hin zum Ausschluss f\u00fcr die aktuelle Season bei erneutem auff\u00e4llig werden<\/li>\n\n\n\n<li>\u00c4nderungen Vorbehalten<\/li>\n<\/ul>\n\n\n\n<p style=\"font-size:16px\"><strong>Preise<\/strong><\/p>\n\n\n\n<ol class=\"wp-block-list\">\n<li>Platz &#8211; <strong>45\u20ac<\/strong> in Store Credits<\/li>\n\n\n\n<li>Platz &#8211; <strong>35\u20ac<\/strong> in Store Credits<\/li>\n\n\n\n<li>Platz &#8211; <strong>25\u20ac<\/strong> in Store Credits<\/li>\n\n\n\n<li>Platz &#8211; Zubeh\u00f6r, Promos, Booster, usw\u2026<\/li>\n\n\n\n<li>Platz &#8211; Zubeh\u00f6r, Promos, Booster, usw\u2026<\/li>\n<\/ol>\n\n\n\n<p>Bei mehr als 8 Teilnehmern in der aktuellen Season, welche \u00fcber 10 Punkte erreicht haben werden zus\u00e4tzliche Preise in den Pool gegeben. Nach jeder aktiven Ligawoche beh\u00e4lt sich die Verwaltung vor je nach Teilnahme die Preise zu erh\u00f6hen.<\/p>\n\n\n\n<figure class=\"wp-block-image size-large is-resized\"><img loading=\"lazy\" decoding=\"async\" width=\"1024\" height=\"685\" src=\"https:\/\/melnibone.at\/shop\/wp-content\/uploads\/2025\/10\/image-1024x685.png\" alt=\"\" class=\"wp-image-6944\" style=\"width:1200px;height:auto\" srcset=\"https:\/\/melnibone.at\/shop\/wp-content\/uploads\/2025\/10\/image-1024x685.png 1024w, https:\/\/melnibone.at\/shop\/wp-content\/uploads\/2025\/10\/image-300x201.png 300w, https:\/\/melnibone.at\/shop\/wp-content\/uploads\/2025\/10\/image-768x514.png 768w, https:\/\/melnibone.at\/shop\/wp-content\/uploads\/2025\/10\/image-1536x1028.png 1536w, https:\/\/melnibone.at\/shop\/wp-content\/uploads\/2025\/10\/image-600x402.png 600w, https:\/\/melnibone.at\/shop\/wp-content\/uploads\/2025\/10\/image.png 1630w\" sizes=\"auto, (max-width: 1024px) 100vw, 1024px\" \/><\/figure>\n\n\n\n<p><\/p>\n","protected":false},"excerpt":{"rendered":"<p>Season 8 (10.03.2026 \u2013 30.05.2026) SEASON OF THE SHELL RANGLISTE COMMANDER QUEST 1 &#8211; Gewinne ein Spiel mit einem PreCon Deck. (max. 5 Karten ver\u00e4ndert) (Aktiv bis SA 30.05.2026) COMMANDER QUEST 2 &#8211; Spiele an einem Tag gegen min. 5 verschiedene Spieler. (Aktiv bis SA 30.05.2026) COMMANDER QUEST 3 &#8211; Gewinne eine Commander Runde durch [&hellip;]<\/p>\n","protected":false},"author":1,"featured_media":0,"parent":0,"menu_order":0,"comment_status":"closed","ping_status":"closed","template":"","meta":{"footnotes":""},"class_list":["post-4101","page","type-page","status-publish","hentry"],"_links":{"self":[{"href":"https:\/\/melnibone.at\/shop\/index.php\/wp-json\/wp\/v2\/pages\/4101","targetHints":{"allow":["GET"]}}],"collection":[{"href":"https:\/\/melnibone.at\/shop\/index.php\/wp-json\/wp\/v2\/pages"}],"about":[{"href":"https:\/\/melnibone.at\/shop\/index.php\/wp-json\/wp\/v2\/types\/page"}],"author":[{"embeddable":true,"href":"https:\/\/melnibone.at\/shop\/index.php\/wp-json\/wp\/v2\/users\/1"}],"replies":[{"embeddable":true,"href":"https:\/\/melnibone.at\/shop\/index.php\/wp-json\/wp\/v2\/comments?post=4101"}],"version-history":[{"count":52,"href":"https:\/\/melnibone.at\/shop\/index.php\/wp-json\/wp\/v2\/pages\/4101\/revisions"}],"predecessor-version":[{"id":7335,"href":"https:\/\/melnibone.at\/shop\/index.php\/wp-json\/wp\/v2\/pages\/4101\/revisions\/7335"}],"wp:attachment":[{"href":"https:\/\/melnibone.at\/shop\/index.php\/wp-json\/wp\/v2\/media?parent=4101"}],"curies":[{"name":"wp","href":"https:\/\/api.w.org\/{rel}","templated":true}]}}