{"id":4297,"date":"2024-11-27T12:53:11","date_gmt":"2024-11-27T11:53:11","guid":{"rendered":"https:\/\/melnibone.at\/shop\/?page_id=4297"},"modified":"2025-09-26T13:29:09","modified_gmt":"2025-09-26T11:29:09","slug":"draft-liga","status":"publish","type":"page","link":"https:\/\/melnibone.at\/shop\/index.php\/draft-liga\/","title":{"rendered":"Limited (Sealed\/Draft) Liga"},"content":{"rendered":"\n<p class=\"has-medium-font-size\"><strong>Season 5 <strong>(01.09.2025 \u2013 31.10.2025)<\/strong><\/strong><\/p>\n\n\n\n<p style=\"font-size:18px\"><strong><a href=\"https:\/\/melnibone.at\/shop\/index.php\/rangliste-draft-liga-season-1\/\" data-type=\"page\" data-id=\"4299\">RANGLISTE<\/a><\/strong><\/p>\n\n\n\n<p style=\"font-size:16px\"><strong>Punktesystem<\/strong><\/p>\n\n\n\n<ul class=\"wp-block-list\">\n<li>1. Platz (<strong>5 Punkte<\/strong> +1 bei 4 Runden)<\/li>\n\n\n\n<li>2. Platz (<strong>4 Punkte<\/strong>)<\/li>\n\n\n\n<li>3. Platz (<strong>3 Punkte<\/strong>)<\/li>\n\n\n\n<li>Teilnahme (<strong>1 Punkt<\/strong>)<\/li>\n<\/ul>\n\n\n\n<p style=\"font-size:16px\"><strong>Zus\u00e4tzliche Regeln<\/strong><\/p>\n\n\n\n<ul class=\"wp-block-list\">\n<li>F\u00fcr die Preisaussch\u00fcttung m\u00fcssen im Zeitraum der Liga min. 8 Teilnehmer teilgenommen und es m\u00fcssen 4 Liga Draft stattgefunden haben<\/li>\n\n\n\n<li>Im Draft Entry ist immer ein Booster enthalten, diese werden unter den Top 3 pro Draft aufgeteilt<\/li>\n\n\n\n<li>Pro Spieler wird maximal ein Draft Liga Spiel pro Tag gewertet<\/li>\n\n\n\n<li>Ergebnisse m\u00fcssen direkt nach dem Spiel bei der Liga Verwaltung bekannt gegeben werden<\/li>\n\n\n\n<li>Bei Punktegleichstand am Ende der Liga z\u00e4hlt die Anzahl der Spiele, je weniger Spiele je besser, bei Gleichstand (Punkte + Spiele) gibt es ein 1on1 Bo3 Final Duell<\/li>\n\n\n\n<li>Bei wiederholtem unfair spielen, versuchen das System auszunutzen oder Cheaten, gibt es zu einer Verwarnung einen Punkteabzug bis hin zum Ausschluss f\u00fcr die aktuelle Season bei erneutem auff\u00e4llig werden<\/li>\n\n\n\n<li>\u00c4nderungen Vorbehalten<\/li>\n<\/ul>\n\n\n\n<p style=\"font-size:16px\"><strong>Preise<\/strong><\/p>\n\n\n\n<ol class=\"wp-block-list\">\n<li>Platz &#8211; <strong>30\u20ac<\/strong> in Store Credits + Booster<\/li>\n\n\n\n<li>Platz &#8211; <strong>20\u20ac<\/strong> in Store Credits + Booster<\/li>\n\n\n\n<li>Platz &#8211; <strong>10\u20ac<\/strong> in Store Credits + Booster<\/li>\n\n\n\n<li>Platz &#8211; Zubeh\u00f6r, Promos, Booster, usw\u2026<\/li>\n\n\n\n<li>Platz &#8211; Zubeh\u00f6r, Promos, Booster, usw\u2026<\/li>\n<\/ol>\n\n\n\n<p>Bei mehr als 8 Teilnehmern in der aktuellen Season, welche \u00fcber 30 Punkte erreicht haben werden zus\u00e4tzliche Preise in den Pool gegeben. Nach jeder aktiven Ligawoche beh\u00e4lt sich die Verwaltung vor je nach Teilnahme die Preise zu erh\u00f6hen.<\/p>\n\n\n\n<p><\/p>\n\n\n\n<p><\/p>\n","protected":false},"excerpt":{"rendered":"<p>Season 5 (01.09.2025 \u2013 31.10.2025) RANGLISTE Punktesystem Zus\u00e4tzliche Regeln Preise Bei mehr als 8 Teilnehmern in der aktuellen Season, welche \u00fcber 30 Punkte erreicht haben werden zus\u00e4tzliche Preise in den Pool gegeben. Nach jeder aktiven Ligawoche beh\u00e4lt sich die Verwaltung vor je nach Teilnahme die Preise zu erh\u00f6hen.<\/p>\n","protected":false},"author":1,"featured_media":0,"parent":0,"menu_order":0,"comment_status":"closed","ping_status":"closed","template":"","meta":{"footnotes":""},"class_list":["post-4297","page","type-page","status-publish","hentry"],"_links":{"self":[{"href":"https:\/\/melnibone.at\/shop\/index.php\/wp-json\/wp\/v2\/pages\/4297","targetHints":{"allow":["GET"]}}],"collection":[{"href":"https:\/\/melnibone.at\/shop\/index.php\/wp-json\/wp\/v2\/pages"}],"about":[{"href":"https:\/\/melnibone.at\/shop\/index.php\/wp-json\/wp\/v2\/types\/page"}],"author":[{"embeddable":true,"href":"https:\/\/melnibone.at\/shop\/index.php\/wp-json\/wp\/v2\/users\/1"}],"replies":[{"embeddable":true,"href":"https:\/\/melnibone.at\/shop\/index.php\/wp-json\/wp\/v2\/comments?post=4297"}],"version-history":[{"count":9,"href":"https:\/\/melnibone.at\/shop\/index.php\/wp-json\/wp\/v2\/pages\/4297\/revisions"}],"predecessor-version":[{"id":6871,"href":"https:\/\/melnibone.at\/shop\/index.php\/wp-json\/wp\/v2\/pages\/4297\/revisions\/6871"}],"wp:attachment":[{"href":"https:\/\/melnibone.at\/shop\/index.php\/wp-json\/wp\/v2\/media?parent=4297"}],"curies":[{"name":"wp","href":"https:\/\/api.w.org\/{rel}","templated":true}]}}