{"id":65,"date":"2022-05-01T17:26:43","date_gmt":"2022-05-01T15:26:43","guid":{"rendered":"https:\/\/melnibone.at\/shop\/?page_id=65"},"modified":"2025-05-29T22:01:04","modified_gmt":"2025-05-29T20:01:04","slug":"impressum","status":"publish","type":"page","link":"https:\/\/melnibone.at\/shop\/index.php\/impressum\/","title":{"rendered":"Impressum"},"content":{"rendered":"\n<p>Kerstin M\u00fcller<\/p>\n\n\n\n<p>Riegersburg 34<\/p>\n\n\n\n<p>8333 Riegersburg<\/p>\n\n\n\n<p><strong>Domain<\/strong>: melnibone.at<\/p>\n\n\n\n<p><\/p>\n\n\n\n<p><strong>Email: <\/strong>magic@melnibone.at<\/p>\n\n\n\n<p><strong>Inhaltlich Verantwortliche<\/strong>: Kerstin M\u00fcller<\/p>\n\n\n\n<p><strong>Firmensitz:<\/strong> Riegersburg 34, 8333 Riegersburg<\/p>\n\n\n\n<p><strong>Zust\u00e4ndige Kammer<\/strong>: Steirische Wirtschaftskammer<\/p>\n\n\n\n<p><strong>Gerichtsstand<\/strong>: Feldbach<\/p>\n\n\n\n<p><strong>UID Nummer<\/strong>: ATU66123955<\/p>\n\n\n\n<p><strong>Steuernummer<\/strong>: 241\/3358<\/p>\n\n\n\n<p><strong>Lucid:<\/strong> DE5975840649978<\/p>\n\n\n\n<p><\/p>\n\n\n\n<p><strong><u>Copyright:<\/u><\/strong><\/p>\n\n\n\n<p>Sollte hier dein gesch\u00fctzter Markenname oder Trademark zu finden sein und du nicht damit einverstanden sein, so bitte ich dich, &nbsp;um eine kurze E-Mail, (magic@melnibone.at) denn ich m\u00f6chte in keiner Art und Weise jemandem dadurch Schaden zuf\u00fcgen. Um eine Verletzung von eventuellen Urheber- oder Markenschutzrechten vorzubeugen, bitte ich dich, mich sofort auf etwaige Verst\u00f6\u00dfe hinzuweisen. Die eventuelle Verletzung erfolgte keinesfalls vors\u00e4tzlich. In begr\u00fcndeten F\u00e4llen werde ich, den entsprechenden Inhalt unverz\u00fcglich entfernen.<\/p>\n\n\n\n<p><strong>Datenschutzerkl\u00e4rung<\/strong><\/p>\n\n\n\n<p><strong>(neue Datenschutzverordnung ab 25.5.2018)<\/strong><\/p>\n\n\n\n<p>Ich freue mich \u00fcber deinen Besuch auf meiner Homepage www.melnibone.at. Ich nehme den Schutz deiner pers\u00f6nlichen Daten sehr ernst und halte mich an die Regeln der gesetzlichen Vorgaben, insbesondere der Datenschutzgesetze (neue Datenschutzverordnung ab 25.5.2018).<\/p>\n\n\n\n<p><strong>Information \u00fcber die Erhebung personenbezogener Daten<\/strong><\/p>\n\n\n\n<p>In dieser Datenschutzerkl\u00e4rung informiere ich dich \u00fcber die Erhebung personenbezogener Daten bei Nutzung meiner Internetpr\u00e4senz. Personenbezogene Daten sind alle Daten, die auf dich pers\u00f6nlich beziehbar sind, beispielweise dein Name, deine Anschrift oder deine E-Mail-Adresse. Verantwortlicher gem. &nbsp;EU-Datenschutz-Grundverordnung (DS-GVO) ist:<\/p>\n\n\n\n<p>Kerstin M\u00fcller<\/p>\n\n\n\n<p>melnibone.at<\/p>\n\n\n\n<p>8333 Riegersburg, 34<\/p>\n\n\n\n<p>\u00d6sterreich<\/p>\n\n\n\n<p>Tel: 0676\/62 64 810<\/p>\n\n\n\n<p>Email:&nbsp;<a href=\"mailto:office@lebensfragen.at\">magic@melnibone.at<\/a><\/p>\n\n\n\n<p><strong>Erhebung und Speicherung personenbezogener Daten bei Aufruf unserer Website<\/strong><\/p>\n\n\n\n<p>Meine Internetwebseite ist als reine Information f\u00fcr dich gedacht bzw. sollte dir das Bestellen meiner Angebote erleichtern.<\/p>\n\n\n\n<p>Ich sammle keine Informationen und Werte diese daher auch nicht aus. Die E-Mail Adressen sowie deine Daten ben\u00f6tigen wir nur um dir deine Ware zukommen zu lassen.<\/p>\n\n\n\n<p>Ich m\u00f6chte dich darauf hinweisen, dass eine Daten\u00fcbertragung per E-Mail Sicherheitsl\u00fccken aufweisen kann. Ein l\u00fcckenloser Schutz der Daten vor dem Zugriff durch Dritte ist hier nicht m\u00f6glich<strong>.<\/strong><\/p>\n\n\n\n<p><strong>Kundenkonto<\/strong><\/p>\n\n\n\n<p>Bei der Er\u00f6ffnung eines Kundenkontos erheben wir deine personenbezogenen Daten in dem dort angegeben Umfang. Die Datenverarbeitung dient dem Zweck, dein Einkaufserlebnis zu verbessern und die Bestellabwicklung zu vereinfachen. Du kannst deine jederzeit durch Mitteilung an uns widerrufen, ohne dass die Rechtm\u00e4\u00dfigkeit der aufgrund der Einwilligung bis zum Widerruf erfolgten Verarbeitung ber\u00fchrt wird. Dein Kundenkonto wird anschlie\u00dfend gel\u00f6scht.<\/p>\n\n\n\n<p>Bei einer &nbsp;Bestellung erheben und verwenden wir deine personenbezogenen Daten nur, soweit dies zur Erf\u00fcllung und Abwicklung deiner Bestellung sowie zur Bearbeitung deiner Anfragen erforderlich ist. Die Bereitstellung der Daten ist f\u00fcr den Vertragsschluss erforderlich. Eine Nichtbereitstellung hat zur Folge, dass kein Vertrag geschlossen werden kann.<\/p>\n\n\n\n<p>Eine Weitergabe deiner Daten an Dritte ohne deine ausdr\u00fcckliche Einwilligung erfolgt nicht ausser an Versanddienstleister oder Zahlungsdienstleister, sollte dies der Fall sein (z.B: Dienstleistung wird per Versand gew\u00fcnscht).<\/p>\n\n\n\n<p><strong>Deine Rechte<\/strong><\/p>\n\n\n\n<p>Du hast &nbsp;gegen\u00fcber uns Rechte hinsichtlich der dich betreffenden personenbezogenen Daten. Hierbei handelt es sich um das<strong>:<\/strong><\/p>\n\n\n\n<ul class=\"wp-block-list\">\n<li>Recht auf Auskunft: Du kannst Auskunft \u00fcber deine von uns verarbeiteten personenbezogenen Daten verlangen.<\/li>\n\n\n\n<li>Recht auf Berichtigung: du kannst unverz\u00fcglich die Berichtigung unrichtiger oder Vervollst\u00e4ndigung deiner bei uns gespeicherten personenbezogenen Daten verlangen.<\/li>\n\n\n\n<li>Recht auf L\u00f6schung: Du kannst die L\u00f6schung deiner bei uns gespeicherten personenbezogenen Daten verlangen.<\/li>\n\n\n\n<li>Recht auf Einschr\u00e4nkung der Verarbeitung: Du kannst die Einschr\u00e4nkung der Verarbeitung deiner bei uns gespeicherten personenbezogenen Daten verlangen.<\/li>\n\n\n\n<li>Recht auf Widerspruch gegen die Verarbeitung: &nbsp;du kannst einmal erteilte Einwilligung jederzeit gegen\u00fcber uns widerrufen.<\/li>\n\n\n\n<li>Recht auf Daten\u00fcbertragbarkeit: du kannst verlangen, dass deine personenbezogenen Daten, die du &nbsp;&nbsp;mir\/uns bereitgestellt hast, in einem strukturierten, g\u00e4ngigen und maschinenlesebaren Format zu erhalten oder die \u00dcbermittlung an einen anderen Verantwortlichen verlangen.<\/li>\n\n\n\n<li>Du zudem das Recht, sich bei einer Datenschutz-Aufsichtsbeh\u00f6rde &nbsp;\u00fcber die Verarbeitung Ihrer personenbezogenen Daten durch uns zu beschweren.<\/li>\n<\/ul>\n\n\n\n<p>Du solltest bedenken das im Internet jeder Spuren hinterl\u00e4sst, diese k\u00f6nnten m\u00f6glicherweise von anderen f\u00fcr irgendwelche Auswertungen oder sonstiges verwendet werden.<\/p>\n\n\n\n<p>Allerdings besteht meine Internet Seite nur um dir Informationen zu geben bzw. meine Angebote schneller nutzen zu k\u00f6nnen, nicht dazu um welche zu gewinnen.<\/p>\n\n\n\n<p>Im Internet nutze ich die Statistiken meines Webseiten-Anbieters und jene von Google \u201eAnalytics\u201c um zu erkennen welche meiner Seiten aufgerufen werden. Dahinter stehen keine personenbezogenen Auswertungen meinerseits.<\/p>\n\n\n\n<p><strong>Technische und organisatorische Ma\u00dfnahmen<\/strong><\/p>\n\n\n\n<p>F\u00fcr meine Website setzen wir technische und organisatorische Sicherungsma\u00dfnahmen ein, um deine Daten zu sch\u00fctzen. Diese Ma\u00dfnahmen werden entsprechend der technischen Entwicklung fortlaufend verbessert. Wir weisen dich dennoch ausdr\u00fccklich darauf hin, dass der Schutz deiner Daten in offenen Netzen wie dem Internet nach dem derzeitigen Stand der Technik nicht vollst\u00e4ndig gew\u00e4hrleistet werden.<\/p>\n\n\n\n<p><strong>Weitere Fragen<\/strong><\/p>\n\n\n\n<p>Konnte meine Datenschutzerkl\u00e4rung eine deiner Fragen nicht beantworten? W\u00fcnscht du weitere Informationen? Dann lass &nbsp;es mich wissen. Ich gebe dir jederzeit gern weitere Auskunft. F\u00fcr alle Anfragen zum Datenschutz wende dich bitte einfach an folgende E-Mail-Adresse: magic@melnibone.at<\/p>\n\n\n\n<p><strong>Haftungshinweis<\/strong>:<\/p>\n\n\n\n<p>Trotz sorgf\u00e4ltiger inhaltlicher Kontrolle \u00fcbernehmen wir keine Haftung f\u00fcr die Inhalte externer Links. F\u00fcr den Inhalt der verlinkten Seiten sind ausschlie\u00dflich deren Betreiber verantwortlich. Irrt\u00fcmer und Tippfehler vorbehalten.<\/p>\n\n\n\n<p>Ich bin bem\u00fcht, immer aktuelle und korrekte Berichte f\u00fcr die User bereitzustellen, jedoch kann keine Gew\u00e4hr f\u00fcr die vollst\u00e4ndige Richtigkeit \u00fcbernommen werden. Eine Haftung f\u00fcr eventuelle Sch\u00e4den, die sich aus der Verwendung der abgerufenen Informationen ergeben, ist daher ausgeschlossen.<\/p>\n\n\n\n<p>Dies gilt im Besonderen f\u00fcr Links und Informationen von anderen Internet Seiten.<\/p>\n\n\n\n<p>F\u00fcr Fragen, stehe ich dir gerne zur Verf\u00fcgung!<\/p>\n\n\n\n<p>Kerstin M\u00fcller magic@melnibone.at<\/p>\n\n\n<div class=\"woocommerce woocommerce-gzd woocommerce-gzd-complaints-shortcode\">\n\t\t\t<h3>Information gem. \u00a7 19 Abs 3 AStG<\/h3>\n\t\t<p>Alternative Streitbeilegung Gesetz - Online Gesch\u00e4fte<\/p>\n\t\nZur Teilnahme an einem Streitbeilegungsverfahren vor einer Verbraucherschlichtungsstelle sind wir nicht verpflichtet und nicht bereit.<\/div>\n","protected":false},"excerpt":{"rendered":"<p>Kerstin M\u00fcller Riegersburg 34 8333 Riegersburg Domain: melnibone.at Email: magic@melnibone.at Inhaltlich Verantwortliche: Kerstin M\u00fcller Firmensitz: Riegersburg 34, 8333 Riegersburg Zust\u00e4ndige Kammer: Steirische Wirtschaftskammer Gerichtsstand: Feldbach UID Nummer: ATU66123955 Steuernummer: 241\/3358 Lucid: DE5975840649978 Copyright: Sollte hier dein gesch\u00fctzter Markenname oder Trademark zu finden sein und du nicht damit einverstanden sein, so bitte ich dich, &nbsp;um eine [&hellip;]<\/p>\n","protected":false},"author":2,"featured_media":0,"parent":0,"menu_order":0,"comment_status":"closed","ping_status":"closed","template":"","meta":{"footnotes":""},"class_list":["post-65","page","type-page","status-publish","hentry"],"_links":{"self":[{"href":"https:\/\/melnibone.at\/shop\/index.php\/wp-json\/wp\/v2\/pages\/65","targetHints":{"allow":["GET"]}}],"collection":[{"href":"https:\/\/melnibone.at\/shop\/index.php\/wp-json\/wp\/v2\/pages"}],"about":[{"href":"https:\/\/melnibone.at\/shop\/index.php\/wp-json\/wp\/v2\/types\/page"}],"author":[{"embeddable":true,"href":"https:\/\/melnibone.at\/shop\/index.php\/wp-json\/wp\/v2\/users\/2"}],"replies":[{"embeddable":true,"href":"https:\/\/melnibone.at\/shop\/index.php\/wp-json\/wp\/v2\/comments?post=65"}],"version-history":[{"count":6,"href":"https:\/\/melnibone.at\/shop\/index.php\/wp-json\/wp\/v2\/pages\/65\/revisions"}],"predecessor-version":[{"id":6153,"href":"https:\/\/melnibone.at\/shop\/index.php\/wp-json\/wp\/v2\/pages\/65\/revisions\/6153"}],"wp:attachment":[{"href":"https:\/\/melnibone.at\/shop\/index.php\/wp-json\/wp\/v2\/media?parent=65"}],"curies":[{"name":"wp","href":"https:\/\/api.w.org\/{rel}","templated":true}]}}