{"id":663,"date":"2023-03-11T23:30:22","date_gmt":"2023-03-11T22:30:22","guid":{"rendered":"https:\/\/melnibone.at\/shop\/?page_id=663"},"modified":"2023-07-18T00:38:45","modified_gmt":"2023-07-17T22:38:45","slug":"freitag-21-07","status":"publish","type":"page","link":"https:\/\/melnibone.at\/shop\/index.php\/freitag-21-07\/","title":{"rendered":"Freitag (21.07)"},"content":{"rendered":"\n<blockquote class=\"wp-block-quote is-layout-flow wp-block-quote-is-layout-flow\">\n<p class=\"has-small-font-size\"><strong>Einlass<\/strong>: 14:00 Uhr<\/p>\n<\/blockquote>\n\n\n\n<blockquote class=\"wp-block-quote is-layout-flow wp-block-quote-is-layout-flow\">\n<p class=\"has-small-font-size\"><strong>Ende:<\/strong>     22:00 Uhr (offiziell um 23:00 Uhr wird die Halle geschlossen)<\/p>\n<\/blockquote>\n\n\n\n<p>Freitag ist der richtige Tag f\u00fcr einen gem\u00fctlichen Start, es gibt die <strong>Commandzone <\/strong>f\u00fcr alle Commander Spieler, <strong>Drafts<\/strong>, <strong>Pioneer <\/strong>und <strong>One Piece Turniere<\/strong> zum Auftakt des Events. Es gibt nat\u00fcrlich genug M\u00f6glichkeiten um mit Gleichgesinnten abseits der geplanten Aktivit\u00e4ten andere Formate zu spielen.<\/p>\n\n\n\n<figure class=\"wp-block-image size-full\"><img loading=\"lazy\" decoding=\"async\" width=\"846\" height=\"131\" src=\"https:\/\/melnibone.at\/shop\/wp-content\/uploads\/2023\/03\/image-7.png\" alt=\"\" class=\"wp-image-737\" srcset=\"https:\/\/melnibone.at\/shop\/wp-content\/uploads\/2023\/03\/image-7.png 846w, https:\/\/melnibone.at\/shop\/wp-content\/uploads\/2023\/03\/image-7-300x46.png 300w, https:\/\/melnibone.at\/shop\/wp-content\/uploads\/2023\/03\/image-7-768x119.png 768w, https:\/\/melnibone.at\/shop\/wp-content\/uploads\/2023\/03\/image-7-600x93.png 600w\" sizes=\"auto, (max-width: 846px) 100vw, 846px\" \/><\/figure>\n\n\n\n<p><strong>Zeitplan<\/strong>: Turniere k\u00f6nnen jederzeit erweitert werden und bei Bedarf bieten wir zus\u00e4tzliche Pl\u00e4tze an.<\/p>\n\n\n\n<ul class=\"wp-block-list\">\n<li>MtG &#8211; <strong>DRAFT <\/strong>(max. 8 Spieler) &#8211;<strong> Start ab 14:30Uhr<\/strong> (bis zu 4 Gruppen je nach Anmeldungen, Sets werden noch definiert)\n<ul class=\"wp-block-list\">\n<li><em><strong>Preise<\/strong>: 1 Booster je Teilnehmer in den Preispool(im Teilnahmepreis einberechnet) + 10 TIX je Teilnehmer(max. 80TIX)<\/em><\/li>\n<\/ul>\n<\/li>\n<\/ul>\n\n\n\n<p><\/p>\n\n\n\n<ul class=\"wp-block-list\">\n<li>One Piece &#8211; <strong>Sealed <\/strong>(max. 48 Spieler) &#8211; <strong>Start 15:30Uhr<\/strong> (Swiss)\n<ul class=\"wp-block-list\">\n<li><em><strong>Preise<\/strong>: 1 Booster je Teilnehmer in den Preispool(im Teilnahmepreis einberechnet) + 10 TIX je Teilnehmer(max. 480TIX)<\/em><\/li>\n<\/ul>\n<\/li>\n<\/ul>\n\n\n\n<p><\/p>\n\n\n\n<ul class=\"wp-block-list\">\n<li>MtG &#8211; <strong>cEDH <\/strong>(max. 32 Spieler) &#8211; <strong>Start 16Uhr<\/strong> (4 Runden Swiss)\n<ul class=\"wp-block-list\">\n<li><em><strong>Preise<\/strong>: 500TIX (300TIX wenn sich unter 50% der max. Teilnehmer anmelden) + 10 TIX je Teilnehmer(max. 320TIX)<\/em><\/li>\n<\/ul>\n<\/li>\n<\/ul>\n\n\n\n<div class=\"wp-block-media-text alignwide is-stacked-on-mobile\" style=\"grid-template-columns:15% auto\"><figure class=\"wp-block-media-text__media\"><img loading=\"lazy\" decoding=\"async\" width=\"1000\" height=\"1000\" src=\"https:\/\/melnibone.at\/shop\/wp-content\/uploads\/2023\/04\/302045367_445344567616214_4393083670977841243_n-1.png\" alt=\"\" class=\"wp-image-1163 size-full\" srcset=\"https:\/\/melnibone.at\/shop\/wp-content\/uploads\/2023\/04\/302045367_445344567616214_4393083670977841243_n-1.png 1000w, https:\/\/melnibone.at\/shop\/wp-content\/uploads\/2023\/04\/302045367_445344567616214_4393083670977841243_n-1-300x300.png 300w, https:\/\/melnibone.at\/shop\/wp-content\/uploads\/2023\/04\/302045367_445344567616214_4393083670977841243_n-1-150x150.png 150w, https:\/\/melnibone.at\/shop\/wp-content\/uploads\/2023\/04\/302045367_445344567616214_4393083670977841243_n-1-768x768.png 768w, https:\/\/melnibone.at\/shop\/wp-content\/uploads\/2023\/04\/302045367_445344567616214_4393083670977841243_n-1-75x75.png 75w, https:\/\/melnibone.at\/shop\/wp-content\/uploads\/2023\/04\/302045367_445344567616214_4393083670977841243_n-1-444x444.png 444w, https:\/\/melnibone.at\/shop\/wp-content\/uploads\/2023\/04\/302045367_445344567616214_4393083670977841243_n-1-600x600.png 600w, https:\/\/melnibone.at\/shop\/wp-content\/uploads\/2023\/04\/302045367_445344567616214_4393083670977841243_n-1-100x100.png 100w\" sizes=\"auto, (max-width: 1000px) 100vw, 1000px\" \/><\/figure><div class=\"wp-block-media-text__content\">\n<p>F\u00fcr einen reibungslosen Ablauf der Turniere und Drafts sorgt der Grazer <a rel=\"noreferrer noopener\" href=\"https:\/\/wpn.wizards.com\/de\" target=\"_blank\">WPN<\/a> Store <a rel=\"noreferrer noopener\" href=\"https:\/\/www.facebook.com\/tradingcardsunited\" target=\"_blank\">Trading Cards United<\/a> der am Event mit Judges und Fachpersonal unterst\u00fctzen wird.<\/p>\n<\/div><\/div>\n\n\n\n<blockquote class=\"wp-block-quote is-layout-flow wp-block-quote-is-layout-flow\">\n<p class=\"has-small-font-size\"><em>Abseits des fixen Zeitplans f\u00fcr die Main Events k\u00f6nnen nat\u00fcrlich jegliche Kartenspiele und Formate gespielt werden, ob Pok\u00e9mon, Yu-Gi-Oh!, Flesh and Blood, MetaZoo, Digimon, DragonBall Super, uvm. Wir bieten daf\u00fcr den notwendigen Platz f\u00fcr Jung und Alt.<\/em><\/p>\n<\/blockquote>\n\n\n\n<p><strong>Price Wall:<\/strong> Im Kartenpreis sind TIX enthalten und es gibt TIX als Preise f\u00fcr die Gewinner von Drafts oder bei den angebotenen Turnieren, diese k\u00f6nnen bei der Price Wall oder im Shop an den Eventtagen eingetauscht werden.<\/p>\n\n\n\n<p><\/p>\n\n\n\n<p><em>Der Zeitplan ist noch nicht final und wird noch angepasst und erweitert, Finale Infos bis zwei Wochen vor dem Event.<\/em><\/p>\n","protected":false},"excerpt":{"rendered":"<p>Einlass: 14:00 Uhr Ende: 22:00 Uhr (offiziell um 23:00 Uhr wird die Halle geschlossen) Freitag ist der richtige Tag f\u00fcr einen gem\u00fctlichen Start, es gibt die Commandzone f\u00fcr alle Commander Spieler, Drafts, Pioneer und One Piece Turniere zum Auftakt des Events. Es gibt nat\u00fcrlich genug M\u00f6glichkeiten um mit Gleichgesinnten abseits der geplanten Aktivit\u00e4ten andere Formate [&hellip;]<\/p>\n","protected":false},"author":1,"featured_media":0,"parent":0,"menu_order":0,"comment_status":"closed","ping_status":"closed","template":"","meta":{"footnotes":""},"class_list":["post-663","page","type-page","status-publish","hentry"],"_links":{"self":[{"href":"https:\/\/melnibone.at\/shop\/index.php\/wp-json\/wp\/v2\/pages\/663","targetHints":{"allow":["GET"]}}],"collection":[{"href":"https:\/\/melnibone.at\/shop\/index.php\/wp-json\/wp\/v2\/pages"}],"about":[{"href":"https:\/\/melnibone.at\/shop\/index.php\/wp-json\/wp\/v2\/types\/page"}],"author":[{"embeddable":true,"href":"https:\/\/melnibone.at\/shop\/index.php\/wp-json\/wp\/v2\/users\/1"}],"replies":[{"embeddable":true,"href":"https:\/\/melnibone.at\/shop\/index.php\/wp-json\/wp\/v2\/comments?post=663"}],"version-history":[{"count":23,"href":"https:\/\/melnibone.at\/shop\/index.php\/wp-json\/wp\/v2\/pages\/663\/revisions"}],"predecessor-version":[{"id":1792,"href":"https:\/\/melnibone.at\/shop\/index.php\/wp-json\/wp\/v2\/pages\/663\/revisions\/1792"}],"wp:attachment":[{"href":"https:\/\/melnibone.at\/shop\/index.php\/wp-json\/wp\/v2\/media?parent=663"}],"curies":[{"name":"wp","href":"https:\/\/api.w.org\/{rel}","templated":true}]}}