{"id":665,"date":"2023-03-11T23:30:22","date_gmt":"2023-03-11T22:30:22","guid":{"rendered":"https:\/\/melnibone.at\/shop\/?page_id=665"},"modified":"2023-07-12T15:28:39","modified_gmt":"2023-07-12T13:28:39","slug":"sonntag-23-07","status":"publish","type":"page","link":"https:\/\/melnibone.at\/shop\/index.php\/sonntag-23-07\/","title":{"rendered":"Sonntag (23.07)"},"content":{"rendered":"\n<blockquote class=\"wp-block-quote has-small-font-size is-layout-flow wp-block-quote-is-layout-flow\">\n<p><strong>Einlass<\/strong>: 10:00 Uhr<\/p>\n<\/blockquote>\n\n\n\n<blockquote class=\"wp-block-quote has-small-font-size is-layout-flow wp-block-quote-is-layout-flow\">\n<p><strong>Ende:<\/strong>     17:00 Uhr (offiziell um 18:00 Uhr wird die Halle geschlossen)<\/p>\n<\/blockquote>\n\n\n\n<p>Am Sonntag legen wir nochmal richtig nach, die <strong>Commandzone&nbsp;<\/strong>dient weiterhin als Anlaufstelle aller Commander Spieler, dazu gibt es einen <strong>CHAOS Draft<\/strong>. Es gibt nat\u00fcrlich genug M\u00f6glichkeiten um mit Gleichgesinnten abseits der geplanten Aktivit\u00e4ten andere Formate zu spielen.<\/p>\n\n\n\n<figure class=\"wp-block-image size-full\"><img loading=\"lazy\" decoding=\"async\" width=\"533\" height=\"105\" src=\"https:\/\/melnibone.at\/shop\/wp-content\/uploads\/2023\/03\/image-9.png\" alt=\"\" class=\"wp-image-742\" srcset=\"https:\/\/melnibone.at\/shop\/wp-content\/uploads\/2023\/03\/image-9.png 533w, https:\/\/melnibone.at\/shop\/wp-content\/uploads\/2023\/03\/image-9-300x59.png 300w\" sizes=\"auto, (max-width: 533px) 100vw, 533px\" \/><\/figure>\n\n\n\n<p><strong>Zeitplan<\/strong>: <\/p>\n\n\n\n<ul class=\"wp-block-list\">\n<li>MtG &#8211; <strong>CHAOS<\/strong> <strong>DRAFT&nbsp;<\/strong>(max. 8 Spieler) \u2013<strong>&nbsp;Start jederzeit bei voller Gruppe<\/strong>&nbsp;(bis zu 4 Gruppen je nach Anmeldungen, Sets werden noch definiert)\n<ul class=\"wp-block-list\">\n<li><em><strong>Preise<\/strong>: 1 Booster je Teilnehmer in den Preispool(im Teilnahmepreis einberechnet) + 10 TIX je Teilnehmer(max. 80TIX)<\/em><\/li>\n<\/ul>\n<\/li>\n<\/ul>\n\n\n\n<p><\/p>\n\n\n\n<ul class=\"wp-block-list\">\n<li>MtG &#8211; <strong>Jumpstart Battles<\/strong> (Jumpstart 2020 und\/oder 2022)\n<ul class=\"wp-block-list\">\n<li><em><strong>Preise<\/strong>: 20 TIX f\u00fcr den Gewinner<\/em><\/li>\n<\/ul>\n<\/li>\n<\/ul>\n\n\n\n<p><\/p>\n\n\n\n<div class=\"wp-block-media-text alignwide is-stacked-on-mobile\" style=\"grid-template-columns:15% auto\"><figure class=\"wp-block-media-text__media\"><img loading=\"lazy\" decoding=\"async\" width=\"1000\" height=\"1000\" src=\"https:\/\/melnibone.at\/shop\/wp-content\/uploads\/2023\/04\/302045367_445344567616214_4393083670977841243_n-2.png\" alt=\"\" class=\"wp-image-1165 size-full\" srcset=\"https:\/\/melnibone.at\/shop\/wp-content\/uploads\/2023\/04\/302045367_445344567616214_4393083670977841243_n-2.png 1000w, https:\/\/melnibone.at\/shop\/wp-content\/uploads\/2023\/04\/302045367_445344567616214_4393083670977841243_n-2-300x300.png 300w, https:\/\/melnibone.at\/shop\/wp-content\/uploads\/2023\/04\/302045367_445344567616214_4393083670977841243_n-2-150x150.png 150w, https:\/\/melnibone.at\/shop\/wp-content\/uploads\/2023\/04\/302045367_445344567616214_4393083670977841243_n-2-768x768.png 768w, https:\/\/melnibone.at\/shop\/wp-content\/uploads\/2023\/04\/302045367_445344567616214_4393083670977841243_n-2-75x75.png 75w, https:\/\/melnibone.at\/shop\/wp-content\/uploads\/2023\/04\/302045367_445344567616214_4393083670977841243_n-2-444x444.png 444w, https:\/\/melnibone.at\/shop\/wp-content\/uploads\/2023\/04\/302045367_445344567616214_4393083670977841243_n-2-600x600.png 600w, https:\/\/melnibone.at\/shop\/wp-content\/uploads\/2023\/04\/302045367_445344567616214_4393083670977841243_n-2-100x100.png 100w\" sizes=\"auto, (max-width: 1000px) 100vw, 1000px\" \/><\/figure><div class=\"wp-block-media-text__content\">\n<p>F\u00fcr einen reibungslosen Ablauf der Turniere und Drafts sorgt der Grazer <a rel=\"noreferrer noopener\" href=\"https:\/\/wpn.wizards.com\/de\" target=\"_blank\">WPN<\/a> Store <a rel=\"noreferrer noopener\" href=\"https:\/\/www.facebook.com\/tradingcardsunited\" target=\"_blank\">Trading Cards United<\/a> der am Event mit Judges und Fachpersonal unterst\u00fctzen wird.<\/p>\n<\/div><\/div>\n\n\n\n<blockquote class=\"wp-block-quote is-layout-flow wp-block-quote-is-layout-flow\">\n<p class=\"has-small-font-size\">Abseits des fixen Zeitplans f\u00fcr die Main Events k\u00f6nnen nat\u00fcrlich jegliche Kartenspiele und Formate gespielt werden, ob Pok\u00e9mon, Yu-Gi-Oh!, Flesh and Blood, MetaZoo, Digimon, DragonBall Super, uvm. Wir bieten daf\u00fcr den notwendigen Platz f\u00fcr Jung und Alt.<\/p>\n<\/blockquote>\n\n\n\n<p><strong>Price Wall:<\/strong>&nbsp;Im Kartenpreis sind TIX enthalten und es gibt TIX als Preise f\u00fcr die Gewinner von Drafts oder bei den angebotenen Turnieren, diese k\u00f6nnen bei der Price Wall oder im Shop an den Eventtagen eingetauscht werden.<\/p>\n\n\n\n<p><em>Der Zeitplan ist noch nicht final und wird noch angepasst und erweitert, Finale Infos bis zwei Wochen vor dem Event.<\/em><\/p>\n","protected":false},"excerpt":{"rendered":"<p>Einlass: 10:00 Uhr Ende: 17:00 Uhr (offiziell um 18:00 Uhr wird die Halle geschlossen) Am Sonntag legen wir nochmal richtig nach, die Commandzone&nbsp;dient weiterhin als Anlaufstelle aller Commander Spieler, dazu gibt es einen CHAOS Draft. Es gibt nat\u00fcrlich genug M\u00f6glichkeiten um mit Gleichgesinnten abseits der geplanten Aktivit\u00e4ten andere Formate zu spielen. Zeitplan: F\u00fcr einen reibungslosen [&hellip;]<\/p>\n","protected":false},"author":1,"featured_media":0,"parent":0,"menu_order":0,"comment_status":"closed","ping_status":"closed","template":"","meta":{"footnotes":""},"class_list":["post-665","page","type-page","status-publish","hentry"],"_links":{"self":[{"href":"https:\/\/melnibone.at\/shop\/index.php\/wp-json\/wp\/v2\/pages\/665","targetHints":{"allow":["GET"]}}],"collection":[{"href":"https:\/\/melnibone.at\/shop\/index.php\/wp-json\/wp\/v2\/pages"}],"about":[{"href":"https:\/\/melnibone.at\/shop\/index.php\/wp-json\/wp\/v2\/types\/page"}],"author":[{"embeddable":true,"href":"https:\/\/melnibone.at\/shop\/index.php\/wp-json\/wp\/v2\/users\/1"}],"replies":[{"embeddable":true,"href":"https:\/\/melnibone.at\/shop\/index.php\/wp-json\/wp\/v2\/comments?post=665"}],"version-history":[{"count":13,"href":"https:\/\/melnibone.at\/shop\/index.php\/wp-json\/wp\/v2\/pages\/665\/revisions"}],"predecessor-version":[{"id":1757,"href":"https:\/\/melnibone.at\/shop\/index.php\/wp-json\/wp\/v2\/pages\/665\/revisions\/1757"}],"wp:attachment":[{"href":"https:\/\/melnibone.at\/shop\/index.php\/wp-json\/wp\/v2\/media?parent=665"}],"curies":[{"name":"wp","href":"https:\/\/api.w.org\/{rel}","templated":true}]}}