{"id":667,"date":"2023-03-11T23:30:22","date_gmt":"2023-03-11T22:30:22","guid":{"rendered":"https:\/\/melnibone.at\/shop\/?page_id=667"},"modified":"2024-02-08T16:48:13","modified_gmt":"2024-02-08T15:48:13","slug":"anfahrt","status":"publish","type":"page","link":"https:\/\/melnibone.at\/shop\/index.php\/anfahrt\/","title":{"rendered":"Anfahrt \/ Anreise"},"content":{"rendered":"\n<p class=\"has-medium-font-size\"><strong>Location<\/strong>: Riegersburg Vulkanlandhalle \/ <a rel=\"noreferrer noopener\" href=\"https:\/\/www.google.com\/maps\/place\/Riegersburg+53,+8333+Riegersburg\/@46.996988,15.9407754,17z\/data=!4m6!3m5!1s0x476efe6352cbf28d:0xf7be20da2b22f68c!8m2!3d46.9966752!4d15.9417602!16s%2Fg%2F11c605r8dm\" target=\"_blank\">Maps<\/a><\/p>\n\n\n\n<figure class=\"wp-block-image size-large is-resized\"><img loading=\"lazy\" decoding=\"async\" width=\"1024\" height=\"635\" src=\"https:\/\/melnibone.at\/shop\/wp-content\/uploads\/2023\/03\/Screenshot-2023-03-11-235712-1024x635.jpg\" alt=\"\" class=\"wp-image-679\" style=\"width:512px;height:318px\" srcset=\"https:\/\/melnibone.at\/shop\/wp-content\/uploads\/2023\/03\/Screenshot-2023-03-11-235712-1024x635.jpg 1024w, https:\/\/melnibone.at\/shop\/wp-content\/uploads\/2023\/03\/Screenshot-2023-03-11-235712-300x186.jpg 300w, https:\/\/melnibone.at\/shop\/wp-content\/uploads\/2023\/03\/Screenshot-2023-03-11-235712-768x476.jpg 768w, https:\/\/melnibone.at\/shop\/wp-content\/uploads\/2023\/03\/Screenshot-2023-03-11-235712-1536x952.jpg 1536w, https:\/\/melnibone.at\/shop\/wp-content\/uploads\/2023\/03\/Screenshot-2023-03-11-235712-600x372.jpg 600w, https:\/\/melnibone.at\/shop\/wp-content\/uploads\/2023\/03\/Screenshot-2023-03-11-235712.jpg 1638w\" sizes=\"auto, (max-width: 1024px) 100vw, 1024px\" \/><\/figure>\n\n\n\n<p><strong>Adresse<\/strong>: Riegersburg 53, 8333 Riegersburg, \u00d6sterreich<\/p>\n\n\n\n<p><\/p>\n\n\n\n<p><strong>Anreise mit dem Auto:<\/strong> Autobahn &#8222;<strong>A2<\/strong>&#8220; von Wien od. Graz bis Abfahrt &#8222;<strong>ILZ \/ F\u00fcrstenfeld<\/strong>&#8220; dann weiter Richtung ILZ und von dort \u00fcber die <strong>B66<\/strong> ca. 10 Minuten direkt nach Riegersburg<\/p>\n\n\n\n<p><strong>Anreise mit dem Zug:<\/strong> Von Graz direkt nach Feldbach mit der \u00d6BB bzw. von Wien ebenfalls direkt \u00fcber Graz angebunden. Von Feldbach weiter mit dem Bus ca. 10km direkt nach Riegersburg. Alternativ ist die M\u00f6glichkeit mittels Taxiservice von Feldbach oder ILZ die letzten 10km anzureisen, wir arbeiten daran eine g\u00fcnstige M\u00f6glichkeit zu bieten.<\/p>\n\n\n\n<p><strong>Anreise mit dem Bus:<\/strong> Von Wien mit dem Flixbus bis nach Graz, von Graz nach Feldbach oder ILZ und direkt nach Riegersburg.<\/p>\n\n\n\n<p>Taxi Riegersburg<\/p>\n\n\n\n<blockquote class=\"wp-block-quote is-layout-flow wp-block-quote-is-layout-flow\">\n<p class=\"has-small-font-size\"><strong>Zehethofer<\/strong> &#8211; Riegersburg&nbsp;, Telefon: +43 660 \/ 5555227<\/p>\n<\/blockquote>\n\n\n\n<p>Taxi von Feldbach aus:<\/p>\n\n\n\n<blockquote class=\"wp-block-quote is-layout-flow wp-block-quote-is-layout-flow\">\n<p class=\"has-small-font-size\"><strong>Sopa Taxi<\/strong> &#8211; 8330 Feldbach, Telefon: +43 664 \/ 1324737<\/p>\n<\/blockquote>\n\n\n\n<blockquote class=\"wp-block-quote is-layout-flow wp-block-quote-is-layout-flow\">\n<p class=\"has-small-font-size\"><strong>Taxi Paier<\/strong> &#8211; 8330 Feldbach, <a href=\"https:\/\/www.google.com\/search?cs=0&amp;sxsrf=AJOqlzVMRaRW-47dppHZ-fn6uqb9U8YwBw:1678881474526&amp;q=taxi+paier+telefon&amp;ludocid=6529848090921928504&amp;sa=X&amp;ved=2ahUKEwjcp5Lv8N39AhWO_KQKHRGwDL4Q6BN6BAgUEAI\">Telefon<\/a>: <a href=\"https:\/\/www.google.com\/search?q=taxiunternehmen%20feldbach&amp;oq=taxiunternehmen+feldbach&amp;aqs=chrome..69i57.3624j0j4&amp;sourceid=chrome&amp;ie=UTF-8&amp;tbs=lf:1,lf_ui:14&amp;tbm=lcl&amp;sxsrf=AJOqlzVkBT8iuE1OOFh6TJAKkVYIuTurYg:1678881321649&amp;rflfq=1&amp;num=10&amp;serdesk=1&amp;rldimm=492119565393555254&amp;lqi=Chh0YXhpdW50ZXJuZWhtZW4gZmVsZGJhY2hI4OCNnJm4gIAIWiYQABgAGAEiGHRheGl1bnRlcm5laG1lbiBmZWxkYmFjaCoECAMQAJIBDHRheGlfc2VydmljZaoBQgoIL20vMHBnNTIQASoTIg90YXhpdW50ZXJuZWhtZW4oBTIfEAEiG4_tS-mxZtRL1WLlrpUpTmqvhDDnCFwe2BcsUA&amp;ved=2ahUKEwjb36-m8N39AhXUuaQKHTbRB1oQvS56BAgKEAE&amp;sa=X&amp;rlst=f#\">+43 664 \/ 9126959<\/a><\/p>\n<\/blockquote>\n\n\n\n<p>Taxi von ILZ aus: <\/p>\n\n\n\n<blockquote class=\"wp-block-quote is-layout-flow wp-block-quote-is-layout-flow\">\n<p class=\"has-small-font-size\"><strong>TAXI K\u00d6NIG<\/strong> &#8211; F\u00dcRSTENFELD \/ ILZ, Telefon: +43 664 \/ 4114116<\/p>\n<\/blockquote>\n","protected":false},"excerpt":{"rendered":"<p>Location: Riegersburg Vulkanlandhalle \/ Maps Adresse: Riegersburg 53, 8333 Riegersburg, \u00d6sterreich Anreise mit dem Auto: Autobahn &#8222;A2&#8220; von Wien od. Graz bis Abfahrt &#8222;ILZ \/ F\u00fcrstenfeld&#8220; dann weiter Richtung ILZ und von dort \u00fcber die B66 ca. 10 Minuten direkt nach Riegersburg Anreise mit dem Zug: Von Graz direkt nach Feldbach mit der \u00d6BB bzw. [&hellip;]<\/p>\n","protected":false},"author":1,"featured_media":0,"parent":0,"menu_order":0,"comment_status":"closed","ping_status":"closed","template":"","meta":{"footnotes":""},"class_list":["post-667","page","type-page","status-publish","hentry"],"_links":{"self":[{"href":"https:\/\/melnibone.at\/shop\/index.php\/wp-json\/wp\/v2\/pages\/667","targetHints":{"allow":["GET"]}}],"collection":[{"href":"https:\/\/melnibone.at\/shop\/index.php\/wp-json\/wp\/v2\/pages"}],"about":[{"href":"https:\/\/melnibone.at\/shop\/index.php\/wp-json\/wp\/v2\/types\/page"}],"author":[{"embeddable":true,"href":"https:\/\/melnibone.at\/shop\/index.php\/wp-json\/wp\/v2\/users\/1"}],"replies":[{"embeddable":true,"href":"https:\/\/melnibone.at\/shop\/index.php\/wp-json\/wp\/v2\/comments?post=667"}],"version-history":[{"count":19,"href":"https:\/\/melnibone.at\/shop\/index.php\/wp-json\/wp\/v2\/pages\/667\/revisions"}],"predecessor-version":[{"id":2655,"href":"https:\/\/melnibone.at\/shop\/index.php\/wp-json\/wp\/v2\/pages\/667\/revisions\/2655"}],"wp:attachment":[{"href":"https:\/\/melnibone.at\/shop\/index.php\/wp-json\/wp\/v2\/media?parent=667"}],"curies":[{"name":"wp","href":"https:\/\/api.w.org\/{rel}","templated":true}]}}