{"id":718,"date":"2023-03-13T23:51:39","date_gmt":"2023-03-13T22:51:39","guid":{"rendered":"https:\/\/melnibone.at\/shop\/?page_id=718"},"modified":"2023-07-17T14:26:25","modified_gmt":"2023-07-17T12:26:25","slug":"allgemeines","status":"publish","type":"page","link":"https:\/\/melnibone.at\/shop\/index.php\/allgemeines\/","title":{"rendered":"Allgemeines"},"content":{"rendered":"\n<div class=\"wp-block-group\"><div class=\"wp-block-group__inner-container is-layout-constrained wp-block-group-is-layout-constrained\">\n<p>Die ersten &#8218;<strong>melnibone Trading Card Days<\/strong>&#8218; bieten euch einen Platz zum Spielen, Tauschen und Sammeln mit Freunden.<\/p>\n\n\n\n<p>Wir freuen uns auf eure Teilnahme, Tickets bekommt ihr auf der <a href=\"https:\/\/melnibone.at\/shop\/index.php\/produkt-kategorie\/melnibone-trading-card-days\/\" data-type=\"URL\" data-id=\"https:\/\/melnibone.at\/shop\/index.php\/tickets\/\">Ticketseite<\/a>.<\/p>\n<\/div><\/div>\n\n\n\n<p><strong>Unser Angebot:<\/strong><\/p>\n\n\n\n<ul class=\"wp-block-list\">\n<li>Spielfl\u00e4che f\u00fcr 200+ Spieler<\/li>\n\n\n\n<li>Turniere f\u00fcr Magic: The Gathering und One Piece mit epischen Preisen (Preispool \u00fcber 2000\u20ac)<\/li>\n\n\n\n<li>Shop mit reichhaltigem Angebot aus unserem Sortiment aus z.B. Magic: The Gathering, Pok\u00e9mon, Yu-Gi-Oh!, Dragonball Super, One Piece, Flesh and Blood, Wei\u00df Schwarz, Zubeh\u00f6r und vieles mehr.<\/li>\n\n\n\n<li>Pok\u00e9monjagd f\u00fcr die J\u00fcngeren Teilnehmer<\/li>\n\n\n\n<li>Trading Area<\/li>\n\n\n\n<li>Food u. Drink Area<\/li>\n\n\n\n<li>Brettspiele<\/li>\n\n\n\n<li>Retro Games<\/li>\n\n\n\n<li><a href=\"https:\/\/melnibone.at\/shop\/index.php\/rahmenprogramm\/\" data-type=\"URL\" data-id=\"https:\/\/melnibone.at\/shop\/index.php\/rahmenprogramm\/\">Rahmenprogramm<\/a><\/li>\n\n\n\n<li><a href=\"https:\/\/melnibone.at\/shop\/index.php\/regionales\/\" data-type=\"URL\" data-id=\"https:\/\/melnibone.at\/shop\/index.php\/regionales\/\">Regionale<\/a> Aktivit\u00e4ten abseits des Events<\/li>\n\n\n\n<li>weitere Angebote folgen<\/li>\n<\/ul>\n\n\n\n<p>Falls ihr etwas vermisst, schickt uns eine Anfrage an magic@melnibone.at.<\/p>\n\n\n\n<figure class=\"wp-block-image size-large is-resized is-style-default\"><img loading=\"lazy\" decoding=\"async\" src=\"https:\/\/melnibone.at\/shop\/wp-content\/uploads\/2023\/03\/Screenshot-2023-03-14-224632-1024x355.jpg\" alt=\"\" class=\"wp-image-758\" width=\"768\" height=\"266\" srcset=\"https:\/\/melnibone.at\/shop\/wp-content\/uploads\/2023\/03\/Screenshot-2023-03-14-224632-1024x355.jpg 1024w, https:\/\/melnibone.at\/shop\/wp-content\/uploads\/2023\/03\/Screenshot-2023-03-14-224632-300x104.jpg 300w, https:\/\/melnibone.at\/shop\/wp-content\/uploads\/2023\/03\/Screenshot-2023-03-14-224632-768x266.jpg 768w, https:\/\/melnibone.at\/shop\/wp-content\/uploads\/2023\/03\/Screenshot-2023-03-14-224632-1536x532.jpg 1536w, https:\/\/melnibone.at\/shop\/wp-content\/uploads\/2023\/03\/Screenshot-2023-03-14-224632-2048x709.jpg 2048w, https:\/\/melnibone.at\/shop\/wp-content\/uploads\/2023\/03\/Screenshot-2023-03-14-224632-600x208.jpg 600w\" sizes=\"auto, (max-width: 768px) 100vw, 768px\" \/><\/figure>\n\n\n\n<p><\/p>\n\n\n\n<p><strong>Aktuelles:<\/strong><\/p>\n\n\n\n<ul class=\"wp-block-list\">\n<li>Anfragen gewerblicher Anbieter zu einem eigenen Eventstand, direkt per Email an magic@melnibone.at.<\/li>\n<\/ul>\n\n\n\n<ul class=\"wp-block-list\">\n<li>Wir konnten Ultimate Guard als Sponsor f\u00fcr das Event gewinnen und der WPN Store &#8218;Trading Cards United&#8216; aus Graz \u00fcbernimmt die Turnierverwaltung.<\/li>\n<\/ul>\n","protected":false},"excerpt":{"rendered":"<p>Die ersten &#8218;melnibone Trading Card Days&#8218; bieten euch einen Platz zum Spielen, Tauschen und Sammeln mit Freunden. Wir freuen uns auf eure Teilnahme, Tickets bekommt ihr auf der Ticketseite. Unser Angebot: Falls ihr etwas vermisst, schickt uns eine Anfrage an magic@melnibone.at. Aktuelles:<\/p>\n","protected":false},"author":1,"featured_media":0,"parent":0,"menu_order":0,"comment_status":"closed","ping_status":"closed","template":"","meta":{"footnotes":""},"class_list":["post-718","page","type-page","status-publish","hentry"],"_links":{"self":[{"href":"https:\/\/melnibone.at\/shop\/index.php\/wp-json\/wp\/v2\/pages\/718","targetHints":{"allow":["GET"]}}],"collection":[{"href":"https:\/\/melnibone.at\/shop\/index.php\/wp-json\/wp\/v2\/pages"}],"about":[{"href":"https:\/\/melnibone.at\/shop\/index.php\/wp-json\/wp\/v2\/types\/page"}],"author":[{"embeddable":true,"href":"https:\/\/melnibone.at\/shop\/index.php\/wp-json\/wp\/v2\/users\/1"}],"replies":[{"embeddable":true,"href":"https:\/\/melnibone.at\/shop\/index.php\/wp-json\/wp\/v2\/comments?post=718"}],"version-history":[{"count":24,"href":"https:\/\/melnibone.at\/shop\/index.php\/wp-json\/wp\/v2\/pages\/718\/revisions"}],"predecessor-version":[{"id":1786,"href":"https:\/\/melnibone.at\/shop\/index.php\/wp-json\/wp\/v2\/pages\/718\/revisions\/1786"}],"wp:attachment":[{"href":"https:\/\/melnibone.at\/shop\/index.php\/wp-json\/wp\/v2\/media?parent=718"}],"curies":[{"name":"wp","href":"https:\/\/api.w.org\/{rel}","templated":true}]}}