{"id":720,"date":"2023-03-13T23:51:39","date_gmt":"2023-03-13T22:51:39","guid":{"rendered":"https:\/\/melnibone.at\/shop\/?page_id=720"},"modified":"2023-07-16T17:26:19","modified_gmt":"2023-07-16T15:26:19","slug":"rahmenprogramm","status":"publish","type":"page","link":"https:\/\/melnibone.at\/shop\/index.php\/rahmenprogramm\/","title":{"rendered":"Rahmenprogramm"},"content":{"rendered":"\n<p class=\"has-medium-font-size\"><strong>Brettspiele <\/strong>(by <a href=\"https:\/\/brettspielsonntag.at\/\" target=\"_blank\" rel=\"noreferrer noopener\">Brettspielsonntag<\/a>)<\/p>\n\n\n\n<p>Was ist der Brettspielsonntag? Der Brettspielsonntag ist ein Treffpunkt f\u00fcr alle Brettspielbegeisterten in Graz und die, die es noch werden wollen! Was euch bei uns erwartet? Ihr habt die M\u00f6glichkeit gratis eine Unmenge an Spielen von Einsteiger- bis zum Expertenniveau in ungezwungener Atmosph\u00e4re auszuprobieren. Auf Wunsch gibt es nat\u00fcrlich auch eine Beratung und Regelerkl\u00e4rung.<\/p>\n\n\n\n<p>Diesmal direkt am Event mit einigen Spielen vertreten.<\/p>\n\n\n\n<figure class=\"wp-block-gallery has-nested-images columns-default is-cropped wp-block-gallery-1 is-layout-flex wp-block-gallery-is-layout-flex\">\n<figure class=\"wp-block-image size-medium\"><img loading=\"lazy\" decoding=\"async\" width=\"300\" height=\"197\" data-id=\"1771\" src=\"https:\/\/melnibone.at\/shop\/wp-content\/uploads\/2023\/07\/1e321f09-563d-4eeb-9a29-58350aae39db-300x197.jpg\" alt=\"\" class=\"wp-image-1771\" srcset=\"https:\/\/melnibone.at\/shop\/wp-content\/uploads\/2023\/07\/1e321f09-563d-4eeb-9a29-58350aae39db-300x197.jpg 300w, https:\/\/melnibone.at\/shop\/wp-content\/uploads\/2023\/07\/1e321f09-563d-4eeb-9a29-58350aae39db-1024x671.jpg 1024w, https:\/\/melnibone.at\/shop\/wp-content\/uploads\/2023\/07\/1e321f09-563d-4eeb-9a29-58350aae39db-768x503.jpg 768w, https:\/\/melnibone.at\/shop\/wp-content\/uploads\/2023\/07\/1e321f09-563d-4eeb-9a29-58350aae39db-380x250.jpg 380w, https:\/\/melnibone.at\/shop\/wp-content\/uploads\/2023\/07\/1e321f09-563d-4eeb-9a29-58350aae39db-600x393.jpg 600w, https:\/\/melnibone.at\/shop\/wp-content\/uploads\/2023\/07\/1e321f09-563d-4eeb-9a29-58350aae39db.jpg 1512w\" sizes=\"auto, (max-width: 300px) 100vw, 300px\" \/><\/figure>\n\n\n\n<figure class=\"wp-block-image size-medium\"><img loading=\"lazy\" decoding=\"async\" width=\"300\" height=\"201\" data-id=\"1772\" src=\"https:\/\/melnibone.at\/shop\/wp-content\/uploads\/2023\/07\/7b8f57a9-1a6b-4f71-adee-e9a519b1b699-300x201.jpg\" alt=\"\" class=\"wp-image-1772\" srcset=\"https:\/\/melnibone.at\/shop\/wp-content\/uploads\/2023\/07\/7b8f57a9-1a6b-4f71-adee-e9a519b1b699-300x201.jpg 300w, https:\/\/melnibone.at\/shop\/wp-content\/uploads\/2023\/07\/7b8f57a9-1a6b-4f71-adee-e9a519b1b699-1024x685.jpg 1024w, https:\/\/melnibone.at\/shop\/wp-content\/uploads\/2023\/07\/7b8f57a9-1a6b-4f71-adee-e9a519b1b699-768x514.jpg 768w, https:\/\/melnibone.at\/shop\/wp-content\/uploads\/2023\/07\/7b8f57a9-1a6b-4f71-adee-e9a519b1b699-600x401.jpg 600w, https:\/\/melnibone.at\/shop\/wp-content\/uploads\/2023\/07\/7b8f57a9-1a6b-4f71-adee-e9a519b1b699.jpg 1512w\" sizes=\"auto, (max-width: 300px) 100vw, 300px\" \/><\/figure>\n<\/figure>\n\n\n\n<div style=\"height:100px\" aria-hidden=\"true\" class=\"wp-block-spacer\"><\/div>\n\n\n\n<p class=\"has-medium-font-size\"><strong>Play Zone<\/strong><\/p>\n\n\n\n<p>Du wolltest schon immer ein neues TCG ausprobieren? Spiele mit Profis und lerne Magic: The Gathering, One Piece, Pok\u00e9mon, Yu-Gi-Oh! uvm &#8230;<\/p>\n\n\n\n<figure class=\"wp-block-image size-large is-resized\"><img loading=\"lazy\" decoding=\"async\" src=\"https:\/\/melnibone.at\/shop\/wp-content\/uploads\/2023\/06\/Unbenannt-1024x297.jpg\" alt=\"\" class=\"wp-image-1495\" width=\"1198\" height=\"348\" srcset=\"https:\/\/melnibone.at\/shop\/wp-content\/uploads\/2023\/06\/Unbenannt-1024x297.jpg 1024w, https:\/\/melnibone.at\/shop\/wp-content\/uploads\/2023\/06\/Unbenannt-300x87.jpg 300w, https:\/\/melnibone.at\/shop\/wp-content\/uploads\/2023\/06\/Unbenannt-768x223.jpg 768w, https:\/\/melnibone.at\/shop\/wp-content\/uploads\/2023\/06\/Unbenannt-600x174.jpg 600w, https:\/\/melnibone.at\/shop\/wp-content\/uploads\/2023\/06\/Unbenannt.jpg 1506w\" sizes=\"auto, (max-width: 1198px) 100vw, 1198px\" \/><\/figure>\n\n\n\n<div style=\"height:100px\" aria-hidden=\"true\" class=\"wp-block-spacer\"><\/div>\n\n\n\n<p class=\"has-medium-font-size\"><strong>Booster Battle Area<\/strong><\/p>\n\n\n\n<p>Tretet gegen gegeneinander in der Battle Area an. Egal welches TCG ob mit Pok\u00e9mon, Magic: The Gathering, Wei\u00df Schwarz oder z.B. Flesh and Blood messe dich mit Anderen.<\/p>\n\n\n\n<figure class=\"wp-block-image size-full is-resized\"><img loading=\"lazy\" decoding=\"async\" src=\"https:\/\/melnibone.at\/shop\/wp-content\/uploads\/2023\/03\/bb.png\" alt=\"\" class=\"wp-image-862\" width=\"1200\" height=\"395\" srcset=\"https:\/\/melnibone.at\/shop\/wp-content\/uploads\/2023\/03\/bb.png 632w, https:\/\/melnibone.at\/shop\/wp-content\/uploads\/2023\/03\/bb-300x99.png 300w, https:\/\/melnibone.at\/shop\/wp-content\/uploads\/2023\/03\/bb-600x197.png 600w\" sizes=\"auto, (max-width: 1200px) 100vw, 1200px\" \/><\/figure>\n\n\n\n<div style=\"height:100px\" aria-hidden=\"true\" class=\"wp-block-spacer\"><\/div>\n\n\n\n<p class=\"has-medium-font-size\"><strong>Gaming \/ Chill Zone<\/strong><\/p>\n\n\n\n<p>Retro Games und chillen, alles hier m\u00f6glich dank den Jungs von der <a href=\"https:\/\/www.vulkanlan.at\/\">Vulkanlan <\/a><\/p>\n\n\n\n<figure class=\"wp-block-image size-full is-resized\"><img loading=\"lazy\" decoding=\"async\" src=\"https:\/\/melnibone.at\/shop\/wp-content\/uploads\/2023\/06\/retro_small.jpg\" alt=\"\" class=\"wp-image-1582\" width=\"1199\" height=\"783\" srcset=\"https:\/\/melnibone.at\/shop\/wp-content\/uploads\/2023\/06\/retro_small.jpg 852w, https:\/\/melnibone.at\/shop\/wp-content\/uploads\/2023\/06\/retro_small-300x196.jpg 300w, https:\/\/melnibone.at\/shop\/wp-content\/uploads\/2023\/06\/retro_small-768x501.jpg 768w, https:\/\/melnibone.at\/shop\/wp-content\/uploads\/2023\/06\/retro_small-800x521.jpg 800w, https:\/\/melnibone.at\/shop\/wp-content\/uploads\/2023\/06\/retro_small-600x392.jpg 600w\" sizes=\"auto, (max-width: 1199px) 100vw, 1199px\" \/><\/figure>\n\n\n\n<div style=\"height:100px\" aria-hidden=\"true\" class=\"wp-block-spacer\"><\/div>\n\n\n\n<p class=\"has-medium-font-size\"><strong>Tattoo Area<\/strong> (by <a href=\"https:\/\/www.instagram.com\/sabienenstich_tattoo\/\" target=\"_blank\" rel=\"noreferrer noopener\">sabienenstich_tattoo<\/a> und <a href=\"https:\/\/www.instagram.com\/shootinkstar_tattoo\/\" target=\"_blank\" rel=\"noreferrer noopener\">shootinkstar_tattoo<\/a>&nbsp;)<\/p>\n\n\n\n<p>Ich wolltet euch schon immer euren Lieblings TCG oder Anime Charakter verewigen lassen? Direkt am Event m\u00f6glich.<\/p>\n\n\n\n<figure class=\"wp-block-image size-large is-resized\"><img loading=\"lazy\" decoding=\"async\" src=\"https:\/\/melnibone.at\/shop\/wp-content\/uploads\/2023\/06\/tattoo-1024x268.jpg\" alt=\"\" class=\"wp-image-1586\" width=\"1199\" height=\"313\" srcset=\"https:\/\/melnibone.at\/shop\/wp-content\/uploads\/2023\/06\/tattoo-1024x268.jpg 1024w, https:\/\/melnibone.at\/shop\/wp-content\/uploads\/2023\/06\/tattoo-300x78.jpg 300w, https:\/\/melnibone.at\/shop\/wp-content\/uploads\/2023\/06\/tattoo-768x201.jpg 768w, https:\/\/melnibone.at\/shop\/wp-content\/uploads\/2023\/06\/tattoo-600x157.jpg 600w, https:\/\/melnibone.at\/shop\/wp-content\/uploads\/2023\/06\/tattoo.jpg 1212w\" sizes=\"auto, (max-width: 1199px) 100vw, 1199px\" \/><\/figure>\n\n\n\n<figure class=\"wp-block-image size-large is-resized\"><img loading=\"lazy\" decoding=\"async\" src=\"https:\/\/melnibone.at\/shop\/wp-content\/uploads\/2023\/06\/tattoo2-1024x301.jpg\" alt=\"\" class=\"wp-image-1682\" width=\"1198\" height=\"352\" srcset=\"https:\/\/melnibone.at\/shop\/wp-content\/uploads\/2023\/06\/tattoo2-1024x301.jpg 1024w, https:\/\/melnibone.at\/shop\/wp-content\/uploads\/2023\/06\/tattoo2-300x88.jpg 300w, https:\/\/melnibone.at\/shop\/wp-content\/uploads\/2023\/06\/tattoo2-768x226.jpg 768w, https:\/\/melnibone.at\/shop\/wp-content\/uploads\/2023\/06\/tattoo2-1536x452.jpg 1536w, https:\/\/melnibone.at\/shop\/wp-content\/uploads\/2023\/06\/tattoo2-600x176.jpg 600w, https:\/\/melnibone.at\/shop\/wp-content\/uploads\/2023\/06\/tattoo2.jpg 1558w\" sizes=\"auto, (max-width: 1198px) 100vw, 1198px\" \/><\/figure>\n\n\n\n<div style=\"height:100px\" aria-hidden=\"true\" class=\"wp-block-spacer\"><\/div>\n\n\n\n<p class=\"has-medium-font-size\"><strong>Cosplay <\/strong>(mit Online Voting)<\/p>\n\n\n\n<p>Komm auf unser Event im Cosplay als dein Lieblings-Pok\u00e9mon, Magic Planeswalker oder z.B. One Piece Charakter, lass dich fotografieren und von unserer Community bewerten. Wir Verlosen einen Preis unter den Teilnehmern, dazu gibt es 20 TIX beim ersten Erscheinen mit Cosplay am Event. (Voting l\u00e4uft von Freitag, 21.07 bis Sonntag, 30.07)<\/p>\n\n\n\n<figure class=\"wp-block-image size-full is-resized\"><img loading=\"lazy\" decoding=\"async\" src=\"https:\/\/melnibone.at\/shop\/wp-content\/uploads\/2023\/03\/cosp.png\" alt=\"\" class=\"wp-image-731\" width=\"1201\" height=\"435\" srcset=\"https:\/\/melnibone.at\/shop\/wp-content\/uploads\/2023\/03\/cosp.png 632w, https:\/\/melnibone.at\/shop\/wp-content\/uploads\/2023\/03\/cosp-300x109.png 300w, https:\/\/melnibone.at\/shop\/wp-content\/uploads\/2023\/03\/cosp-600x217.png 600w\" sizes=\"auto, (max-width: 1201px) 100vw, 1201px\" \/><\/figure>\n\n\n\n<div style=\"height:100px\" aria-hidden=\"true\" class=\"wp-block-spacer\"><\/div>\n\n\n\n<p class=\"has-medium-font-size\"><strong>Tauschb\u00f6rse<\/strong><\/p>\n\n\n\n<p>Ihr habt viel zu viele Karten? Sucht neue Staples f\u00fcr euer Deck? Wollt Yu-Gi-Oh! gegen Pok\u00e9mon oder z.B. Flesh and Blood tauschen? Hier ist der richtige Ort daf\u00fcr. Nehmt eure Trade Binder mit!<\/p>\n\n\n\n<figure class=\"wp-block-image size-full is-resized\"><img loading=\"lazy\" decoding=\"async\" src=\"https:\/\/melnibone.at\/shop\/wp-content\/uploads\/2023\/03\/trade.png\" alt=\"\" class=\"wp-image-732\" width=\"1199\" height=\"539\" srcset=\"https:\/\/melnibone.at\/shop\/wp-content\/uploads\/2023\/03\/trade.png 632w, https:\/\/melnibone.at\/shop\/wp-content\/uploads\/2023\/03\/trade-300x135.png 300w, https:\/\/melnibone.at\/shop\/wp-content\/uploads\/2023\/03\/trade-600x270.png 600w\" sizes=\"auto, (max-width: 1199px) 100vw, 1199px\" \/><\/figure>\n","protected":false},"excerpt":{"rendered":"<p>Brettspiele (by Brettspielsonntag) Was ist der Brettspielsonntag? Der Brettspielsonntag ist ein Treffpunkt f\u00fcr alle Brettspielbegeisterten in Graz und die, die es noch werden wollen! Was euch bei uns erwartet? Ihr habt die M\u00f6glichkeit gratis eine Unmenge an Spielen von Einsteiger- bis zum Expertenniveau in ungezwungener Atmosph\u00e4re auszuprobieren. Auf Wunsch gibt es nat\u00fcrlich auch eine Beratung [&hellip;]<\/p>\n","protected":false},"author":1,"featured_media":0,"parent":0,"menu_order":0,"comment_status":"closed","ping_status":"closed","template":"","meta":{"footnotes":""},"class_list":["post-720","page","type-page","status-publish","hentry"],"_links":{"self":[{"href":"https:\/\/melnibone.at\/shop\/index.php\/wp-json\/wp\/v2\/pages\/720","targetHints":{"allow":["GET"]}}],"collection":[{"href":"https:\/\/melnibone.at\/shop\/index.php\/wp-json\/wp\/v2\/pages"}],"about":[{"href":"https:\/\/melnibone.at\/shop\/index.php\/wp-json\/wp\/v2\/types\/page"}],"author":[{"embeddable":true,"href":"https:\/\/melnibone.at\/shop\/index.php\/wp-json\/wp\/v2\/users\/1"}],"replies":[{"embeddable":true,"href":"https:\/\/melnibone.at\/shop\/index.php\/wp-json\/wp\/v2\/comments?post=720"}],"version-history":[{"count":23,"href":"https:\/\/melnibone.at\/shop\/index.php\/wp-json\/wp\/v2\/pages\/720\/revisions"}],"predecessor-version":[{"id":1778,"href":"https:\/\/melnibone.at\/shop\/index.php\/wp-json\/wp\/v2\/pages\/720\/revisions\/1778"}],"wp:attachment":[{"href":"https:\/\/melnibone.at\/shop\/index.php\/wp-json\/wp\/v2\/media?parent=720"}],"curies":[{"name":"wp","href":"https:\/\/api.w.org\/{rel}","templated":true}]}}