{"id":78,"date":"2022-05-01T17:40:52","date_gmt":"2022-05-01T15:40:52","guid":{"rendered":"https:\/\/melnibone.at\/shop\/?page_id=78"},"modified":"2023-06-28T11:10:19","modified_gmt":"2023-06-28T09:10:19","slug":"allgemeine-geschaeftsbedingungen","status":"publish","type":"page","link":"https:\/\/melnibone.at\/shop\/index.php\/allgemeine-geschaeftsbedingungen\/","title":{"rendered":"<strong>Allgemeine Gesch\u00e4ftsbedingungen<\/strong>"},"content":{"rendered":"\n<p>Alle unsere angegebenen Preise sind in Euro und beinhalten die in \u00d6sterreich gesetzlich festgelegte Mehrwertsteuer, welche auch gesondert auf der Rechnung ausgewiesen wird. Die Preise unterliegen den Schwankungen des Marktes und k\u00f6nnen jederzeit, auch ohne vorherige Ank\u00fcndigung ge\u00e4ndert werden. Bei Preiserh\u00f6hungen werden wir vor einer Auslieferung R\u00fccksprache nehmen. Die automatische AUFTRAGSBEST\u00c4TIGUNG stellt keinen Kaufvertrag dar!<\/p>\n\n\n\n<p>Es handelt sich hierbei noch nicht um die Best\u00e4tigung der Bestellung, denn diese ist von der Verf\u00fcgbarkeit der Artikel in unserem tats\u00e4chlichen Warenbestand sowie der Produktion und Lieferzeit unserer Lieferanten, insbesondere bei Vorbestellungen, abh\u00e4ngig. Sollten die Artikel verf\u00fcgbar sein, erh\u00e4ltst du von uns zeitnah eine Bestellbest\u00e4tigung oder Rechnung per Mail. F\u00fcr Produktbestellungen au\u00dferhalb der EU (inkl. Schweiz) berechnen wir keine Mehrwertsteuer, welche so gut wie immer 20% ausmacht. Daf\u00fcr wird gegebenenfalls eine Einfuhrumsatzssteuer f\u00e4llig (abh\u00e4ngig vom Land, in das geliefert wird) und\/oder etwaige Z\u00f6lle. F\u00fcr diese Abgaben sind wir nicht verantwortlich. Dies gilt allerdings nicht f\u00fcr Einzelkartenbestellungen, bei denen wir im Sinne des \u00a724 Abs. 1 UStG 1994 auch au\u00dferhalb der EU die Differenzbesteuerung anwenden!<\/p>\n\n\n\n<p>Wie funktioniert der Bestellvorgang?<\/p>\n\n\n\n<p>Die von uns angebotenen Artikel k\u00f6nnen w\u00e4hrend unseren Gesch\u00e4ftszeiten in unseren Ladengesch\u00e4ften, telefonisch oder mittels unserem Online-Shop bestellt werden. Hierbei alle gew\u00fcnschten Artikel in den Warenkorb legen. Danach einfach auf diesen klicken und den weiteren Anweisungen folgen. Bei einer Bestellung von Einzelkarten bitte nicht vergessen die gew\u00fcnschte Sprache und Edition auszuw\u00e4hlen. Nach der Adresseneingabe und der Auswahl der Zahlungsart bekommst du vor der Abgabe deiner Bestellung eine genaue Aufstellung deiner Bestellung. Erkl\u00e4rst du dich mit unseren Allgemeinen Gesch\u00e4ftsbedingungen einverstanden, ist der Bestellvorgang abgeschlossen und du bekommst eine automatisierte AUFTRAGSBEST\u00c4TIGUNG und nach der Bearbeitung deiner Bestellung unsererseits ein Mail zur endg\u00fcltigen Best\u00e4tigung. Falls Artikel \u2013 speziell Einzelkarten \u2013 nicht geliefert werden k\u00f6nnen, bitten wir die Bestellung zu einem sp\u00e4teren Zeitpunkt gegebenenfalls zu wiederholen.<\/p>\n\n\n\n<p>Der Mindestbestellwert betr\u00e4gt 10,- Euro. Die Ablehnung von Auftr\u00e4gen, auch ohne Angabe von Gr\u00fcnden, behalten wir uns vor. Minderj\u00e4hrigen unter 16 Jahren ist eine Bestellung nur mit Zustimmung der Eltern gestattet.<\/p>\n\n\n\n<p>Versandkosten sind in den angegebenen Preisen nicht inbegriffen. Besteht die Bestellung nur aus Einzelkarten, entf\u00e4llt f\u00fcr Sendungen innerhalb von \u00d6sterreich der Versandkostenanteil, wenn der Bestellwert mindestens 50,- Euro erreicht. Die jeweiligen Versandkosten sind bei der Bestellung \u00fcber unsere Website gesondert ausgewiesen bzw. dieser Tabelle zu entnehmen:<\/p>\n\n\n\n<figure class=\"wp-block-table\"><table><tbody><tr><td>Porto und Verpackungsgeb\u00fchren<\/td><td>\u00d6sterreich<\/td><td>Deutschland<\/td><td>Europa<\/td><td>\u00dcbersee<\/td><\/tr><tr><td>Einzelkartenbestellung bis 50 \u20ac<\/td><td>4,90 \u20ac<\/td><td>9,90 \u20ac<\/td><td>9,90 \u20ac<\/td><td>ab 15.- \u20ac<\/td><\/tr><tr><td>Einzelkartenbestellung ab 100 \u20ac<\/td><td>0.- \u20ac<\/td><td>9,90 \u20ac<\/td><td>9,90 \u20ac<\/td><td>ab 15.- \u20ac<\/td><\/tr><tr><td>Artikelbestellung<\/td><td>9,90 \u20ac<\/td><td>15,90 \u20ac<\/td><td>19,90 \u20ac<\/td><td>ab 35,00 \u20ac<\/td><\/tr><tr><td>EMS&nbsp;<a href=\"https:\/\/spielraum.co.at\/de\/agb\/ems-erklaerung.aspx\">(Expressversand)<\/a><\/td><td>auf Anfrage<\/td><td>auf Anfrage<\/td><td>auf Anfrage<\/td><td>auf Anfrage<\/td><\/tr><tr><td>Nachnahmegeb\u00fchr (zus\u00e4tzlich zum Porto)<\/td><td>5.- \u20ac<\/td><td>12.- \u20ac<\/td><td>12.- \u20ac<\/td><td>\u2013<\/td><\/tr><\/tbody><\/table><\/figure>\n\n\n\n<p>Die Lieferung der Artikel ist versichert und erfolgt grunds\u00e4tzlich zu dem zum Zeitpunkt der Bestellung g\u00fcltigen Preis und in der Regel noch am selben Tag durch Post oder Kurierdienst an die vom Besteller angegebene Lieferadresse. Innerhalb \u00d6sterreichs dauert sie zirka 1 bis 3 Tage. Ins Ausland im Durchschnitt 3 bis 5 Tage, in seltenen F\u00e4llen auch bis zu 14 Werktage. Einzelkarten werden in Luftpolstertaschen verschickt. Sie k\u00f6nnen jederzeit nach einer Sendungsnummer fragen. Bei Vorbestellungen erfolgt die Lieferung unter dem Vorbehalt, dass wir selbst richtig und rechtzeitig beliefert werden und die fehlende Verf\u00fcgbarkeit nicht zu vertreten haben. Eine Lieferverf\u00fcgbarkeit aller Artikel wird zwar angestrebt, jedoch nicht garantiert.<\/p>\n\n\n\n<p>Du kannst zwischen verschiedenen Zahlungsarten w\u00e4hlen:<\/p>\n\n\n\n<figure class=\"wp-block-image\"><img decoding=\"async\" src=\"https:\/\/lh5.googleusercontent.com\/AZWEqkPa2bH-S7u9esC_3YvaJcEsELh2Q9OtYr08OEk-0iRmOSvSkdfHWVTcbV1Aacay72wZ024cGZy9nEjOwT33e8yDndD-TYX3QaAi8i1jfC3lpW7U6h-0u0rv9IsIaLLMYYk\" alt=\"\"\/><\/figure>\n\n\n\n<p>Je nach Vereinbarung sind Rechnungen per PayPal, Kreditkarte, eps-\u00dcberweisung oder Sofort\u00fcberweisung (mittels sich \u00f6ffnendem Zahlungsfenster w\u00e4hrend des Zahlungsvorganges), Bank\u00fcberweisung (mittels selbst\u00e4ndiger \u00dcberweisung an unsere&nbsp;<a href=\"https:\/\/spielraum.co.at\/de\/imprint\/imprint.aspx\">Bankverbindung<\/a>), Nachnahme (zus\u00e4tzliche Geb\u00fchr der Post),&nbsp;<a href=\"https:\/\/spielraum.co.at\/de\/paysafecash.aspx\">Paysafecash<\/a>&nbsp;oder Vorkasse (bitte nur die Bestellnummer als Verwendungszweck angeben) zahlbar. Ist Vorkasse vereinbart, hat die Zahlung innerhalb von sieben Tagen auf unser Konto einzugehen, ansonsten gilt die Bestellung als storniert. Rechnungsbetr\u00e4ge sind innerhalb von 14 Tagen ohne Abzug zur Zahlung f\u00e4llig. Bei Verzug und notwendiger Zahlungserinnerung behalten wir uns f\u00fcr jede Mahnung zur Abgeltung des entstandenen Verwaltungsaufwandes die Erhebung einer Mahngeb\u00fchr in der H\u00f6he von 15,- Euro vor. In weiterer Folge kann es zu erheblichen Geb\u00fchren durch unser Inkassob\u00fcro kommen.<\/p>\n\n\n\n<p>Dein Vertrauen ist uns wichtig. Alle Mitarbeiter von Melnibone TCG SHOP nehmen daher den Schutz deiner pers\u00f6nlichen Daten sehr ernst und halten sich strikt an das Datenschutzgesetz.&nbsp;<\/p>\n\n\n\n<p>Wir sind berechtigt, die im Zusammenhang mit der Gesch\u00e4ftsbeziehung erhaltenen Daten zu speichern und zu verarbeiten, soweit dies f\u00fcr die Gesch\u00e4ftsbeziehung nach den Bestimmungen der Datenschutz-Grundverordnung erforderlich ist. Personenbezogene Daten werden nur erhoben, wenn du uns diese im Rahmen deiner Warenbestellung oder bei Er\u00f6ffnung eines Kundenkontos freiwillig mitteilst. Wir verwenden die von dir mitgeteilten Daten ohne gesonderte Einwilligung ausschlie\u00dflich zur Erf\u00fcllung und Abwicklung deiner Bestellung. In keinem Fall werden aber erhobene Daten verkauft oder aus anderen Gr\u00fcnden an Dritte weitergegeben. Nach dem Bundesdatenschutzgesetz hast du jederzeit das Recht auf Auskunft, Berichtigung oder L\u00f6schung der bez\u00fcglich deiner Person gespeicherten Daten.<\/p>\n\n\n\n<p>Wir sichern unsere Website und sonstigen Systeme durch technische und organisatorische Ma\u00dfnahmen gegen Verlust, Zerst\u00f6rung, Zugriff, Ver\u00e4nderung oder Verbreitung deiner Daten durch unbefugte Personen. Der Zugang zu deinem Kundenkonto ist nur nach Eingabe deines pers\u00f6nlichen Passwortes m\u00f6glich. Du solltest deine Zugangsinformationen stets vertraulich behandeln und unsere Seite mit einem Logout verlassen oder das Browserfenster schlie\u00dfen, wenn du die Kommunikation mit uns beendet hast, insbesondere, wenn du den Computer gemeinsam mit anderen nutzt.<\/p>\n\n\n\n<p>Solltest du unseren Newsletter bestellen wollen, ben\u00f6tigen wir von dir lediglich deinen Namen und eine g\u00fcltige eMail-Adresse. Du kannst dich jederzeit von der Nutzung des Newsletters wieder abmelden.&nbsp;<\/p>\n\n\n\n<p>Falls du mit den von uns gelieferten Artikeln nicht zufrieden sein solltest, kannst du dein R\u00fccktrittsrecht im Rahmen der Bestimmungen des \u00f6sterreichischen Konsumentenschutzgesetzes in Anspruch nehmen und diese, sofern sie noch unbenutzt sind und sich im Auslieferungszustand befinden, innerhalb von 14 Tagen gegen volle R\u00fcckerstattung des Kaufpreises an uns zur\u00fccksenden. Ausgeschlossen sind Produkte die speziell f\u00fcr den Kunden nach Auftrag angefertigt wurden oder bereits direkt im Live Stream f\u00fcr den Kunden ge\u00f6ffnet wurden. Nicht ausreichend frankierte R\u00fccksendungen brauchen von uns nicht angenommen werden. Bei berechtigtem Gew\u00e4hrleistungsanspruch werden die Kosten der R\u00fccksendung von uns nachtr\u00e4glich ersetzt, wenn der Preis der zur\u00fcckgesendeten Artikel einen Betrag von 40,- Euro \u00fcbersteigt und bereits eine Zahlung erbracht worden ist. Falls die gelieferten Artikel nicht deiner Bestellung entsprechen, tragen nat\u00fcrlich immer wir die Kosten der R\u00fccksendung. Vor einer R\u00fccksendung ist unbedingt mit uns Kontakt aufzunehmen.<\/p>\n\n\n\n<p>Die Ware bleibt bis zur vollst\u00e4ndigen Zahlung des Kaufpreises unser Eigentum.<\/p>\n\n\n\n<p>Es gilt ausschlie\u00dflich \u00d6sterreichisches Recht. Gerichtsstand ist Feldbach.<\/p>\n\n\n<div class=\"woocommerce woocommerce-gzd woocommerce-gzd-complaints-shortcode\">\n\t\t\t<h3>Information gem. \u00a7 19 Abs 3 AStG<\/h3>\n\t\t<p>Alternative Streitbeilegung Gesetz - Online Gesch\u00e4fte<\/p>\n\t\nZur Teilnahme an einem Streitbeilegungsverfahren vor einer Verbraucherschlichtungsstelle sind wir nicht verpflichtet und nicht bereit.<\/div>\n","protected":false},"excerpt":{"rendered":"<p>Alle unsere angegebenen Preise sind in Euro und beinhalten die in \u00d6sterreich gesetzlich festgelegte Mehrwertsteuer, welche auch gesondert auf der Rechnung ausgewiesen wird. Die Preise unterliegen den Schwankungen des Marktes und k\u00f6nnen jederzeit, auch ohne vorherige Ank\u00fcndigung ge\u00e4ndert werden. Bei Preiserh\u00f6hungen werden wir vor einer Auslieferung R\u00fccksprache nehmen. Die automatische AUFTRAGSBEST\u00c4TIGUNG stellt keinen Kaufvertrag dar! [&hellip;]<\/p>\n","protected":false},"author":2,"featured_media":0,"parent":0,"menu_order":0,"comment_status":"closed","ping_status":"closed","template":"","meta":{"footnotes":""},"class_list":["post-78","page","type-page","status-publish","hentry"],"_links":{"self":[{"href":"https:\/\/melnibone.at\/shop\/index.php\/wp-json\/wp\/v2\/pages\/78","targetHints":{"allow":["GET"]}}],"collection":[{"href":"https:\/\/melnibone.at\/shop\/index.php\/wp-json\/wp\/v2\/pages"}],"about":[{"href":"https:\/\/melnibone.at\/shop\/index.php\/wp-json\/wp\/v2\/types\/page"}],"author":[{"embeddable":true,"href":"https:\/\/melnibone.at\/shop\/index.php\/wp-json\/wp\/v2\/users\/2"}],"replies":[{"embeddable":true,"href":"https:\/\/melnibone.at\/shop\/index.php\/wp-json\/wp\/v2\/comments?post=78"}],"version-history":[{"count":4,"href":"https:\/\/melnibone.at\/shop\/index.php\/wp-json\/wp\/v2\/pages\/78\/revisions"}],"predecessor-version":[{"id":1676,"href":"https:\/\/melnibone.at\/shop\/index.php\/wp-json\/wp\/v2\/pages\/78\/revisions\/1676"}],"wp:attachment":[{"href":"https:\/\/melnibone.at\/shop\/index.php\/wp-json\/wp\/v2\/media?parent=78"}],"curies":[{"name":"wp","href":"https:\/\/api.w.org\/{rel}","templated":true}]}}