{"id":844,"date":"2023-03-15T23:04:48","date_gmt":"2023-03-15T22:04:48","guid":{"rendered":"https:\/\/melnibone.at\/shop\/?page_id=844"},"modified":"2024-02-08T16:50:44","modified_gmt":"2024-02-08T15:50:44","slug":"hotel-pension","status":"publish","type":"page","link":"https:\/\/melnibone.at\/shop\/index.php\/hotel-pension\/","title":{"rendered":"Hotel \/ Pension"},"content":{"rendered":"\n<p>Wir k\u00f6nnen folgende <strong>Hotels<\/strong>, <strong>Pensionen <\/strong>oder auch <strong>Ferienwohnungen <\/strong>in der N\u00e4he der Veranstaltung empfehlen. Es empfiehlt sich, fr\u00fch genug&nbsp;zu buchen.<\/p>\n\n\n\n<p><strong>NEU <\/strong>&#8211; Direkt in Riegersburg gibt es ab M\u00e4rz 2024 das <strong>Camping Resort Riegersburg<\/strong> &#8211; <a href=\"https:\/\/riegersburg-camping.com\" target=\"_blank\" rel=\"noreferrer noopener\">https:\/\/riegersburg-camping.com<\/a><\/p>\n\n\n\n<p><\/p>\n\n\n\n<ul class=\"wp-block-list\">\n<li><a href=\"https:\/\/www.riegersburgerhof.at\/startseite.html\">https:\/\/www.riegersburgerhof.at\/startseite.html<\/a> &#8211; direkt im Ort<\/li>\n<\/ul>\n\n\n\n<ul class=\"wp-block-list\">\n<li><a href=\"https:\/\/www.dieriegersburg.at\/ferienwohnung\/\">https:\/\/www.dieriegersburg.at\/ferienwohnung\/<\/a> &#8211; Ferienwohnung direkt im Ort<\/li>\n<\/ul>\n\n\n\n<ul class=\"wp-block-list\">\n<li><a href=\"https:\/\/www.das-meister.com\/\">https:\/\/www.das-meister.com\/<\/a> &#8211; ca. 3min mit dem Auto, vom Veranstaltungsort entfernt<\/li>\n<\/ul>\n\n\n\n<ul class=\"wp-block-list\">\n<li><a href=\"https:\/\/www.steiermark.com\/de\/Thermen-Vulkanland\/Urlaub-planen\/Unterkuenfte-suchen-und-buchen\/Fruehstueckspension-Wagner-Fruehstueckspension-Riegersburg_ad-2079240?nearbySearchId=841673&amp;nearbySearchLat=47.0010857&amp;nearbySearchLong=15.9361051&amp;sorting=nearbySearchAsc\">Fr\u00fchst\u00fcckspension Wagner<\/a> &#8211; ca. 3min mit dem Auto vom Veranstaltungsort entfernt.&nbsp;<\/li>\n<\/ul>\n\n\n\n<ul class=\"wp-block-list\">\n<li><a href=\"https:\/\/www.genusshotel-riegersburg.at\/\">https:\/\/www.genusshotel-riegersburg.at\/<\/a> ca. 6min mit dem Auto vom Veranstatlungsort entfernt<\/li>\n<\/ul>\n\n\n\n<ul class=\"wp-block-list\">\n<li><a href=\"https:\/\/www.breitenfelderhof.com\/index.php#diepension\">https:\/\/www.breitenfelderhof.com\/index.php#diepension<\/a> &#8211; ca 8 min mit dem Auto vom Veranstaltungsort entfernt<\/li>\n<\/ul>\n\n\n\n<ul class=\"wp-block-list\">\n<li><a href=\"https:\/\/www.dasherbst.at\/\">https:\/\/www.dasherbst.at\/<\/a> &#8211; ca. 9min mit dem Auto vom Veranstatlungsort entfernt<\/li>\n<\/ul>\n\n\n\n<ul class=\"wp-block-list\">\n<li><a href=\"https:\/\/www.lava-inn.at\/\">https:\/\/www.lava-inn.at\/<\/a> &#8211; ca. 11min mit dem Auto vom Veranstaltungsort entfernt<\/li>\n<\/ul>\n\n\n\n<ul class=\"wp-block-list\">\n<li><a href=\"https:\/\/www.hoedl-kaplan.at\/de\/\">https:\/\/www.hoedl-kaplan.at\/de\/<\/a> &#8211; ca. 11min mit dem Auto vom Veranstaltungsort entfernt<\/li>\n<\/ul>\n\n\n\n<ul class=\"wp-block-list\">\n<li><a href=\"https:\/\/www.hotel-seminar-restaurant.at\/\">https:\/\/www.hotel-seminar-restaurant.at\/<\/a> &#8211; ca. 11min mit dem Auto vom Veranstaltungsort entfernt<\/li>\n<\/ul>\n\n\n\n<p><\/p>\n\n\n\n<p><\/p>\n\n\n\n<p>F\u00fcr die Outdoor Spezialisten gibt es auch einen <strong>Camping Platz<\/strong> in der N\u00e4he: <a href=\"https:\/\/www.camping-fuerstenfeld.at\/riegersburg\/\">Camping Fuerstenfeld<\/a><\/p>\n\n\n\n<p><\/p>\n","protected":false},"excerpt":{"rendered":"<p>Wir k\u00f6nnen folgende Hotels, Pensionen oder auch Ferienwohnungen in der N\u00e4he der Veranstaltung empfehlen. Es empfiehlt sich, fr\u00fch genug&nbsp;zu buchen. NEU &#8211; Direkt in Riegersburg gibt es ab M\u00e4rz 2024 das Camping Resort Riegersburg &#8211; https:\/\/riegersburg-camping.com F\u00fcr die Outdoor Spezialisten gibt es auch einen Camping Platz in der N\u00e4he: Camping Fuerstenfeld<\/p>\n","protected":false},"author":1,"featured_media":0,"parent":0,"menu_order":0,"comment_status":"closed","ping_status":"closed","template":"","meta":{"footnotes":""},"class_list":["post-844","page","type-page","status-publish","hentry"],"_links":{"self":[{"href":"https:\/\/melnibone.at\/shop\/index.php\/wp-json\/wp\/v2\/pages\/844","targetHints":{"allow":["GET"]}}],"collection":[{"href":"https:\/\/melnibone.at\/shop\/index.php\/wp-json\/wp\/v2\/pages"}],"about":[{"href":"https:\/\/melnibone.at\/shop\/index.php\/wp-json\/wp\/v2\/types\/page"}],"author":[{"embeddable":true,"href":"https:\/\/melnibone.at\/shop\/index.php\/wp-json\/wp\/v2\/users\/1"}],"replies":[{"embeddable":true,"href":"https:\/\/melnibone.at\/shop\/index.php\/wp-json\/wp\/v2\/comments?post=844"}],"version-history":[{"count":6,"href":"https:\/\/melnibone.at\/shop\/index.php\/wp-json\/wp\/v2\/pages\/844\/revisions"}],"predecessor-version":[{"id":2656,"href":"https:\/\/melnibone.at\/shop\/index.php\/wp-json\/wp\/v2\/pages\/844\/revisions\/2656"}],"wp:attachment":[{"href":"https:\/\/melnibone.at\/shop\/index.php\/wp-json\/wp\/v2\/media?parent=844"}],"curies":[{"name":"wp","href":"https:\/\/api.w.org\/{rel}","templated":true}]}}