{"id":888,"date":"2023-03-20T13:26:17","date_gmt":"2023-03-20T12:26:17","guid":{"rendered":"https:\/\/melnibone.at\/shop\/?page_id=888"},"modified":"2023-06-27T19:28:15","modified_gmt":"2023-06-27T17:28:15","slug":"aussteller-shop","status":"publish","type":"page","link":"https:\/\/melnibone.at\/shop\/index.php\/aussteller-shop\/","title":{"rendered":"Aussteller \/ Shop"},"content":{"rendered":"\n<p style=\"font-size:22px\"><strong>Magic Artist: Mathias Kollros<\/strong> (Fr &#8211; So)<\/p>\n\n\n\n<p>Der in Linz lebende Illustrator und Maler Mathias Kollros ist vor allem durch seine Arbeiten rund um das<br>Sammelkartenspiel Magic: the Gathering bekannt, seine Klienten und Sammler finden sich auf der ganzen Welt.<br>Seit \u00fcber einem Jahrzehnt werden fantastische Kreaturen und mythische Monster durch seine Bilder zum Leben erweckt.<br><\/p>\n\n\n\n<div class=\"wp-block-media-text alignwide is-stacked-on-mobile\"><figure class=\"wp-block-media-text__media\"><img loading=\"lazy\" decoding=\"async\" width=\"980\" height=\"720\" src=\"https:\/\/melnibone.at\/shop\/wp-content\/uploads\/2023\/05\/DarkDepths.jpg\" alt=\"\" class=\"wp-image-1318 size-full\" srcset=\"https:\/\/melnibone.at\/shop\/wp-content\/uploads\/2023\/05\/DarkDepths.jpg 980w, https:\/\/melnibone.at\/shop\/wp-content\/uploads\/2023\/05\/DarkDepths-300x220.jpg 300w, https:\/\/melnibone.at\/shop\/wp-content\/uploads\/2023\/05\/DarkDepths-768x564.jpg 768w, https:\/\/melnibone.at\/shop\/wp-content\/uploads\/2023\/05\/DarkDepths-600x441.jpg 600w\" sizes=\"auto, (max-width: 980px) 100vw, 980px\" \/><\/figure><div class=\"wp-block-media-text__content\">\n<figure class=\"wp-block-image size-large\"><img loading=\"lazy\" decoding=\"async\" width=\"1024\" height=\"753\" src=\"https:\/\/melnibone.at\/shop\/wp-content\/uploads\/2023\/05\/VoraciousGreatshark_small-1-1024x753.jpg\" alt=\"\" class=\"wp-image-1319\" srcset=\"https:\/\/melnibone.at\/shop\/wp-content\/uploads\/2023\/05\/VoraciousGreatshark_small-1-1024x753.jpg 1024w, https:\/\/melnibone.at\/shop\/wp-content\/uploads\/2023\/05\/VoraciousGreatshark_small-1-300x220.jpg 300w, https:\/\/melnibone.at\/shop\/wp-content\/uploads\/2023\/05\/VoraciousGreatshark_small-1-768x564.jpg 768w, https:\/\/melnibone.at\/shop\/wp-content\/uploads\/2023\/05\/VoraciousGreatshark_small-1-600x441.jpg 600w, https:\/\/melnibone.at\/shop\/wp-content\/uploads\/2023\/05\/VoraciousGreatshark_small-1.jpg 1181w\" sizes=\"auto, (max-width: 1024px) 100vw, 1024px\" \/><\/figure>\n\n\n\n<p><a href=\"https:\/\/scryfall.com\/search?as=grid&amp;order=name&amp;q=%28game%3Apaper%29+%28artist%3AMathias+artist%3AKollros%29\" target=\"_blank\" rel=\"noreferrer noopener\">Liste aller Magic: The Gathering Karten auf Scryfall<\/a><\/p>\n\n\n\n<figure class=\"wp-block-image size-large\"><img loading=\"lazy\" decoding=\"async\" width=\"1024\" height=\"800\" src=\"https:\/\/melnibone.at\/shop\/wp-content\/uploads\/2023\/05\/Rith_the_Awakener-1-1024x800.jpg\" alt=\"\" class=\"wp-image-1320\" srcset=\"https:\/\/melnibone.at\/shop\/wp-content\/uploads\/2023\/05\/Rith_the_Awakener-1-1024x800.jpg 1024w, https:\/\/melnibone.at\/shop\/wp-content\/uploads\/2023\/05\/Rith_the_Awakener-1-300x234.jpg 300w, https:\/\/melnibone.at\/shop\/wp-content\/uploads\/2023\/05\/Rith_the_Awakener-1-768x600.jpg 768w, https:\/\/melnibone.at\/shop\/wp-content\/uploads\/2023\/05\/Rith_the_Awakener-1-600x469.jpg 600w, https:\/\/melnibone.at\/shop\/wp-content\/uploads\/2023\/05\/Rith_the_Awakener-1.jpg 1250w\" sizes=\"auto, (max-width: 1024px) 100vw, 1024px\" \/><\/figure>\n<\/div><\/div>\n\n\n\n<p><a href=\"http:\/\/www.artstation.com\/guterrez\">www.artstation.com\/guterrez<\/a><\/p>\n\n\n\n<div style=\"height:100px\" aria-hidden=\"true\" class=\"wp-block-spacer\"><\/div>\n\n\n\n<p class=\"has-medium-font-size\"><strong>Alice Hoffmann<\/strong> (Fr &#8211; So)<\/p>\n\n\n\n<p>My name is Alice Hoffmann. I am a manga artist from Austria and have been creating personal art for nearly 20 years.\u200b<\/p>\n\n\n\n<div class=\"wp-block-group\"><div class=\"wp-block-group__inner-container is-layout-constrained wp-block-group-is-layout-constrained\">\n<figure class=\"wp-block-image size-full is-resized\"><img loading=\"lazy\" decoding=\"async\" src=\"https:\/\/melnibone.at\/shop\/wp-content\/uploads\/2023\/06\/Alice-Hoffmann_Banner.png\" alt=\"\" class=\"wp-image-1591\" width=\"809\" height=\"299\" srcset=\"https:\/\/melnibone.at\/shop\/wp-content\/uploads\/2023\/06\/Alice-Hoffmann_Banner.png 650w, https:\/\/melnibone.at\/shop\/wp-content\/uploads\/2023\/06\/Alice-Hoffmann_Banner-300x111.png 300w, https:\/\/melnibone.at\/shop\/wp-content\/uploads\/2023\/06\/Alice-Hoffmann_Banner-600x222.png 600w\" sizes=\"auto, (max-width: 809px) 100vw, 809px\" \/><\/figure>\n<\/div><\/div>\n\n\n\n<div style=\"height:100px\" aria-hidden=\"true\" class=\"wp-block-spacer\"><\/div>\n\n\n\n<p style=\"font-size:24px\"><strong>Sue\u2018s&nbsp;Poke&nbsp;Corner<\/strong> (Samstag + Sonntag)<\/p>\n\n\n\n<p>Hallo zusammen! Wir sind Susanna und Marc und wir freuen uns, euch pers\u00f6nlich zu treffen und euch einzigartige Produkte zu zeigen.&nbsp;<br>Wir verkaufen haupts\u00e4chlich handbemalte Pokemon Karten, Prints und Figuren. Extra f\u00fcr euch, haben wir Produkte aus anderen<br>TCG\u00b4s vorbereitet, von kleinen Schl\u00fcsselanh\u00e4ngern bis einzigartigen Karten ist alles dabei.&nbsp;<\/p>\n\n\n\n<p>Alle Produktpreise haben einen Messerabatt, somit ist f\u00fcr jeden etwas dabei.&nbsp;<br>Au\u00dferdem zeige ich, Susanna, euch vor Ort wie Karten bemalt werden.<\/p>\n\n\n\n<p>Besucht uns gerne bis dahin auf Instagram oder Etsy, um euch einen Eindruck zu verschaffen. (ACHTUNG: Produkte, die von Pok\u00e9mon abweichen, sind derzeit noch nicht Online einzusehen. Diese bereiten wir speziell f\u00fcr die Messe vor)<\/p>\n\n\n\n<div class=\"wp-block-media-text is-stacked-on-mobile is-vertically-aligned-center\" style=\"grid-template-columns:41% auto\"><figure class=\"wp-block-media-text__media\"><img loading=\"lazy\" decoding=\"async\" width=\"768\" height=\"1024\" src=\"https:\/\/melnibone.at\/shop\/wp-content\/uploads\/2023\/04\/IMG_1495-2-768x1024.jpg\" alt=\"\" class=\"wp-image-1130 size-full\" srcset=\"https:\/\/melnibone.at\/shop\/wp-content\/uploads\/2023\/04\/IMG_1495-2-768x1024.jpg 768w, https:\/\/melnibone.at\/shop\/wp-content\/uploads\/2023\/04\/IMG_1495-2-225x300.jpg 225w, https:\/\/melnibone.at\/shop\/wp-content\/uploads\/2023\/04\/IMG_1495-2-1152x1536.jpg 1152w, https:\/\/melnibone.at\/shop\/wp-content\/uploads\/2023\/04\/IMG_1495-2-1536x2048.jpg 1536w, https:\/\/melnibone.at\/shop\/wp-content\/uploads\/2023\/04\/IMG_1495-2-600x800.jpg 600w, https:\/\/melnibone.at\/shop\/wp-content\/uploads\/2023\/04\/IMG_1495-2-scaled.jpg 1920w\" sizes=\"auto, (max-width: 768px) 100vw, 768px\" \/><\/figure><div class=\"wp-block-media-text__content\">\n<figure class=\"wp-block-image size-large is-resized\"><img loading=\"lazy\" decoding=\"async\" src=\"https:\/\/melnibone.at\/shop\/wp-content\/uploads\/2023\/04\/IMG_8581-1-1024x768.jpg\" alt=\"\" class=\"wp-image-1131\" width=\"242\" height=\"182\" srcset=\"https:\/\/melnibone.at\/shop\/wp-content\/uploads\/2023\/04\/IMG_8581-1-1024x768.jpg 1024w, https:\/\/melnibone.at\/shop\/wp-content\/uploads\/2023\/04\/IMG_8581-1-300x225.jpg 300w, https:\/\/melnibone.at\/shop\/wp-content\/uploads\/2023\/04\/IMG_8581-1-768x576.jpg 768w, https:\/\/melnibone.at\/shop\/wp-content\/uploads\/2023\/04\/IMG_8581-1-1536x1152.jpg 1536w, https:\/\/melnibone.at\/shop\/wp-content\/uploads\/2023\/04\/IMG_8581-1-2048x1536.jpg 2048w, https:\/\/melnibone.at\/shop\/wp-content\/uploads\/2023\/04\/IMG_8581-1-600x450.jpg 600w\" sizes=\"auto, (max-width: 242px) 100vw, 242px\" \/><\/figure>\n\n\n\n<figure class=\"wp-block-image size-large is-resized\"><img loading=\"lazy\" decoding=\"async\" src=\"https:\/\/melnibone.at\/shop\/wp-content\/uploads\/2023\/04\/IMG_9380-2-768x1024.jpg\" alt=\"\" class=\"wp-image-1132\" width=\"243\" height=\"324\" srcset=\"https:\/\/melnibone.at\/shop\/wp-content\/uploads\/2023\/04\/IMG_9380-2-768x1024.jpg 768w, https:\/\/melnibone.at\/shop\/wp-content\/uploads\/2023\/04\/IMG_9380-2-225x300.jpg 225w, https:\/\/melnibone.at\/shop\/wp-content\/uploads\/2023\/04\/IMG_9380-2-1152x1536.jpg 1152w, https:\/\/melnibone.at\/shop\/wp-content\/uploads\/2023\/04\/IMG_9380-2-1536x2048.jpg 1536w, https:\/\/melnibone.at\/shop\/wp-content\/uploads\/2023\/04\/IMG_9380-2-600x800.jpg 600w, https:\/\/melnibone.at\/shop\/wp-content\/uploads\/2023\/04\/IMG_9380-2-scaled.jpg 1920w\" sizes=\"auto, (max-width: 243px) 100vw, 243px\" \/><\/figure>\n<\/div><\/div>\n\n\n\n<p><a rel=\"noreferrer noopener\" href=\"https:\/\/instagram.com\/sues_poke_art\" target=\"_blank\">INSTAGRAM<\/a> | <a rel=\"noreferrer noopener\" href=\"http:\/\/www.SuesPokeCorner.etsy.com\" target=\"_blank\">Etsy<\/a><\/p>\n\n\n\n<div style=\"height:100px\" aria-hidden=\"true\" class=\"wp-block-spacer\"><\/div>\n\n\n\n<p class=\"has-medium-font-size\"><strong>PCG-Germany<\/strong> (Samstag)<\/p>\n\n\n\n<p>Als Spezialisten f\u00fcr die Bewertung von Sammelkarten (Tradingkarten) ist es unser Ziel unseren Kunden den besten Service am derzeitigen Markt zu bieten. Da wir selbst leidenschaftliche Sammler von Tradingkarten sind, ist unser Fokus eine unabh\u00e4ngige, strenge aber faire Zustandsbewertung ihrer Sammelkarte(n).<\/p>\n\n\n\n<p>Ihr k\u00f6nnt Vorort direkt zum Eventpreis von <strong>15\u20ac<\/strong> pro Karte euch ein Grading von <a href=\"https:\/\/pcg-germany.de\/\">PCG Germany<\/a> sichern. Grades f\u00fcr: Pok\u00e9mon, Magic: The Gathering, One Piece, Sportkarten und  Yu-Gi-Oh!<\/p>\n\n\n\n<figure class=\"wp-block-image size-large is-resized\"><img loading=\"lazy\" decoding=\"async\" src=\"https:\/\/melnibone.at\/shop\/wp-content\/uploads\/2023\/03\/image-11-1024x365.png\" alt=\"\" class=\"wp-image-896\" width=\"768\" height=\"274\" srcset=\"https:\/\/melnibone.at\/shop\/wp-content\/uploads\/2023\/03\/image-11-1024x365.png 1024w, https:\/\/melnibone.at\/shop\/wp-content\/uploads\/2023\/03\/image-11-300x107.png 300w, https:\/\/melnibone.at\/shop\/wp-content\/uploads\/2023\/03\/image-11-768x274.png 768w, https:\/\/melnibone.at\/shop\/wp-content\/uploads\/2023\/03\/image-11-1536x547.png 1536w, https:\/\/melnibone.at\/shop\/wp-content\/uploads\/2023\/03\/image-11-2048x730.png 2048w, https:\/\/melnibone.at\/shop\/wp-content\/uploads\/2023\/03\/image-11-600x214.png 600w\" sizes=\"auto, (max-width: 768px) 100vw, 768px\" \/><\/figure>\n\n\n\n<p><\/p>\n\n\n\n<div style=\"height:100px\" aria-hidden=\"true\" class=\"wp-block-spacer\"><\/div>\n\n\n\n<p style=\"font-size:24px\"><strong>Bienchens Handmade<\/strong> (Samstag + Sonntag)<\/p>\n\n\n\n<p>Hinter dem Namen \u201eBienchens Handmade\u201c findet man ein Mutter-Tochter Gespann, das schon viele Jahre immer wieder mit TCG\u2019s aller Art zu tun hatte. Aus einer Laune heraus entstanden aus alten Jeans und leeren Boosterh\u00fcllen die ersten Taschenideen, die wir Euch nat\u00fcrlich nicht vorenthalten&nbsp;m\u00f6chten&nbsp;\ud83d\ude09<\/p>\n\n\n\n<p><a href=\"https:\/\/www.instagram.com\/bienchens.handmade\/?igshid=YmMyMTA2M2Y%3D\" target=\"_blank\" rel=\"noreferrer noopener\">INSTAGRAM<\/a> | <a href=\"https:\/\/www.facebook.com\/people\/Bienchens-Handmade\/100069271746892\/\" target=\"_blank\" rel=\"noreferrer noopener\">Facebook<\/a><\/p>\n\n\n\n<figure class=\"wp-block-image size-large is-resized\"><img loading=\"lazy\" decoding=\"async\" src=\"https:\/\/melnibone.at\/shop\/wp-content\/uploads\/2023\/03\/bienchen-1-1024x769.jpg\" alt=\"\" class=\"wp-image-906\" width=\"768\" height=\"577\" srcset=\"https:\/\/melnibone.at\/shop\/wp-content\/uploads\/2023\/03\/bienchen-1-1024x769.jpg 1024w, https:\/\/melnibone.at\/shop\/wp-content\/uploads\/2023\/03\/bienchen-1-300x225.jpg 300w, https:\/\/melnibone.at\/shop\/wp-content\/uploads\/2023\/03\/bienchen-1-768x576.jpg 768w, https:\/\/melnibone.at\/shop\/wp-content\/uploads\/2023\/03\/bienchen-1-600x450.jpg 600w, https:\/\/melnibone.at\/shop\/wp-content\/uploads\/2023\/03\/bienchen-1.jpg 1507w\" sizes=\"auto, (max-width: 768px) 100vw, 768px\" \/><\/figure>\n\n\n\n<div style=\"height:100px\" aria-hidden=\"true\" class=\"wp-block-spacer\"><\/div>\n\n\n\n<p class=\"has-medium-font-size\"><strong>Otaku Heaven <\/strong>(Fr-So)<\/p>\n\n\n\n<p><a rel=\"noreferrer noopener\" href=\"https:\/\/www.otakuheaven.at\/\" target=\"_blank\">Shop<\/a><\/p>\n\n\n\n<p>Der Otaku Heaven, bekannt auch als kleines Akihabara in Wien, ist Dein Spezialist f\u00fcr hochwertige Anime Figuren und Merchandising aus der japanischen Anime und Manga Szene. Neben dem gro\u00dfen und vielf\u00e4ltigen Sortiment an verschiedensten Anime-Merch Artikeln, sch\u00e4tzen die (Stamm-)Kunden auch den gro\u00dfartigen Kundensupport und die M\u00f6glichkeit der einfachen Vorbestellungen im Onlineshop. Die Partnerschaften mit Good Smile und Kotobukiya b\u00fcrgen f\u00fcr die Qualit\u00e4t der angebotenen Artikel und der Onlineshop, \u00fcbrigens der gr\u00f6\u00dfte seiner Art in \u00d6sterreich, machen den Otaku Heaven zum unverzichtbaren Fixpunkt der Community.<\/p>\n\n\n\n<figure class=\"wp-block-image size-full is-resized\"><img loading=\"lazy\" decoding=\"async\" src=\"https:\/\/melnibone.at\/shop\/wp-content\/uploads\/2023\/06\/otaku_logo.png\" alt=\"\" class=\"wp-image-1665\" width=\"152\" height=\"163\"\/><\/figure>\n","protected":false},"excerpt":{"rendered":"<p>Magic Artist: Mathias Kollros (Fr &#8211; So) Der in Linz lebende Illustrator und Maler Mathias Kollros ist vor allem durch seine Arbeiten rund um dasSammelkartenspiel Magic: the Gathering bekannt, seine Klienten und Sammler finden sich auf der ganzen Welt.Seit \u00fcber einem Jahrzehnt werden fantastische Kreaturen und mythische Monster durch seine Bilder zum Leben erweckt. www.artstation.com\/guterrez [&hellip;]<\/p>\n","protected":false},"author":1,"featured_media":0,"parent":0,"menu_order":0,"comment_status":"closed","ping_status":"closed","template":"","meta":{"footnotes":""},"class_list":["post-888","page","type-page","status-publish","hentry"],"_links":{"self":[{"href":"https:\/\/melnibone.at\/shop\/index.php\/wp-json\/wp\/v2\/pages\/888","targetHints":{"allow":["GET"]}}],"collection":[{"href":"https:\/\/melnibone.at\/shop\/index.php\/wp-json\/wp\/v2\/pages"}],"about":[{"href":"https:\/\/melnibone.at\/shop\/index.php\/wp-json\/wp\/v2\/types\/page"}],"author":[{"embeddable":true,"href":"https:\/\/melnibone.at\/shop\/index.php\/wp-json\/wp\/v2\/users\/1"}],"replies":[{"embeddable":true,"href":"https:\/\/melnibone.at\/shop\/index.php\/wp-json\/wp\/v2\/comments?post=888"}],"version-history":[{"count":29,"href":"https:\/\/melnibone.at\/shop\/index.php\/wp-json\/wp\/v2\/pages\/888\/revisions"}],"predecessor-version":[{"id":1666,"href":"https:\/\/melnibone.at\/shop\/index.php\/wp-json\/wp\/v2\/pages\/888\/revisions\/1666"}],"wp:attachment":[{"href":"https:\/\/melnibone.at\/shop\/index.php\/wp-json\/wp\/v2\/media?parent=888"}],"curies":[{"name":"wp","href":"https:\/\/api.w.org\/{rel}","templated":true}]}}