{"id":172,"date":"2022-08-03T10:10:28","date_gmt":"2022-08-03T08:10:28","guid":{"rendered":"https:\/\/melnibone.at\/shop\/?post_type=product&#038;p=172"},"modified":"2024-09-07T21:21:41","modified_gmt":"2024-09-07T19:21:41","slug":"adventures-in-the-forgotten-realms-fat-pack-bundle-de","status":"publish","type":"product","link":"https:\/\/melnibone.at\/shop\/index.php\/produkt\/adventures-in-the-forgotten-realms-fat-pack-bundle-de\/","title":{"rendered":"Abenteuer in den Forgotten Realms Fat Pack Bundle (DE)"},"content":{"rendered":"<p>Abenteuer in den Forgotten Realms Fat Pack Bundle (DE)<\/p>\n<p>Inhalt:<\/p>\n<p>&#8211; 10 Abenteuer in den Forgotten Realms Draft-Booster<br \/>\n&#8211; 20 Foil-L\u00e4nder<br \/>\n&#8211; 20 Nicht-Foil-L\u00e4nder<br \/>\n&#8211; 1 Foil-Promokarte<br \/>\n&#8211; 1 20-seitiger W\u00fcrfel<br \/>\n&#8211; 3 \u00fcbergro\u00dfe Gew\u00f6lbe-Karten<\/p>\n<p>Sprache: Deutsch<\/p>\n<p>&nbsp;<\/p>\n<p>&#8212;<\/p>\n<p>Jeder Artikel der Kategorie &#8222;Livebreak&#8220; wird im Stream von MelniboneMtG auf Twitch ge\u00f6ffnet. Bitte gib daher bei deiner Bestellung unter &#8222;Anmerkungen zur Bestellung&#8220; deinen Nicknamen bzw. wie wir dich nennen d\u00fcrfen an.<\/p>\n<p>Wir nehmen dein Booster zuf\u00e4llig aus einem Display bzw. einer Collection.<\/p>\n","protected":false},"excerpt":{"rendered":"<p>Magic: Adventures in the Forgotten Realms Fat Pack Bundle EN<\/p>\n","protected":false},"featured_media":173,"template":"","meta":[],"product_brand":[],"product_cat":[67,42],"product_tag":[],"class_list":{"0":"post-172","1":"product","2":"type-product","3":"status-publish","4":"has-post-thumbnail","6":"product_cat-live-break-magic","7":"product_cat-magic-the-gathering","9":"first","10":"outofstock","11":"taxable","12":"shipping-taxable","13":"purchasable","14":"product-type-simple"},"_links":{"self":[{"href":"https:\/\/melnibone.at\/shop\/index.php\/wp-json\/wp\/v2\/product\/172","targetHints":{"allow":["GET"]}}],"collection":[{"href":"https:\/\/melnibone.at\/shop\/index.php\/wp-json\/wp\/v2\/product"}],"about":[{"href":"https:\/\/melnibone.at\/shop\/index.php\/wp-json\/wp\/v2\/types\/product"}],"wp:featuredmedia":[{"embeddable":true,"href":"https:\/\/melnibone.at\/shop\/index.php\/wp-json\/wp\/v2\/media\/173"}],"wp:attachment":[{"href":"https:\/\/melnibone.at\/shop\/index.php\/wp-json\/wp\/v2\/media?parent=172"}],"wp:term":[{"taxonomy":"product_brand","embeddable":true,"href":"https:\/\/melnibone.at\/shop\/index.php\/wp-json\/wp\/v2\/product_brand?post=172"},{"taxonomy":"product_cat","embeddable":true,"href":"https:\/\/melnibone.at\/shop\/index.php\/wp-json\/wp\/v2\/product_cat?post=172"},{"taxonomy":"product_tag","embeddable":true,"href":"https:\/\/melnibone.at\/shop\/index.php\/wp-json\/wp\/v2\/product_tag?post=172"}],"curies":[{"name":"wp","href":"https:\/\/api.w.org\/{rel}","templated":true}]}}