{"id":3575,"date":"2024-07-04T16:25:41","date_gmt":"2024-07-04T14:25:41","guid":{"rendered":"https:\/\/melnibone.at\/shop\/?post_type=product&#038;p=3575"},"modified":"2026-04-09T15:13:39","modified_gmt":"2026-04-09T13:13:39","slug":"march-of-the-machine-draft-booster-en","status":"publish","type":"product","link":"https:\/\/melnibone.at\/shop\/index.php\/produkt\/march-of-the-machine-draft-booster-en\/","title":{"rendered":"March of the Machine DRAFT Booster (EN)"},"content":{"rendered":"<div><\/div>\n<div class=\"css-LOABQ\">Inhalt:<\/div>\n<div class=\"css-zEDIo\">\n<ul>\n<li style=\"list-style-type: none;\">\n<ul>\n<li>12 Magic: The Gathering Karten pro Booster<\/li>\n<li>Der beste MTG-Booster, wenn man Packungen einfach nur zum Spa\u00df \u00f6ffnen m\u00f6chte<\/li>\n<li>1-5 Karten der Seltenheit selten oder h\u00f6her in jedem Booster<\/li>\n<li>Foilkarte und Artwork-Karte in jedem Booster<\/li>\n<li>Bek\u00e4mpfe die Legion der Maschinen, w\u00e4hrend die Phyrexianer \u00fcberall im Multiversum in Welten einfallen<\/li>\n<\/ul>\n<\/li>\n<\/ul>\n<ul>\n<li style=\"list-style-type: none;\"><\/li>\n<\/ul>\n<ul>\n<li style=\"list-style-type: none;\"><\/li>\n<\/ul>\n<ul>\n<li style=\"list-style-type: none;\"><\/li>\n<\/ul>\n<\/div>\n<p>Sprache: Englisch<\/p>\n<p>&nbsp;<\/p>\n<p>&#8212;<\/p>\n<p>Jeder Artikel der Kategorie &#8222;Livebreak&#8220; wird im Stream von MelniboneMtG auf Twitch ge\u00f6ffnet. Bitte gib daher bei deiner Bestellung unter &#8222;Anmerkungen zur Bestellung&#8220; deinen Nicknamen bzw. wie wir dich nennen d\u00fcrfen an.<\/p>\n<p>Wir nehmen dein Booster zuf\u00e4llig aus einem Display bzw. einer Collection.<\/p>\n","protected":false},"excerpt":{"rendered":"<p>Inhalt: 12 Magic: The Gathering Karten pro Booster Der beste MTG-Booster, wenn man Packungen einfach nur zum Spa\u00df \u00f6ffnen m\u00f6chte 1-5 Karten der Seltenheit selten oder h\u00f6her in jedem Booster Foilkarte und Artwork-Karte in jedem Booster Bek\u00e4mpfe die Legion der Maschinen, w\u00e4hrend die Phyrexianer \u00fcberall im Multiversum in Welten einfallen Sprache: Englisch &nbsp; &#8212; Jeder [&hellip;]<\/p>\n","protected":false},"featured_media":3576,"template":"","meta":[],"product_brand":[],"product_cat":[67,42],"product_tag":[],"class_list":{"0":"post-3575","1":"product","2":"type-product","3":"status-publish","4":"has-post-thumbnail","6":"product_cat-live-break-magic","7":"product_cat-magic-the-gathering","9":"first","10":"instock","11":"taxable","12":"shipping-taxable","13":"purchasable","14":"product-type-simple"},"_links":{"self":[{"href":"https:\/\/melnibone.at\/shop\/index.php\/wp-json\/wp\/v2\/product\/3575","targetHints":{"allow":["GET"]}}],"collection":[{"href":"https:\/\/melnibone.at\/shop\/index.php\/wp-json\/wp\/v2\/product"}],"about":[{"href":"https:\/\/melnibone.at\/shop\/index.php\/wp-json\/wp\/v2\/types\/product"}],"wp:featuredmedia":[{"embeddable":true,"href":"https:\/\/melnibone.at\/shop\/index.php\/wp-json\/wp\/v2\/media\/3576"}],"wp:attachment":[{"href":"https:\/\/melnibone.at\/shop\/index.php\/wp-json\/wp\/v2\/media?parent=3575"}],"wp:term":[{"taxonomy":"product_brand","embeddable":true,"href":"https:\/\/melnibone.at\/shop\/index.php\/wp-json\/wp\/v2\/product_brand?post=3575"},{"taxonomy":"product_cat","embeddable":true,"href":"https:\/\/melnibone.at\/shop\/index.php\/wp-json\/wp\/v2\/product_cat?post=3575"},{"taxonomy":"product_tag","embeddable":true,"href":"https:\/\/melnibone.at\/shop\/index.php\/wp-json\/wp\/v2\/product_tag?post=3575"}],"curies":[{"name":"wp","href":"https:\/\/api.w.org\/{rel}","templated":true}]}}