{"id":4001,"date":"2024-11-06T11:41:08","date_gmt":"2024-11-06T10:41:08","guid":{"rendered":"https:\/\/melnibone.at\/shop\/?post_type=product&#038;p=4001"},"modified":"2025-11-12T14:43:20","modified_gmt":"2025-11-12T13:43:20","slug":"weiss-schwarz-trial-deck-dengeki-bunko-weiss-side-en","status":"publish","type":"product","link":"https:\/\/melnibone.at\/shop\/index.php\/produkt\/weiss-schwarz-trial-deck-dengeki-bunko-weiss-side-en\/","title":{"rendered":"Wei\u00df Schwarz &#8211; Trial Deck &#8211; Dengeki Bunko Wei\u00df Side (EN)"},"content":{"rendered":"<p>Wei\u00df Schwarz &#8211; Trial Deck &#8211; Dengeki Bunko Wei\u00df Side (EN)<\/p>\n<p>Sprache: Englisch<\/p>\n<p>&nbsp;<\/p>\n<p>&#8212;<\/p>\n<p>Jeder Artikel der Kategorie &#8222;Livebreak&#8220; wird im Stream von MelniboneMtG auf Twitch ge\u00f6ffnet. Bitte gib daher bei deiner Bestellung unter &#8222;Anmerkungen zur Bestellung&#8220; deinen Nicknamen bzw. wie wir dich nennen d\u00fcrfen an.<\/p>\n<p>Wir nehmen dein Booster zuf\u00e4llig aus einem Display bzw. einer Collection.<\/p>\n","protected":false},"excerpt":{"rendered":"<p>Wei\u00df Schwarz &#8211; Trial Deck &#8211; Dengeki Bunko Wei\u00df Side (EN) Sprache: Englisch &nbsp; &#8212; Jeder Artikel der Kategorie &#8222;Livebreak&#8220; wird im Stream von MelniboneMtG auf Twitch ge\u00f6ffnet. Bitte gib daher bei deiner Bestellung unter &#8222;Anmerkungen zur Bestellung&#8220; deinen Nicknamen bzw. wie wir dich nennen d\u00fcrfen an. Wir nehmen dein Booster zuf\u00e4llig aus einem Display [&hellip;]<\/p>\n","protected":false},"featured_media":4002,"template":"","meta":[],"product_brand":[],"product_cat":[69,49],"product_tag":[],"class_list":{"0":"post-4001","1":"product","2":"type-product","3":"status-publish","4":"has-post-thumbnail","6":"product_cat-live-break-other","7":"product_cat-weiss-schwarz","9":"first","10":"instock","11":"taxable","12":"shipping-taxable","13":"purchasable","14":"product-type-simple"},"_links":{"self":[{"href":"https:\/\/melnibone.at\/shop\/index.php\/wp-json\/wp\/v2\/product\/4001","targetHints":{"allow":["GET"]}}],"collection":[{"href":"https:\/\/melnibone.at\/shop\/index.php\/wp-json\/wp\/v2\/product"}],"about":[{"href":"https:\/\/melnibone.at\/shop\/index.php\/wp-json\/wp\/v2\/types\/product"}],"wp:featuredmedia":[{"embeddable":true,"href":"https:\/\/melnibone.at\/shop\/index.php\/wp-json\/wp\/v2\/media\/4002"}],"wp:attachment":[{"href":"https:\/\/melnibone.at\/shop\/index.php\/wp-json\/wp\/v2\/media?parent=4001"}],"wp:term":[{"taxonomy":"product_brand","embeddable":true,"href":"https:\/\/melnibone.at\/shop\/index.php\/wp-json\/wp\/v2\/product_brand?post=4001"},{"taxonomy":"product_cat","embeddable":true,"href":"https:\/\/melnibone.at\/shop\/index.php\/wp-json\/wp\/v2\/product_cat?post=4001"},{"taxonomy":"product_tag","embeddable":true,"href":"https:\/\/melnibone.at\/shop\/index.php\/wp-json\/wp\/v2\/product_tag?post=4001"}],"curies":[{"name":"wp","href":"https:\/\/api.w.org\/{rel}","templated":true}]}}