{"id":4217,"date":"2024-11-21T17:45:53","date_gmt":"2024-11-21T16:45:53","guid":{"rendered":"https:\/\/melnibone.at\/shop\/?post_type=product&#038;p=4217"},"modified":"2026-02-19T12:31:59","modified_gmt":"2026-02-19T11:31:59","slug":"pokemon-back-to-school-2024-collector-chest-de","status":"publish","type":"product","link":"https:\/\/melnibone.at\/shop\/index.php\/produkt\/pokemon-back-to-school-2024-collector-chest-de\/","title":{"rendered":"Pokemon &#8211; Back to School 2024 Collector Chest (DE)"},"content":{"rendered":"<p>Pokemon &#8211; Back to School 2024 Collector Chest (DE)<\/p>\n<p>Inhalt:<\/p>\n<ul>\n<li>Dieser Sammelkoffer des Pok\u00e9mon-Sammelkartenspiels enth\u00e4lt:- 6 Boosterpacks des Pok\u00e9mon-Sammelkartenspiels<br \/>\n&#8211; 2 holografische Promokarten mit Br\u00fcllschweif &amp; Eisenkrieger<br \/>\n&#8211; 2 Pokemon-M\u00fcnzen mit Br\u00fcllschweif &amp; Eisenkrieger<br \/>\n&#8211; 4 bunte Stickerb\u00f6gen<br \/>\n&#8211; 1 Mini-Kartenalbum zum Aufbewahren deiner Lieblingskarten<br \/>\n&#8211; 1 Code-Karte f\u00fcr das Pok\u00e9mon-Sammelkartenspiel-Live<\/li>\n<\/ul>\n<p>Sprache: Deutsch<\/p>\n<p>&#8212;<\/p>\n<p>Jeder Artikel der Kategorie &#8222;Livebreak&#8220; wird im Stream von MelniboneMtG auf Twitch ge\u00f6ffnet. Bitte gib daher bei deiner Bestellung unter &#8222;Anmerkungen zur Bestellung&#8220; deinen Nicknamen bzw. wie wir dich nennen d\u00fcrfen an.<\/p>\n<p>Wir nehmen dein Booster zuf\u00e4llig aus einem Display bzw. einer Collection.<\/p>\n","protected":false},"excerpt":{"rendered":"<p>Pokemon &#8211; Back to School 2024 Collector Chest (DE) Inhalt: Dieser Sammelkoffer des Pok\u00e9mon-Sammelkartenspiels enth\u00e4lt:- 6 Boosterpacks des Pok\u00e9mon-Sammelkartenspiels &#8211; 2 holografische Promokarten mit Br\u00fcllschweif &amp; Eisenkrieger &#8211; 2 Pokemon-M\u00fcnzen mit Br\u00fcllschweif &amp; Eisenkrieger &#8211; 4 bunte Stickerb\u00f6gen &#8211; 1 Mini-Kartenalbum zum Aufbewahren deiner Lieblingskarten &#8211; 1 Code-Karte f\u00fcr das Pok\u00e9mon-Sammelkartenspiel-Live Sprache: Deutsch &#8212; Jeder [&hellip;]<\/p>\n","protected":false},"featured_media":4218,"template":"","meta":[],"product_brand":[],"product_cat":[68,43],"product_tag":[],"class_list":{"0":"post-4217","1":"product","2":"type-product","3":"status-publish","4":"has-post-thumbnail","6":"product_cat-live-break-pokemon","7":"product_cat-pokemon","9":"first","10":"instock","11":"taxable","12":"shipping-taxable","13":"purchasable","14":"product-type-simple"},"_links":{"self":[{"href":"https:\/\/melnibone.at\/shop\/index.php\/wp-json\/wp\/v2\/product\/4217","targetHints":{"allow":["GET"]}}],"collection":[{"href":"https:\/\/melnibone.at\/shop\/index.php\/wp-json\/wp\/v2\/product"}],"about":[{"href":"https:\/\/melnibone.at\/shop\/index.php\/wp-json\/wp\/v2\/types\/product"}],"wp:featuredmedia":[{"embeddable":true,"href":"https:\/\/melnibone.at\/shop\/index.php\/wp-json\/wp\/v2\/media\/4218"}],"wp:attachment":[{"href":"https:\/\/melnibone.at\/shop\/index.php\/wp-json\/wp\/v2\/media?parent=4217"}],"wp:term":[{"taxonomy":"product_brand","embeddable":true,"href":"https:\/\/melnibone.at\/shop\/index.php\/wp-json\/wp\/v2\/product_brand?post=4217"},{"taxonomy":"product_cat","embeddable":true,"href":"https:\/\/melnibone.at\/shop\/index.php\/wp-json\/wp\/v2\/product_cat?post=4217"},{"taxonomy":"product_tag","embeddable":true,"href":"https:\/\/melnibone.at\/shop\/index.php\/wp-json\/wp\/v2\/product_tag?post=4217"}],"curies":[{"name":"wp","href":"https:\/\/api.w.org\/{rel}","templated":true}]}}