{"id":4692,"date":"2025-01-01T23:29:08","date_gmt":"2025-01-01T22:29:08","guid":{"rendered":"https:\/\/melnibone.at\/shop\/?post_type=product&#038;p=4692"},"modified":"2025-01-01T23:32:47","modified_gmt":"2025-01-01T22:32:47","slug":"warhammer-40-000-introductory-set-40-04-de","status":"publish","type":"product","link":"https:\/\/melnibone.at\/shop\/index.php\/produkt\/warhammer-40-000-introductory-set-40-04-de\/","title":{"rendered":"Warhammer 40.000: Introductory Set (40-04) (DE)"},"content":{"rendered":"<h3>Warhammer 40k\u00a0Einf\u00fchrungs Set<\/h3>\n<p>Das Warhammer 40.000 Einf\u00fchrungsset ist der ultimative Ausgangspunkt f\u00fcr alle, die sich mit der neuen 10. Edition in die fesselnde Welt von Warhammer 40.000 wagen wollen. Dieses umfassende Paket enth\u00e4lt alles, was du brauchst, um deine Reise mit Bauen, Bemalen und Spielen zu beginnen. Du erh\u00e4ltst f\u00fcnf Infernus Marines, 10 Termaganten und einen Ripper Swarm, alle als Push-Fit-Miniaturen, die einen einfachen Zusammenbau erm\u00f6glichen.<\/p>\n<p>Zus\u00e4tzlich zu den Miniaturen enth\u00e4lt das Set eine Zange, einen\u00a0Pinsel\u00a0und f\u00fcnf\u00a0Farben, die dir das n\u00f6tige\u00a0Werkzeug\u00a0geben, um deine Modelle zu personalisieren und zum Leben zu erwecken.\u00a0<em>Bei uns im Shop findest Du viele weitere (Spezial-)Farben, die deinen Minis Individualit\u00e4t verleihen und mit denen Du deine Malk\u00fcnste ausleben kannst.<\/em>\u00a0Das 48-seitige Einf\u00fchrungshandbuch des Sets dient als Leitfaden und bietet Anleitungen und grundlegende Missionen, die den Einstieg in das Spielgeschehen erleichtern.<\/p>\n<p>Um dein Spielerlebnis zu verbessern, enth\u00e4lt das Set ein Spielfeld aus doppelseitig bedrucktem Karton, W\u00fcrfel, ein Lineal und Spielsteine. Diese Komponenten erm\u00f6glichen es dir, in spannende Schlachten einzutauchen und das taktische Gameplay von Warhammer 40.000 zu meistern. Egal, ob du ein Hobbyist, ein Sammler oder ein strategischer Enthusiast bist, dieses Einf\u00fchrungsset ist ein perfektes Geschenk f\u00fcr alle, die ihre Reise mit Warhammer 40.000 beginnen.<\/p>\n<p><strong>Inhalt:<\/strong><\/p>\n<ul>\n<li>1x 48-seitiges Softcover Handbuch<\/li>\n<li>Space Marine Miniaturen\n<ul>\n<li>5x Infernus-Marines<\/li>\n<\/ul>\n<\/li>\n<li>Tyraniden\u00a0Miniaturen:\n<ul>\n<li>10x Termaganten<\/li>\n<li>1x Ripper Swarm<\/li>\n<\/ul>\n<\/li>\n<li>1x 30&#215;22,4 Zoll Spielmatte (doppelseitig bedruckter Karton)<\/li>\n<li>1x Entfernungsmesser<\/li>\n<li>6x sechs-seitige W\u00fcrfel (W6)<\/li>\n<li>22x Papp-Token und Gel\u00e4ndemarker<\/li>\n<li>1x Einsteiger-Seitenscheider<\/li>\n<li>1x Einsteigerpinsel<\/li>\n<li>1x Abaddon Black<\/li>\n<li>1x Wraithbone<\/li>\n<li>1x Baltasar Gold<\/li>\n<li>1x Naggaroth Night<\/li>\n<li>1x Macragge Blue<\/li>\n<\/ul>\n<p><em>Dieser Bausatz besteht aus Kunststoff, ist unbemalt und muss zusammengebaut werden.<\/em><\/p>\n<div class=\"grey-hint\"><strong>Wichtiger Hinweis<\/strong><br \/>\nAchtung! Nicht f\u00fcr Kinder unter 36 Monaten geeignet. Erstickungsgefahr wegen verschluckbarer Kleinteile.<\/div>\n","protected":false},"excerpt":{"rendered":"<p>Warhammer 40k\u00a0Einf\u00fchrungs Set Das Warhammer 40.000 Einf\u00fchrungsset ist der ultimative Ausgangspunkt f\u00fcr alle, die sich mit der neuen 10. Edition in die fesselnde Welt von Warhammer 40.000 wagen wollen. Dieses umfassende Paket enth\u00e4lt alles, was du brauchst, um deine Reise mit Bauen, Bemalen und Spielen zu beginnen. Du erh\u00e4ltst f\u00fcnf Infernus Marines, 10 Termaganten und [&hellip;]<\/p>\n","protected":false},"featured_media":4693,"template":"","meta":[],"product_brand":[],"product_cat":[118],"product_tag":[],"class_list":{"0":"post-4692","1":"product","2":"type-product","3":"status-publish","4":"has-post-thumbnail","6":"product_cat-40k","8":"first","9":"instock","10":"sale","11":"taxable","12":"shipping-taxable","13":"purchasable","14":"product-type-simple"},"_links":{"self":[{"href":"https:\/\/melnibone.at\/shop\/index.php\/wp-json\/wp\/v2\/product\/4692","targetHints":{"allow":["GET"]}}],"collection":[{"href":"https:\/\/melnibone.at\/shop\/index.php\/wp-json\/wp\/v2\/product"}],"about":[{"href":"https:\/\/melnibone.at\/shop\/index.php\/wp-json\/wp\/v2\/types\/product"}],"wp:featuredmedia":[{"embeddable":true,"href":"https:\/\/melnibone.at\/shop\/index.php\/wp-json\/wp\/v2\/media\/4693"}],"wp:attachment":[{"href":"https:\/\/melnibone.at\/shop\/index.php\/wp-json\/wp\/v2\/media?parent=4692"}],"wp:term":[{"taxonomy":"product_brand","embeddable":true,"href":"https:\/\/melnibone.at\/shop\/index.php\/wp-json\/wp\/v2\/product_brand?post=4692"},{"taxonomy":"product_cat","embeddable":true,"href":"https:\/\/melnibone.at\/shop\/index.php\/wp-json\/wp\/v2\/product_cat?post=4692"},{"taxonomy":"product_tag","embeddable":true,"href":"https:\/\/melnibone.at\/shop\/index.php\/wp-json\/wp\/v2\/product_tag?post=4692"}],"curies":[{"name":"wp","href":"https:\/\/api.w.org\/{rel}","templated":true}]}}