{"id":4694,"date":"2025-01-01T23:34:39","date_gmt":"2025-01-01T22:34:39","guid":{"rendered":"https:\/\/melnibone.at\/shop\/?post_type=product&#038;p=4694"},"modified":"2025-01-01T23:36:32","modified_gmt":"2025-01-01T22:36:32","slug":"einsteiger-leitfaden-warhammer-40000-40-06-de","status":"publish","type":"product","link":"https:\/\/melnibone.at\/shop\/index.php\/produkt\/einsteiger-leitfaden-warhammer-40000-40-06-de\/","title":{"rendered":"EINSTEIGER-LEITFADEN: WARHAMMER 40000 (40-06) (DE)"},"content":{"rendered":"<h3>Einsteiger-Leitfaden:\u00a0Warhammer 40k\u00a0&#8211; dt.<\/h3>\n<p>Tauche ein in das rasant pulsierende Herz von Warhammer 40.000, einem explosiven Tabletop-Strategiespiel, das deine strategischen F\u00e4higkeiten auf die Probe stellt. W\u00e4hle deinen Pfad &#8211; wirst du dich als m\u00e4chtiger Space Marine den Dunkelheiten stellen oder als alles verschlingender, fremdartiger Tyranid? Oder als Teil einer der vielen anderen Fraktionen voller Krieger, Ungeheuer, Maschinen und\u00a0Monster? Sammle, baue und bemale eine stetig wachsende Armee im Angesicht einer Galaxis im Krieg und stelle dich nervenzerfetzenden Partien gegen andere Hobby-Enthusiasten, um am Ende als Sieger hervorzugehen!<\/p>\n<p><strong>Inhalt des Magazins:<\/strong><\/p>\n<ul>\n<li><strong>Einblick in die Galaxis:\u00a0<\/strong>Erfahre alles \u00fcber das d\u00fcstere, vom Krieg zerrissene Universum von Warhammer 40.000, auch bekannt als die Finsternis der fernen Zukunft!<\/li>\n<li><strong>Das Warhammer 40.000-Hobby:\u00a0<\/strong>Lese alles \u00fcber die verschiedenen Aspekte des Hobbys, vom Sammeln der wundersch\u00f6nen Citadel-Miniaturen, \u00fcber das Bemalen in deinen Lieblingsfarben, bis hin zu den spannenden Schlachten, die du austragen kannst.<\/li>\n<li><strong>Exklusive Miniaturen:\u00a0<\/strong>Das Magazin enth\u00e4lt zudem zwei mehrteilige Kunststoffminiaturen:<\/li>\n<li>1x Infernus-Marine der\u00a0Space Marines\u00a0(mit einem detailliert gestalteten 32-mm-Rundbase)<\/li>\n<li>1x Termagant der\u00a0Tyraniden\u00a0(mit einem detailliert gestalteten 28-mm-Rundbase)<\/li>\n<\/ul>\n<p>Diese Miniaturen sind so konzipiert, dass sie ohne Zange von den Rahmen gel\u00f6st und ohne Klebstoff zusammengebaut werden k\u00f6nnen. Bemalung ist erforderlich.<\/p>\n<p><strong>Dein Abenteuer beginnt hier!\u00a0<\/strong>Mit diesem Magazin erh\u00e4ltst du alle notwendigen Informationen, um in die gewaltige Galaxis von Warhammer 40.000 einzutauchen. R\u00fcste dich f\u00fcr epische Schlachten und entscheide das Schicksal der Galaxis!<\/p>\n","protected":false},"excerpt":{"rendered":"<p>Einsteiger-Leitfaden:\u00a0Warhammer 40k\u00a0&#8211; dt. Tauche ein in das rasant pulsierende Herz von Warhammer 40.000, einem explosiven Tabletop-Strategiespiel, das deine strategischen F\u00e4higkeiten auf die Probe stellt. W\u00e4hle deinen Pfad &#8211; wirst du dich als m\u00e4chtiger Space Marine den Dunkelheiten stellen oder als alles verschlingender, fremdartiger Tyranid? Oder als Teil einer der vielen anderen Fraktionen voller Krieger, Ungeheuer, [&hellip;]<\/p>\n","protected":false},"featured_media":4695,"template":"","meta":[],"product_brand":[],"product_cat":[118],"product_tag":[],"class_list":{"0":"post-4694","1":"product","2":"type-product","3":"status-publish","4":"has-post-thumbnail","6":"product_cat-40k","8":"first","9":"instock","10":"sale","11":"taxable","12":"shipping-taxable","13":"purchasable","14":"product-type-simple"},"_links":{"self":[{"href":"https:\/\/melnibone.at\/shop\/index.php\/wp-json\/wp\/v2\/product\/4694","targetHints":{"allow":["GET"]}}],"collection":[{"href":"https:\/\/melnibone.at\/shop\/index.php\/wp-json\/wp\/v2\/product"}],"about":[{"href":"https:\/\/melnibone.at\/shop\/index.php\/wp-json\/wp\/v2\/types\/product"}],"wp:featuredmedia":[{"embeddable":true,"href":"https:\/\/melnibone.at\/shop\/index.php\/wp-json\/wp\/v2\/media\/4695"}],"wp:attachment":[{"href":"https:\/\/melnibone.at\/shop\/index.php\/wp-json\/wp\/v2\/media?parent=4694"}],"wp:term":[{"taxonomy":"product_brand","embeddable":true,"href":"https:\/\/melnibone.at\/shop\/index.php\/wp-json\/wp\/v2\/product_brand?post=4694"},{"taxonomy":"product_cat","embeddable":true,"href":"https:\/\/melnibone.at\/shop\/index.php\/wp-json\/wp\/v2\/product_cat?post=4694"},{"taxonomy":"product_tag","embeddable":true,"href":"https:\/\/melnibone.at\/shop\/index.php\/wp-json\/wp\/v2\/product_tag?post=4694"}],"curies":[{"name":"wp","href":"https:\/\/api.w.org\/{rel}","templated":true}]}}