{"id":4697,"date":"2025-01-01T23:40:00","date_gmt":"2025-01-01T22:40:00","guid":{"rendered":"https:\/\/melnibone.at\/shop\/?post_type=product&#038;p=4697"},"modified":"2025-07-25T11:12:41","modified_gmt":"2025-07-25T09:12:41","slug":"space-marines-klingengarde-veteranen-48-44-de","status":"publish","type":"product","link":"https:\/\/melnibone.at\/shop\/index.php\/produkt\/space-marines-klingengarde-veteranen-48-44-de\/","title":{"rendered":"SPACE MARINES: KLINGENGARDE-VETERANEN (48-44)"},"content":{"rendered":"<h3>Bladeguard Veterans<\/h3>\n<p>Bladeguard-Veteranen sind Veteranen der Primaris First Company.<\/p>\n<p>Bladeguard-Veteranen ziehen in reich verzierte R\u00fcstungen gekleidet in die Schlacht, die mit Siegeln der Reinheit bedeckt und mit Siegessymbolen und heraldischen Gegenst\u00e4nden geschm\u00fcckt sind. Ihre imposanten Sturmschilde sind das Werk ganzer Generationen von Ordenssklaven, und die m\u00e4chtigen Kraftfeldgeneratoren, die sie beherbergen, sollen die Seele ihres Tr\u00e4gers ebenso sch\u00fctzen wie ihr Fleisch. Diese Ausr\u00fcstung stammt aus den Reliquien des Ordens w\u00e4hrend des Krieges und erinnert Kampfbr\u00fcder, die sie im Kampf sehen, an das Verm\u00e4chtnis, das sie bei ihrer Thronbesteigung zu ehren geschworen haben.<\/p>\n<p>Die Klingenw\u00e4chter-Veteranen der\u00a0Dark Angels\u00a0dienen in der Todesschwinge, nachdem sie sich das hart erk\u00e4mpfte Vertrauen des Inneren Zirkels des Ordens verdient haben.<\/p>\n<p>F\u00fchren Sie den Angriff mit diesen Nahkampfmeistern an. Jeder ist mit einem meisterlich gefertigten Energieschwert bewaffnet und mit einem Sturmschild ausgestattet. Es besteht die M\u00f6glichkeit, einen der Trupps zum Sergeant zu machen. Das Kit enth\u00e4lt auch mehrere Kopf-, Kippplatten-,\u00a0Pistolen- und Holstervarianten sowie Plasmapistolen- und Neo-Volk-Pistolenoptionen f\u00fcr den Sergeant. Diese grauhaarigen Veteranen sind in feinste Platten gekleidet, die in den\u00a0Farben\u00a0jedes Ordens gro\u00dfartig aussehen.<\/p>\n<p>Dieser 78-teilige Kunststoffbausatz ergibt drei Bladeguard Veterans und wird mit drei Citadel-Rundbases (40 mm) geliefert. Es wird auch mit einem Ultramarines-Infanterie-Abziehbilderbogen geliefert.<\/p>\n","protected":false},"excerpt":{"rendered":"<p>Bladeguard Veterans Bladeguard-Veteranen sind Veteranen der Primaris First Company. Bladeguard-Veteranen ziehen in reich verzierte R\u00fcstungen gekleidet in die Schlacht, die mit Siegeln der Reinheit bedeckt und mit Siegessymbolen und heraldischen Gegenst\u00e4nden geschm\u00fcckt sind. Ihre imposanten Sturmschilde sind das Werk ganzer Generationen von Ordenssklaven, und die m\u00e4chtigen Kraftfeldgeneratoren, die sie beherbergen, sollen die Seele ihres Tr\u00e4gers [&hellip;]<\/p>\n","protected":false},"featured_media":4698,"template":"","meta":[],"product_brand":[],"product_cat":[118],"product_tag":[],"class_list":{"0":"post-4697","1":"product","2":"type-product","3":"status-publish","4":"has-post-thumbnail","6":"product_cat-40k","8":"first","9":"instock","10":"sale","11":"taxable","12":"shipping-taxable","13":"purchasable","14":"product-type-simple"},"_links":{"self":[{"href":"https:\/\/melnibone.at\/shop\/index.php\/wp-json\/wp\/v2\/product\/4697","targetHints":{"allow":["GET"]}}],"collection":[{"href":"https:\/\/melnibone.at\/shop\/index.php\/wp-json\/wp\/v2\/product"}],"about":[{"href":"https:\/\/melnibone.at\/shop\/index.php\/wp-json\/wp\/v2\/types\/product"}],"wp:featuredmedia":[{"embeddable":true,"href":"https:\/\/melnibone.at\/shop\/index.php\/wp-json\/wp\/v2\/media\/4698"}],"wp:attachment":[{"href":"https:\/\/melnibone.at\/shop\/index.php\/wp-json\/wp\/v2\/media?parent=4697"}],"wp:term":[{"taxonomy":"product_brand","embeddable":true,"href":"https:\/\/melnibone.at\/shop\/index.php\/wp-json\/wp\/v2\/product_brand?post=4697"},{"taxonomy":"product_cat","embeddable":true,"href":"https:\/\/melnibone.at\/shop\/index.php\/wp-json\/wp\/v2\/product_cat?post=4697"},{"taxonomy":"product_tag","embeddable":true,"href":"https:\/\/melnibone.at\/shop\/index.php\/wp-json\/wp\/v2\/product_tag?post=4697"}],"curies":[{"name":"wp","href":"https:\/\/api.w.org\/{rel}","templated":true}]}}