{"id":4699,"date":"2025-01-01T23:43:13","date_gmt":"2025-01-01T22:43:13","guid":{"rendered":"https:\/\/melnibone.at\/shop\/?post_type=product&#038;p=4699"},"modified":"2025-01-01T23:45:16","modified_gmt":"2025-01-01T22:45:16","slug":"intercessoren-der-space-marines-48-75","status":"publish","type":"product","link":"https:\/\/melnibone.at\/shop\/index.php\/produkt\/intercessoren-der-space-marines-48-75\/","title":{"rendered":"INTERCESSOREN DER SPACE MARINES (48-75)"},"content":{"rendered":"<h3>Primaris Intercessors<\/h3>\n<p>Ein Intercessor, der Teil eines Intercessor Squads sein kann, ist die standardm\u00e4\u00dfige schwere Mehrzweck-Infanterieeinheit der Primaris\u00a0Space Marines. Intercessors \u00e4hneln in ihrer Kampffunktion einem Tactical Squad von Firstborn Astartes oder einem Legion Tactical Squad von alten Legion\u00e4ren der\u00a0Space Marines.<\/p>\n<p>Die zahlreichsten und strategisch vielseitigsten Krieger in einem Codex-Astartes-konformen Orden der\u00a0Space Marines\u00a0bilden Kampfgruppen. Sie sind flexibel genug, um einen Angriff zu unterdr\u00fccken oder eine Position mit vernichtender Feuerkraft zu halten. Was auch immer die strategische Herausforderung ist, die Battleline Squads sind jeder Aufgabe gewachsen. Ein starker Kern zuverl\u00e4ssiger und anpassungsf\u00e4higer Krieger, die Feuer legen k\u00f6nnen, w\u00e4hrend sie vorr\u00fccken oder Gel\u00e4nde halten, ist eine unsch\u00e4tzbare Hilfe f\u00fcr jeden Taktiker. Im Falle von Einsatzkr\u00e4ften, die von Primaris-Kampfbr\u00fcdern verst\u00e4rkt werden, wird diese Rolle von den Intercessor Squads ausgef\u00fcllt.<\/p>\n<p>Intercessor Squads sind in der Lage, \u00fcberlappende Salven aus Feuerkraft auszurichten und bilden oft den flexiblen Kampfkern neu gegr\u00fcndeter Primaris-Orden. Viele bereits etablierte Orden haben begonnen, sie neben ihren Firstborn Tactical Squads einzusetzen. Roboute Guilliman erinnert sich gut an den Erfolg der einarmigen Trupps aus der Zeit des Gro\u00dfen Kreuzzugs \u2013 die Kombination aus der konzentrierten Feuerkraft der Intercessor Squads und der Anpassungsf\u00e4higkeit der Tactical Squads hat sich als nahezu unaufhaltsam erwiesen. K\u00fcrzlich von Primaris verst\u00e4rkte Orden wie die Crimson Fists oder Scythes of the Emperor haben festgestellt, dass diese neuen Krieger f\u00fcr eine Vielzahl von Aufgaben geeignet sind. Weitere vom Kodex abweichende Orden haben ihre eigenen Rollen f\u00fcr Intercessor Squads gefunden, von den strengen Dropsite-Verteidigern der Raven Guard bis zu den Durchbruchunterdr\u00fcckern der Imperial Fists.<\/p>\n<p>Jedes Mitglied eines Intercessor Squad tr\u00e4gt eine Variante eines Bolt Rifle, dessen Standardversion Mark II Cawl Pattern eine gr\u00f6\u00dfere Reichweite und gr\u00f6\u00dfere Durchschlagskraft als der \u00e4ltere Bolter hat. Zus\u00e4tzlich tr\u00e4gt jeder Intercessor auch eine Bolt Pistol und Splitter- und Sprenggranaten. Diese Ladung erm\u00f6glicht es Intercessor Squads, jedes Feuergefecht zu dominieren, indem sie bestrafendes Feuer niederlegen, um alle au\u00dfer den widerstandsf\u00e4higsten Feinden zu eliminieren. Aber Intercessor Squads sind keine reinen Fernkampfspezialisten. Sie sind in der Lage, Stahlbetonw\u00e4nde sauber zu durchschlagen, die Hitze rasender Infernos zu ertragen und Xenos-Schrecken mit ihren bewaffneten H\u00e4nden in St\u00fccke zu rei\u00dfen.<\/p>\n<p><strong>Bitsoptionen:<\/strong><\/p>\n<ul>\n<li>10 Boltgewehr\n<ul>\n<li>Standard-Boltgewehr mit Sichelmagazin<\/li>\n<li>Sturmboltgewehr mit \u00dcberladungskondensator<\/li>\n<li>Stalker-Boltgewehr mit Zielfernrohr und Stabmagazin<\/li>\n<\/ul>\n<\/li>\n<li>36 verschiedene K\u00f6pfe<\/li>\n<li>12 Pistolenholster<\/li>\n<li>10 Munitions und Granatentaschen<\/li>\n<li>6 Kampfmesserscheiden\n<p>Der Bausatz der Primaris Intercessors umfasst 266 Bauteile, 10 Citadel-Rundbases (32 mm) und einen Abziehbilderbogen.<\/li>\n<\/ul>\n","protected":false},"excerpt":{"rendered":"<p>Primaris Intercessors Ein Intercessor, der Teil eines Intercessor Squads sein kann, ist die standardm\u00e4\u00dfige schwere Mehrzweck-Infanterieeinheit der Primaris\u00a0Space Marines. Intercessors \u00e4hneln in ihrer Kampffunktion einem Tactical Squad von Firstborn Astartes oder einem Legion Tactical Squad von alten Legion\u00e4ren der\u00a0Space Marines. Die zahlreichsten und strategisch vielseitigsten Krieger in einem Codex-Astartes-konformen Orden der\u00a0Space Marines\u00a0bilden Kampfgruppen. Sie sind [&hellip;]<\/p>\n","protected":false},"featured_media":4700,"template":"","meta":[],"product_brand":[],"product_cat":[118],"product_tag":[],"class_list":{"0":"post-4699","1":"product","2":"type-product","3":"status-publish","4":"has-post-thumbnail","6":"product_cat-40k","8":"first","9":"instock","10":"sale","11":"taxable","12":"shipping-taxable","13":"purchasable","14":"product-type-simple"},"_links":{"self":[{"href":"https:\/\/melnibone.at\/shop\/index.php\/wp-json\/wp\/v2\/product\/4699","targetHints":{"allow":["GET"]}}],"collection":[{"href":"https:\/\/melnibone.at\/shop\/index.php\/wp-json\/wp\/v2\/product"}],"about":[{"href":"https:\/\/melnibone.at\/shop\/index.php\/wp-json\/wp\/v2\/types\/product"}],"wp:featuredmedia":[{"embeddable":true,"href":"https:\/\/melnibone.at\/shop\/index.php\/wp-json\/wp\/v2\/media\/4700"}],"wp:attachment":[{"href":"https:\/\/melnibone.at\/shop\/index.php\/wp-json\/wp\/v2\/media?parent=4699"}],"wp:term":[{"taxonomy":"product_brand","embeddable":true,"href":"https:\/\/melnibone.at\/shop\/index.php\/wp-json\/wp\/v2\/product_brand?post=4699"},{"taxonomy":"product_cat","embeddable":true,"href":"https:\/\/melnibone.at\/shop\/index.php\/wp-json\/wp\/v2\/product_cat?post=4699"},{"taxonomy":"product_tag","embeddable":true,"href":"https:\/\/melnibone.at\/shop\/index.php\/wp-json\/wp\/v2\/product_tag?post=4699"}],"curies":[{"name":"wp","href":"https:\/\/api.w.org\/{rel}","templated":true}]}}