{"id":4708,"date":"2025-01-01T23:53:00","date_gmt":"2025-01-01T22:53:00","guid":{"rendered":"https:\/\/melnibone.at\/shop\/?post_type=product&#038;p=4708"},"modified":"2025-07-25T11:13:34","modified_gmt":"2025-07-25T09:13:34","slug":"chaos-space-marine-squad-43-06","status":"publish","type":"product","link":"https:\/\/melnibone.at\/shop\/index.php\/produkt\/chaos-space-marine-squad-43-06\/","title":{"rendered":"Chaos Space Marine Squad (43-06)"},"content":{"rendered":"<h3>Trupp der\u00a0Chaos Space Marines<\/h3>\n<p>Die\u00a0Chaos Space Marines\u00a0(auch bekannt als Traitor Marines,\u00a0Chaos Marines, Heretic Astartes oder Traitor Legionnaires) z\u00e4hlen zu den beliebtesten und m\u00e4chtigsten Dienern der M\u00e4chte des Chaos.<\/p>\n<p>Vor zehntausend Jahren fiel Horus, Kriegsmeister des Imperiums und vertrauensw\u00fcrdigster \u201eSohn\u201c des Imperators, aufgrund einer Verschw\u00f6rung der Word Bearers dem Chaos zum Opfer. Neben der Legion der\u00a0Space Marines\u00a0unter seinem direkten Kommando schlossen sich ihm auch die Sons of Horus, acht seiner Bruder-Primarchen und ihre Legionen in der Horus-H\u00e4resie gegen den Imperator an.<\/p>\n<p>Erst als Horus im ultimativen Konflikt der Ketzerei, der Schlacht von Terra, get\u00f6tet wurde, wurde die Rebellion gebrochen und die besiegten Verr\u00e4terlegionen in das Auge des Schreckens gejagt, das bis heute sowohl ihr Gef\u00e4ngnis als auch ihr Zufluchtsort ist. Die\u00a0Chaos Space Marines\u00a0haben ihre Niederlage in der Ketzerei nicht vergessen und haben in den letzten zehntausend Jahren den Langen Krieg gegen das\u00a0Imperium\u00a0gef\u00fchrt.<\/p>\n<p>Technisch gesehen sind die Legionen der Chaos\u00a0Space Marines\u00a0die einzigen noch existierenden Legionen der\u00a0Space Marines, da die loyalistischen Legionen nach der Ketzerei in eigenst\u00e4ndige Orden umgewandelt wurden. Obwohl die Legion f\u00fcr die\u00a0Chaos Marines\u00a0als Identifikationskonzept am Leben bleibt, wurden in Wirklichkeit fast alle Chaos Legions im Laufe der Zeit in separate Kriegsbanden zerstreut, die rivalisierenden Chaos Champions folgen. Es wird gesagt, dass nur die Black Legion,\u00a0Death Guard\u00a0und Word Bearers ihren Zusammenhalt als Legion bewahrt haben.[5] Gelegentlich ist es einem hochbeg\u00fcnstigten Champion des Chaos wie Abaddon m\u00f6glich, diese Verr\u00e4terlegionen vor\u00fcbergehend wieder gegen das\u00a0Imperium\u00a0zu vereinen.<\/p>\n<p>Im Laufe der Jahrtausende haben die Energien, die das Auge des Schreckens durchdringen, ihre transformierende Wirkung sowohl auf das lebende Fleisch als auch auf die leblosen Waffen und R\u00fcstungen der Chaos\u00a0Space Marines\u00a0ausge\u00fcbt. In Bezug auf Waffen und Ausr\u00fcstung bewahren die Chaos Legions einen Gro\u00dfteil ihres Erbes der Legiones Astartes. Der Bolter bleibt die Hauptwaffe, auch wenn er durch die Launen des Chaos oder des Benutzers selbst in eine Fusion aus biologischen und anorganischen Teilen umgestaltet oder in seltsame und barocke Formen umgestaltet wurde. Obwohl Power Armor oft nicht als Astartes-Ausgabe erkennbar ist, funktionieren die Anz\u00fcge weiterhin gleich und enthalten standardm\u00e4\u00dfige autosensorische Technologie, Kommunikatoren und Atemschutzger\u00e4te. Die R\u00fcstung wurde neu eingef\u00e4rbt und dekoriert, um die Treue zum Patron des Chaos der Legion zu zeigen.<\/p>\n<p>Dieses Set wird in 144 Kunststoffteilen geliefert und enth\u00e4lt 10 x 32 mm Rundbases.<\/p>\n","protected":false},"excerpt":{"rendered":"<p>Trupp der\u00a0Chaos Space Marines Die\u00a0Chaos Space Marines\u00a0(auch bekannt als Traitor Marines,\u00a0Chaos Marines, Heretic Astartes oder Traitor Legionnaires) z\u00e4hlen zu den beliebtesten und m\u00e4chtigsten Dienern der M\u00e4chte des Chaos. Vor zehntausend Jahren fiel Horus, Kriegsmeister des Imperiums und vertrauensw\u00fcrdigster \u201eSohn\u201c des Imperators, aufgrund einer Verschw\u00f6rung der Word Bearers dem Chaos zum Opfer. Neben der Legion der\u00a0Space [&hellip;]<\/p>\n","protected":false},"featured_media":4709,"template":"","meta":[],"product_brand":[],"product_cat":[118],"product_tag":[],"class_list":{"0":"post-4708","1":"product","2":"type-product","3":"status-publish","4":"has-post-thumbnail","6":"product_cat-40k","8":"first","9":"instock","10":"sale","11":"taxable","12":"shipping-taxable","13":"purchasable","14":"product-type-simple"},"_links":{"self":[{"href":"https:\/\/melnibone.at\/shop\/index.php\/wp-json\/wp\/v2\/product\/4708","targetHints":{"allow":["GET"]}}],"collection":[{"href":"https:\/\/melnibone.at\/shop\/index.php\/wp-json\/wp\/v2\/product"}],"about":[{"href":"https:\/\/melnibone.at\/shop\/index.php\/wp-json\/wp\/v2\/types\/product"}],"wp:featuredmedia":[{"embeddable":true,"href":"https:\/\/melnibone.at\/shop\/index.php\/wp-json\/wp\/v2\/media\/4709"}],"wp:attachment":[{"href":"https:\/\/melnibone.at\/shop\/index.php\/wp-json\/wp\/v2\/media?parent=4708"}],"wp:term":[{"taxonomy":"product_brand","embeddable":true,"href":"https:\/\/melnibone.at\/shop\/index.php\/wp-json\/wp\/v2\/product_brand?post=4708"},{"taxonomy":"product_cat","embeddable":true,"href":"https:\/\/melnibone.at\/shop\/index.php\/wp-json\/wp\/v2\/product_cat?post=4708"},{"taxonomy":"product_tag","embeddable":true,"href":"https:\/\/melnibone.at\/shop\/index.php\/wp-json\/wp\/v2\/product_tag?post=4708"}],"curies":[{"name":"wp","href":"https:\/\/api.w.org\/{rel}","templated":true}]}}