{"id":4712,"date":"2025-01-01T23:57:01","date_gmt":"2025-01-01T22:57:01","guid":{"rendered":"https:\/\/melnibone.at\/shop\/?post_type=product&#038;p=4712"},"modified":"2025-07-25T11:11:30","modified_gmt":"2025-07-25T09:11:30","slug":"chaos-space-marines-raptoren-43-13","status":"publish","type":"product","link":"https:\/\/melnibone.at\/shop\/index.php\/produkt\/chaos-space-marines-raptoren-43-13\/","title":{"rendered":"CHAOS SPACE MARINES: RAPTOREN (43-13)"},"content":{"rendered":"<h3>Chaos Raptors<\/h3>\n<p>Chaos Space Marine Raptors sind die engagierte Angriffsinfanterie der Verr\u00e4terlegionen der\u00a0Chaos Space Marines. Raptoren betrachten sich selbst als Elite-Sto\u00dftruppen, \u00e4hnlich den Kriegern, aus denen die Loyalist Space Marine Assault Squads bestehen, obwohl sie viel egoistischer und egozentrischer sind. Da Raptoren daran gew\u00f6hnt sind, am schw\u00e4chsten Punkt einer feindlichen Linie zuzuschlagen, wurde diese taktische Verwendung zu einer klaren Philosophie erweitert, die dem Konzept gewidmet ist, die Schwachen zu jagen und sie zu b\u00f6sartigen J\u00e4gern zu machen. Die als Raptoren bekannten grausamen Terrortruppen betrachten sich selbst als die Elite der Heretic Astartes-Kriegerscharen. Ihre Mordkommandos verk\u00f6rpern, was aus den Assault Marines der Traitor Legions geworden ist.<\/p>\n<p>Obwohl sie einst seltene und hochgesch\u00e4tzte\u00a0Imperiale\u00a0Truppen waren, sind die Raptors ihrem eigenen Stolz und ihrer Gier nach Gewalt verfallen. Sie durchstreifen jetzt die Galaxie als gnadenlose J\u00e4ger und genie\u00dfen die Angst, die sie verursachen, wenn sie schreiend aus dem Himmel st\u00fcrzen. Innerhalb der alten Legionen der\u00a0Space Marines\u00a0waren Jump-Pack-Truppen relativ selten. Horus kannte den Wert des \u00dcberraschungsangriffs sehr gut, und sein milit\u00e4risches Genie war so gro\u00df, dass die Ankunft seiner Assault Marines der Wendepunkt in Dutzenden kritischer Schlachten war.<\/p>\n<p>Sie w\u00fcrden in Reserve gehalten, bis der Feind eine Schw\u00e4che in seiner Kampflinie aufdeckte, woraufhin ganze Jump Pack-Kompanien in den Kampf st\u00fcrzten und die Verteidigung des Feindes mit Meltagun, Flammenwerfer, Bolzenpistole und Kettenschwert weit aufbrachen. Als Horus seine Revolte gegen den Imperator begann, umfassten seine Armeen mehr als die H\u00e4lfte der mit Sprungmodulen ausgestatteten Legionsangriffseinheiten der riesigen Legionen der\u00a0Space Marines\u00a0jener Tage. Obwohl nur ein kleiner Prozentsatz der Gesamtgr\u00f6\u00dfe von Horus&#8216; Armee, gab es immer noch Zehntausende solcher Astartes unter seinem Kommando.<\/p>\n<p>Wie alle\u00a0Space Marines\u00a0der Traitor Legions wurden diese Truppen langsam und heimt\u00fcckisch von den Chaosg\u00f6ttern korrumpiert, so dass sie Schritt f\u00fcr Schritt in etwas verwandelt wurden, das alles in allem das Gegenteil von dem war, was sie einst waren. Wo einst stolze, edle Krieger der\u00a0Space Marines\u00a0waren, standen jetzt die eitlen, selbsts\u00fcchtigen Kreaturen, die sowohl ihnen selbst als auch ihren Feinden schnell als Raptoren bekannt wurden. Wen die Raptors genau anbeten, ist jedoch keineswegs klar; Es k\u00f6nnte einer der gro\u00dfen Chaosg\u00f6tter sein, wie Tzeentch oder Slaanesh, aber es ist wahrscheinlicher, dass es sich um eine der F\u00fclle kleinerer Chaosgottheiten handelt, die zwar nicht so m\u00e4chtig wie die Gro\u00dfm\u00e4chte, aber genauso gef\u00e4hrlich und b\u00f6se sind.<\/p>\n<p>Wen auch immer sie verehren, die Raptors sind im Laufe der Zeit immer mehr korrumpiert worden, ihre R\u00fcstung wurde durch eine seltsame Kraft des Chaos so mutiert, dass sie nur noch eine vor\u00fcbergehende \u00c4hnlichkeit mit der edlen Powerr\u00fcstung aufweist, die sie einst war.<br \/>\nDieser mehrteilige Kunststoffbausatz enth\u00e4lt 116 Teile, f\u00fcnf Rundbases (32 mm) und einen Abziehbildbogen der\u00a0Chaos Space Marines, aus dem 5 Raptoren der\u00a0Chaos Space Marines\u00a0oder 5 Warp Talons der Chaos\u00a0Space Marines\u00a0gebaut werden k\u00f6nnen.<\/p>\n<p>Dieser Bausatz wird unbemalt geliefert und muss zusammengebaut werden.<\/p>\n","protected":false},"excerpt":{"rendered":"<p>Chaos Raptors Chaos Space Marine Raptors sind die engagierte Angriffsinfanterie der Verr\u00e4terlegionen der\u00a0Chaos Space Marines. Raptoren betrachten sich selbst als Elite-Sto\u00dftruppen, \u00e4hnlich den Kriegern, aus denen die Loyalist Space Marine Assault Squads bestehen, obwohl sie viel egoistischer und egozentrischer sind. Da Raptoren daran gew\u00f6hnt sind, am schw\u00e4chsten Punkt einer feindlichen Linie zuzuschlagen, wurde diese taktische [&hellip;]<\/p>\n","protected":false},"featured_media":4713,"template":"","meta":[],"product_brand":[],"product_cat":[118],"product_tag":[],"class_list":{"0":"post-4712","1":"product","2":"type-product","3":"status-publish","4":"has-post-thumbnail","6":"product_cat-40k","8":"first","9":"instock","10":"sale","11":"taxable","12":"shipping-taxable","13":"purchasable","14":"product-type-simple"},"_links":{"self":[{"href":"https:\/\/melnibone.at\/shop\/index.php\/wp-json\/wp\/v2\/product\/4712","targetHints":{"allow":["GET"]}}],"collection":[{"href":"https:\/\/melnibone.at\/shop\/index.php\/wp-json\/wp\/v2\/product"}],"about":[{"href":"https:\/\/melnibone.at\/shop\/index.php\/wp-json\/wp\/v2\/types\/product"}],"wp:featuredmedia":[{"embeddable":true,"href":"https:\/\/melnibone.at\/shop\/index.php\/wp-json\/wp\/v2\/media\/4713"}],"wp:attachment":[{"href":"https:\/\/melnibone.at\/shop\/index.php\/wp-json\/wp\/v2\/media?parent=4712"}],"wp:term":[{"taxonomy":"product_brand","embeddable":true,"href":"https:\/\/melnibone.at\/shop\/index.php\/wp-json\/wp\/v2\/product_brand?post=4712"},{"taxonomy":"product_cat","embeddable":true,"href":"https:\/\/melnibone.at\/shop\/index.php\/wp-json\/wp\/v2\/product_cat?post=4712"},{"taxonomy":"product_tag","embeddable":true,"href":"https:\/\/melnibone.at\/shop\/index.php\/wp-json\/wp\/v2\/product_tag?post=4712"}],"curies":[{"name":"wp","href":"https:\/\/api.w.org\/{rel}","templated":true}]}}