{"id":4719,"date":"2025-01-02T00:04:05","date_gmt":"2025-01-01T23:04:05","guid":{"rendered":"https:\/\/melnibone.at\/shop\/?post_type=product&#038;p=4719"},"modified":"2025-01-02T00:06:38","modified_gmt":"2025-01-01T23:06:38","slug":"chaos-space-marines-terminators-43-19","status":"publish","type":"product","link":"https:\/\/melnibone.at\/shop\/index.php\/produkt\/chaos-space-marines-terminators-43-19\/","title":{"rendered":"Chaos Space Marines Terminators (43-19)"},"content":{"rendered":"<h3><strong>Inhalt:<\/strong><\/h3>\n<ul>\n<li>Eine schwer gepanzerte Einheit, die aus der Ferne wie im Nahkampf gleicherma\u00dfen t\u00f6dlich ist<\/li>\n<li>Kann mit einer m\u00f6rderischen Auswahl aus Nahkampfwaffen und Schweren Waffen ausgestattet werden<\/li>\n<li>Eine Elite-Auswahl f\u00fcr die Fraktion der Chaos Space Marines<\/li>\n<\/ul>\n<p>&nbsp;<\/p>\n<h3>Terminators des Chaos sind schwer bewaffnete Veteranen in entweihten Taktischen Dreadnought-R\u00fcstungen. Sie bilden die Elite der Kriegerscharen ihrer Herren, denn wenngleich sie ihren servoger\u00fcsteten Kameraden gegen\u00fcber beh\u00e4big sind, k\u00f6nnen sie von Waffen, die nicht auf die Abwehr von Panzern ausgelegt sind, kaum aufgehalten werden. Auf ihren massiven Schultern sind die Sch\u00e4del ihrer Feinde als Troph\u00e4en aufgespie\u00dft und stellen einen barbarischen Beweis f\u00fcr das Geschick ihres Tr\u00e4gers dar. Ihre Helme sind zu bestialischen Masken verzerrt, aus denen gro\u00dfe Hauer und scharfe H\u00f6rner ragen, von denen viele direkt mit den Sch\u00e4deln ihrer Tr\u00e4ger verwachsen sind.<\/h3>\n<p>&nbsp;<\/p>\n<p>Terminators des Chaos sind ausgezeichnete und vielseitige K\u00e4mpfer. Nicht nur verleiht ihnen ihre Terminatorr\u00fcstung anderen Einheiten der Chaos Space Marines \u00fcberlegene Widerstandsf\u00e4higkeit, durch ihre massige Gr\u00f6\u00dfe und die schauerlichen Troph\u00e4en stechen sie auch auf dem Schlachtfeld heraus.<\/p>\n<p>Dieses Set enth\u00e4lt 5 mehrteilige Terminators des Chaos, von denen jeder mit einer Auswahl aus Nah- und Fernkampfwaffen ausgestattet werden kann. Die folgenden Waffenoptionen sind im Set enthalten.<\/p>\n<p>&#8211; 1 Kettenaxt<br \/>\n&#8211; 1 Kettenfaust<br \/>\n&#8211; 1 Energieschwert<br \/>\n&#8211; 1 Energieaxt<br \/>\n&#8211; 1 Energiestreitkolben<br \/>\n&#8211; 2 Energief\u00e4uste<br \/>\n&#8211; 2 Energieklauen<br \/>\n&#8211; 1 Schwerer Flammenwerfer<br \/>\n&#8211; 1 Schnitter-Maschinenkanone<br \/>\n&#8211; 5 Kombiwaffen<\/p>\n<p><em>Die Miniaturen bestehen aus Kunststoff, m\u00fcssen zusammengebaut und bemalt werden.<\/em><\/p>\n<p><em>Aufgrund der aktuellen Situation und wegen Lieferengp\u00e4ssen beim Hersteller kann es zu l\u00e4ngeren Lieferzeiten kommen und das Erscheinungsdatum kann sich verz\u00f6gern.<\/em><\/p>\n<div class=\"grey-hint\"><strong>Wichtiger Hinweis<\/strong><br \/>\nAchtung! Nicht f\u00fcr Kinder unter 36 Monaten geeignet. Erstickungsgefahr wegen verschluckbarer Kleinteile.<\/div>\n","protected":false},"excerpt":{"rendered":"<p>Inhalt: Eine schwer gepanzerte Einheit, die aus der Ferne wie im Nahkampf gleicherma\u00dfen t\u00f6dlich ist Kann mit einer m\u00f6rderischen Auswahl aus Nahkampfwaffen und Schweren Waffen ausgestattet werden Eine Elite-Auswahl f\u00fcr die Fraktion der Chaos Space Marines &nbsp; Terminators des Chaos sind schwer bewaffnete Veteranen in entweihten Taktischen Dreadnought-R\u00fcstungen. Sie bilden die Elite der Kriegerscharen ihrer [&hellip;]<\/p>\n","protected":false},"featured_media":4720,"template":"","meta":[],"product_brand":[],"product_cat":[118],"product_tag":[],"class_list":{"0":"post-4719","1":"product","2":"type-product","3":"status-publish","4":"has-post-thumbnail","6":"product_cat-40k","8":"first","9":"instock","10":"sale","11":"taxable","12":"shipping-taxable","13":"purchasable","14":"product-type-simple"},"_links":{"self":[{"href":"https:\/\/melnibone.at\/shop\/index.php\/wp-json\/wp\/v2\/product\/4719","targetHints":{"allow":["GET"]}}],"collection":[{"href":"https:\/\/melnibone.at\/shop\/index.php\/wp-json\/wp\/v2\/product"}],"about":[{"href":"https:\/\/melnibone.at\/shop\/index.php\/wp-json\/wp\/v2\/types\/product"}],"wp:featuredmedia":[{"embeddable":true,"href":"https:\/\/melnibone.at\/shop\/index.php\/wp-json\/wp\/v2\/media\/4720"}],"wp:attachment":[{"href":"https:\/\/melnibone.at\/shop\/index.php\/wp-json\/wp\/v2\/media?parent=4719"}],"wp:term":[{"taxonomy":"product_brand","embeddable":true,"href":"https:\/\/melnibone.at\/shop\/index.php\/wp-json\/wp\/v2\/product_brand?post=4719"},{"taxonomy":"product_cat","embeddable":true,"href":"https:\/\/melnibone.at\/shop\/index.php\/wp-json\/wp\/v2\/product_cat?post=4719"},{"taxonomy":"product_tag","embeddable":true,"href":"https:\/\/melnibone.at\/shop\/index.php\/wp-json\/wp\/v2\/product_tag?post=4719"}],"curies":[{"name":"wp","href":"https:\/\/api.w.org\/{rel}","templated":true}]}}