{"id":4723,"date":"2025-01-02T00:09:18","date_gmt":"2025-01-01T23:09:18","guid":{"rendered":"https:\/\/melnibone.at\/shop\/?post_type=product&#038;p=4723"},"modified":"2025-07-25T11:14:15","modified_gmt":"2025-07-25T09:14:15","slug":"death-guard-myphitischer-seuchenschlepper-43-56","status":"publish","type":"product","link":"https:\/\/melnibone.at\/shop\/index.php\/produkt\/death-guard-myphitischer-seuchenschlepper-43-56\/","title":{"rendered":"Death Guard: MYPHITISCHER SEUCHENSCHLEPPER (43-56)"},"content":{"rendered":"<p><strong>Inhalt:<\/strong><\/p>\n<ul>\n<li>1 Easy to Build Death Guard Myphitic Blight-Hauler<\/li>\n<li>Kein Kleber notwendig, einfach zu bauen!<\/li>\n<\/ul>\n<p>&nbsp;<\/p>\n<hr \/>\n<p><strong>Beschreibung:<\/strong><\/p>\n<p>&nbsp;<\/p>\n<p><em><strong>Achtung:<\/strong>\u00a0Aufgrund der hohen Nachfrage nach diesem Modell bei Games Workshop kann es sein, dass der Artikel noch nicht\u00a0zum geplanten Release-Datum vollst\u00e4ndig zur Verf\u00fcgung stehen wird!<\/em><\/p>\n<p>Dieser Death Guard Myphitic Blight-hauler nach unserem &#8222;Easy To Build&#8220;-Prinzip wurde gestaltet, um den Zusammenbau f\u00fcr Einsteiger so einfach wie m\u00f6glich zu gestalten und gleichzeitig gen\u00fcgend Details zu bieten, die auch langj\u00e4hrige Veteranen des Hobbys erfreuen. Da er steckbar ist und keinen Kleber beim Zusammenbau ben\u00f6tigt, l\u00e4sst er sich sehr geradlinig und schnell zusammensetzen. Er wird in einem gr\u00fcn eingef\u00e4rbten Kunststoff-Gussrahmen geliefert.<\/p>\n<p>Der Myphitic Blight-hauler ist eine widerw\u00e4rtige Mischung aus Maschine und fauligem Fleisch. Von vorne betrachtet erscheint er wie ein groteskes Panzerfahrzeug mit einem geschwungenen Rumpf, der das Symbol Nurgles zeigt, sowie zwei gro\u00dfen gepanzerten Ketten. Durch das zahnbewehrte Maul an der Unterseite unterscheidet er sich allerdings von einem gew\u00f6hnlichen Angriffsfahrzeug. Auf der R\u00fcckseite ist er nicht minder schrecklich \u2013 Eine dritte Kette wird sichtbar, zusammen mit einer Masse wabbelnden Fleisches, welches mit Gurten in der Maschine festgezurrt ist. Der Myphitic Blight-hauler ist mit Multimelter und Raketenwerfer bewaffnet, die beidseitig am Rumpf angebracht sind.<\/p>\n<p>Dieser Bausatz besteht aus 30 Einzelteilen und wird mit einem Citadel-Rundbase (80 mm) geliefert. Regeln f\u00fcr den Einsatz der Miniatur liegen der Box ebenfalls bei.<\/p>\n<p><em>Die Miniatur besteht aus Kunstoff, ist unbemalt und muss zusammengebaut werden.<\/em><\/p>\n<p>&nbsp;<\/p>\n<p><em>Aufgrund der aktuellen Situation und wegen Lieferengp\u00e4ssen beim Hersteller kann es zu l\u00e4ngeren Lieferzeiten kommen und das Erscheinungsdatum kann sich verz\u00f6gern.<\/em><\/p>\n<div class=\"grey-hint\"><strong>Wichtiger Hinweis<\/strong><br \/>\nAchtung! Nicht f\u00fcr Kinder unter 36 Monaten geeignet. Erstickungsgefahr wegen verschluckbarer Kleinteile.<\/div>\n","protected":false},"excerpt":{"rendered":"<p>Inhalt: 1 Easy to Build Death Guard Myphitic Blight-Hauler Kein Kleber notwendig, einfach zu bauen! &nbsp; Beschreibung: &nbsp; Achtung:\u00a0Aufgrund der hohen Nachfrage nach diesem Modell bei Games Workshop kann es sein, dass der Artikel noch nicht\u00a0zum geplanten Release-Datum vollst\u00e4ndig zur Verf\u00fcgung stehen wird! Dieser Death Guard Myphitic Blight-hauler nach unserem &#8222;Easy To Build&#8220;-Prinzip wurde gestaltet, [&hellip;]<\/p>\n","protected":false},"featured_media":4724,"template":"","meta":[],"product_brand":[],"product_cat":[118],"product_tag":[],"class_list":{"0":"post-4723","1":"product","2":"type-product","3":"status-publish","4":"has-post-thumbnail","6":"product_cat-40k","8":"first","9":"instock","10":"sale","11":"taxable","12":"shipping-taxable","13":"purchasable","14":"product-type-simple"},"_links":{"self":[{"href":"https:\/\/melnibone.at\/shop\/index.php\/wp-json\/wp\/v2\/product\/4723","targetHints":{"allow":["GET"]}}],"collection":[{"href":"https:\/\/melnibone.at\/shop\/index.php\/wp-json\/wp\/v2\/product"}],"about":[{"href":"https:\/\/melnibone.at\/shop\/index.php\/wp-json\/wp\/v2\/types\/product"}],"wp:featuredmedia":[{"embeddable":true,"href":"https:\/\/melnibone.at\/shop\/index.php\/wp-json\/wp\/v2\/media\/4724"}],"wp:attachment":[{"href":"https:\/\/melnibone.at\/shop\/index.php\/wp-json\/wp\/v2\/media?parent=4723"}],"wp:term":[{"taxonomy":"product_brand","embeddable":true,"href":"https:\/\/melnibone.at\/shop\/index.php\/wp-json\/wp\/v2\/product_brand?post=4723"},{"taxonomy":"product_cat","embeddable":true,"href":"https:\/\/melnibone.at\/shop\/index.php\/wp-json\/wp\/v2\/product_cat?post=4723"},{"taxonomy":"product_tag","embeddable":true,"href":"https:\/\/melnibone.at\/shop\/index.php\/wp-json\/wp\/v2\/product_tag?post=4723"}],"curies":[{"name":"wp","href":"https:\/\/api.w.org\/{rel}","templated":true}]}}