{"id":4729,"date":"2025-01-02T00:14:24","date_gmt":"2025-01-01T23:14:24","guid":{"rendered":"https:\/\/melnibone.at\/shop\/?post_type=product&#038;p=4729"},"modified":"2025-02-20T14:10:24","modified_gmt":"2025-02-20T13:10:24","slug":"kampfpanzer-leman-russ-47-06","status":"publish","type":"product","link":"https:\/\/melnibone.at\/shop\/index.php\/produkt\/kampfpanzer-leman-russ-47-06\/","title":{"rendered":"Kampfpanzer Leman Russ (47-06)"},"content":{"rendered":"<p><strong>Inhalt<\/strong><\/p>\n<ul>\n<li>1x Kampfpanzer Leman Russ<\/li>\n<\/ul>\n<p>Ein schwerer Unterst\u00fctzungs-Panzer f\u00fcr die Front deiner Armee des Astra Militarum<br \/>\nW\u00e4hle aus einer schwindelerregenden Auswahl an Waffen, mit sieben unterschiedlichen Turmgesch\u00fctzen und vielen zus\u00e4tzlichen Waffen<br \/>\nKann auch als ein Panzerkommandant gebaut werden, um deine gepanzerten Kolonnen anzuf\u00fchren<\/p>\n<p>Der Leman Russ ist der Hauptkampfpanzer der Imperialen Armee, und er bildet die Speerspitze unz\u00e4hliger gepanzerter Kolonnen. Jene Feinde, die nicht im Bombardement seiner Kanonen und der vielen rumpfmontierten Waffen vergehen, werden ohne Gnade unter seinen schweren Ketten zermalmt. Diese zuverl\u00e4ssigen und m\u00e4chtigen Panzer finden sich in fast jedem Regiment des Astra Militarum in der Galaxis und sie sind zum Synonym des Zorns des Imperiums geworden.<\/p>\n<p><em>Dieser Bausatz besteht aus Kunststoff, ist unbemalt und muss zusammengebaut werden.<\/em><\/p>\n<p><em>Aufgrund der aktuellen Situation und wegen Lieferengp\u00e4ssen beim Hersteller kann es zu l\u00e4ngeren Lieferzeiten kommen und das Erscheinungsdatum kann sich verz\u00f6gern.<\/em><\/p>\n<div class=\"grey-hint\"><strong>Wichtiger Hinweis<\/strong><br \/>\nAchtung! Nicht f\u00fcr Kinder unter 36 Monaten geeignet. Erstickungsgefahr wegen verschluckbarer Kleinteile.<\/div>\n","protected":false},"excerpt":{"rendered":"<p>Inhalt 1x Kampfpanzer Leman Russ Ein schwerer Unterst\u00fctzungs-Panzer f\u00fcr die Front deiner Armee des Astra Militarum W\u00e4hle aus einer schwindelerregenden Auswahl an Waffen, mit sieben unterschiedlichen Turmgesch\u00fctzen und vielen zus\u00e4tzlichen Waffen Kann auch als ein Panzerkommandant gebaut werden, um deine gepanzerten Kolonnen anzuf\u00fchren Der Leman Russ ist der Hauptkampfpanzer der Imperialen Armee, und er bildet [&hellip;]<\/p>\n","protected":false},"featured_media":4730,"template":"","meta":[],"product_brand":[],"product_cat":[118],"product_tag":[],"class_list":{"0":"post-4729","1":"product","2":"type-product","3":"status-publish","4":"has-post-thumbnail","6":"product_cat-40k","8":"first","9":"instock","10":"sale","11":"taxable","12":"shipping-taxable","13":"purchasable","14":"product-type-simple"},"_links":{"self":[{"href":"https:\/\/melnibone.at\/shop\/index.php\/wp-json\/wp\/v2\/product\/4729","targetHints":{"allow":["GET"]}}],"collection":[{"href":"https:\/\/melnibone.at\/shop\/index.php\/wp-json\/wp\/v2\/product"}],"about":[{"href":"https:\/\/melnibone.at\/shop\/index.php\/wp-json\/wp\/v2\/types\/product"}],"wp:featuredmedia":[{"embeddable":true,"href":"https:\/\/melnibone.at\/shop\/index.php\/wp-json\/wp\/v2\/media\/4730"}],"wp:attachment":[{"href":"https:\/\/melnibone.at\/shop\/index.php\/wp-json\/wp\/v2\/media?parent=4729"}],"wp:term":[{"taxonomy":"product_brand","embeddable":true,"href":"https:\/\/melnibone.at\/shop\/index.php\/wp-json\/wp\/v2\/product_brand?post=4729"},{"taxonomy":"product_cat","embeddable":true,"href":"https:\/\/melnibone.at\/shop\/index.php\/wp-json\/wp\/v2\/product_cat?post=4729"},{"taxonomy":"product_tag","embeddable":true,"href":"https:\/\/melnibone.at\/shop\/index.php\/wp-json\/wp\/v2\/product_tag?post=4729"}],"curies":[{"name":"wp","href":"https:\/\/api.w.org\/{rel}","templated":true}]}}