{"id":4733,"date":"2025-01-02T00:17:13","date_gmt":"2025-01-01T23:17:13","guid":{"rendered":"https:\/\/melnibone.at\/shop\/?post_type=product&#038;p=4733"},"modified":"2025-07-25T11:16:26","modified_gmt":"2025-07-25T09:16:26","slug":"tyranid-hive-tyrant-the-swarmlord-51-08","status":"publish","type":"product","link":"https:\/\/melnibone.at\/shop\/index.php\/produkt\/tyranid-hive-tyrant-the-swarmlord-51-08\/","title":{"rendered":"Tyranid Hive Tyrant \/ The Swarmlord (51-08)"},"content":{"rendered":"<p><strong>Inhalt:<\/strong><\/p>\n<ul>\n<li>ein Bausatz aus dem ein Schwarmtyrant oder\u00a0&#8222;Der Schwarmherrscher&#8220; gebaut werden kann.<\/li>\n<\/ul>\n<p><em>Die Figuren und Baus\u00e4tze werden unbemalt geliefert. Sie bestehen \u00fcberwiegend aus Kuststoff<\/em><\/p>\n<p><em>Aufgrund der aktuellen Situation und wegen Lieferengp\u00e4ssen beim Hersteller kann es zu l\u00e4ngeren Lieferzeiten kommen und das Erscheinungsdatum kann sich verz\u00f6gern.<\/em><\/p>\n<div class=\"grey-hint\"><strong>Wichtiger Hinweis<\/strong><br \/>\nAchtung! Nicht f\u00fcr Kinder unter 36 Monaten geeignet. Erstickungsgefahr wegen verschluckbarer Kleinteile.<\/div>\n","protected":false},"excerpt":{"rendered":"<p>Inhalt: ein Bausatz aus dem ein Schwarmtyrant oder\u00a0&#8222;Der Schwarmherrscher&#8220; gebaut werden kann. Die Figuren und Baus\u00e4tze werden unbemalt geliefert. Sie bestehen \u00fcberwiegend aus Kuststoff Aufgrund der aktuellen Situation und wegen Lieferengp\u00e4ssen beim Hersteller kann es zu l\u00e4ngeren Lieferzeiten kommen und das Erscheinungsdatum kann sich verz\u00f6gern. Wichtiger Hinweis Achtung! Nicht f\u00fcr Kinder unter 36 Monaten geeignet. [&hellip;]<\/p>\n","protected":false},"featured_media":4734,"template":"","meta":[],"product_brand":[],"product_cat":[118],"product_tag":[],"class_list":{"0":"post-4733","1":"product","2":"type-product","3":"status-publish","4":"has-post-thumbnail","6":"product_cat-40k","8":"first","9":"instock","10":"sale","11":"taxable","12":"shipping-taxable","13":"purchasable","14":"product-type-simple"},"_links":{"self":[{"href":"https:\/\/melnibone.at\/shop\/index.php\/wp-json\/wp\/v2\/product\/4733","targetHints":{"allow":["GET"]}}],"collection":[{"href":"https:\/\/melnibone.at\/shop\/index.php\/wp-json\/wp\/v2\/product"}],"about":[{"href":"https:\/\/melnibone.at\/shop\/index.php\/wp-json\/wp\/v2\/types\/product"}],"wp:featuredmedia":[{"embeddable":true,"href":"https:\/\/melnibone.at\/shop\/index.php\/wp-json\/wp\/v2\/media\/4734"}],"wp:attachment":[{"href":"https:\/\/melnibone.at\/shop\/index.php\/wp-json\/wp\/v2\/media?parent=4733"}],"wp:term":[{"taxonomy":"product_brand","embeddable":true,"href":"https:\/\/melnibone.at\/shop\/index.php\/wp-json\/wp\/v2\/product_brand?post=4733"},{"taxonomy":"product_cat","embeddable":true,"href":"https:\/\/melnibone.at\/shop\/index.php\/wp-json\/wp\/v2\/product_cat?post=4733"},{"taxonomy":"product_tag","embeddable":true,"href":"https:\/\/melnibone.at\/shop\/index.php\/wp-json\/wp\/v2\/product_tag?post=4733"}],"curies":[{"name":"wp","href":"https:\/\/api.w.org\/{rel}","templated":true}]}}