{"id":4735,"date":"2025-01-02T00:19:14","date_gmt":"2025-01-01T23:19:14","guid":{"rendered":"https:\/\/melnibone.at\/shop\/?post_type=product&#038;p=4735"},"modified":"2025-01-02T00:20:44","modified_gmt":"2025-01-01T23:20:44","slug":"adeptus-custodes-custodeshueter-01-11","status":"publish","type":"product","link":"https:\/\/melnibone.at\/shop\/index.php\/produkt\/adeptus-custodes-custodeshueter-01-11\/","title":{"rendered":"ADEPTUS CUSTODES: CUSTODESH\u00dcTER (01-11)"},"content":{"rendered":"<h3>Custodian Wardens<\/h3>\n<p>H\u00fcter sind an den zeremoniellen Gew\u00e4ndern zu erkennen, die sie \u00fcber ihrer R\u00fcstung tragen. Diese sind ein Zeichen ihres Veteranenstatus, denn jeder Custodian Warden hat mindestens f\u00fcnf terranische Jahrhunderte im Dienst des Imperators erlebt. W\u00e4chter, die nicht die legend\u00e4ren W\u00e4chter-Speere ihres Ordens tragen, f\u00fchren Kastellan-\u00c4xte mit schweren Klingen. Diese Waffen eignen sich f\u00fcr einen eleganten und brutalen Kampfstil, bei dem der Tr\u00e4ger seine au\u00dfergew\u00f6hnliche St\u00e4rke in Verbindung mit dem Schwung seiner Axt einsetzt und donnernde Schl\u00e4ge ausl\u00f6st, die mit atemberaubender Pl\u00f6tzlichkeit die Richtung wechseln, um die Deckung ihrer Opfer zu durchbrechen und K\u00f6pfe und Gliedma\u00dfen abzuhacken. Die W\u00e4chter k\u00f6nnen auch konzentrierte Salven von Bolter-Feuer aus den Griffen ihrer Waffen abfeuern und diejenigen niederm\u00e4hen, die versuchen, sich au\u00dferhalb der verheerenden Reichweite ihrer Klingen zu halten.<\/p>\n<p>Die W\u00e4chter sind unter ihren Kameraden als besonnene und unendlich geduldige W\u00e4chter bekannt. Wenn sie die Roben annehmen, die ihre Stellung kennzeichnen, schw\u00f6ren sie verbindliche Eide, als unbewegliche W\u00e4chter zu k\u00e4mpfen, eine lebende Festung aus Auramit und Sehnen, die kein Feind jemals durchbrechen wird. Die Eide jedes W\u00e4chters sind pers\u00f6nlich und wurden vom H\u00fcter selbst geschrieben, nachdem er ein ganzes terranisches Jahr lang in Meditation auf den steilen Felsvorspr\u00fcngen des Galgenturms des Kaiserpalastes gesessen hatte. Ihre Gel\u00fcbde zu brechen w\u00e4re f\u00fcr diese Krieger schlimmer als der Tod, und ihre Entschlossenheit, sie aufrechtzuerhalten, st\u00e4rkt ihren ohnehin schon beeindruckenden Willen zu einer wahrhaft be\u00e4ngstigenden Intensit\u00e4t.<\/p>\n<p>Dieser mehrteilige Kunststoffbausatz enth\u00e4lt die erforderlichen Komponenten, um einen Trupp aus 5 Custodian Wardens zusammenzustellen. Leicht zu erkennen an den zeremoniellen Gew\u00e4ndern, die sie \u00fcber ihrer Auramit-R\u00fcstung tragen, sind sie normalerweise pr\u00e4chtig anzusehen \u2013 wie bei allen\u00a0Adeptus Custodes\u00a0ist jede Oberfl\u00e4che ihrer R\u00fcstung absolut mit wundersch\u00f6n geformten Details bedeckt, mit Edelsteinen, Adlern, Blitzen und Filigran \u00fcberall Sie sehen. Jeder ist entweder mit einem W\u00e4chter-Speer oder einer Kastellan-Axt bewaffnet, von denen jeweils 5 im Bausatz enthalten sind. Die Helme, Helmfedern und Oberschenkelplatten im Bausatz sind austauschbar, sodass Ihre W\u00e4chter einzigartig sind.<\/p>\n<p>Der Bausatz kann optional einen Schildhauptmann bauen, der die Wahl zwischen 2 nackten K\u00f6pfen, einer einzigartigen Brustplatte, einzigartigen Schulterpolstern und seinem eigenen Satz zeremonieller Roben hat \u2013 er ist mit der Wahl zwischen Kastellanaxt und W\u00e4chterspeer bewaffnet und h\u00e4lt eine Miserikordie. Dar\u00fcber hinaus kann 1 Modell als Vexilus Praetor zusammengebaut werden \u2013 neben den Standardwaffen tr\u00e4gt er eine pr\u00e4chtig verzierte Vexilla.<\/p>\n<p>Dieser Bausatz besteht aus 78 Teilen und wird mit 5 Citadel-Rundbases (40 mm) geliefert.<\/p>\n<p>Mit diesem Bausatz kannst du eine Einheit aus f\u00fcnf Custodian Wardens bauen.<\/p>\n<p>Zu erkennen sind sie sehr leicht an ihren zeremoniellen Roben und ihrer Auramitr\u00fcstung. Ausger\u00fcstet ist jedes Modell entweder mit einem W\u00e4chterspeer oder einer Kastellanaxt, jeweils 5 sind im Bausatz enthalten.<\/p>\n<p>Optional kannst du auch einen Shield Captain der\u00a0Adeptus Custodes\u00a0bauen.<\/p>\n","protected":false},"excerpt":{"rendered":"<p>Custodian Wardens H\u00fcter sind an den zeremoniellen Gew\u00e4ndern zu erkennen, die sie \u00fcber ihrer R\u00fcstung tragen. Diese sind ein Zeichen ihres Veteranenstatus, denn jeder Custodian Warden hat mindestens f\u00fcnf terranische Jahrhunderte im Dienst des Imperators erlebt. W\u00e4chter, die nicht die legend\u00e4ren W\u00e4chter-Speere ihres Ordens tragen, f\u00fchren Kastellan-\u00c4xte mit schweren Klingen. Diese Waffen eignen sich f\u00fcr [&hellip;]<\/p>\n","protected":false},"featured_media":4736,"template":"","meta":[],"product_brand":[],"product_cat":[118],"product_tag":[],"class_list":{"0":"post-4735","1":"product","2":"type-product","3":"status-publish","4":"has-post-thumbnail","6":"product_cat-40k","8":"first","9":"instock","10":"sale","11":"taxable","12":"shipping-taxable","13":"purchasable","14":"product-type-simple"},"_links":{"self":[{"href":"https:\/\/melnibone.at\/shop\/index.php\/wp-json\/wp\/v2\/product\/4735","targetHints":{"allow":["GET"]}}],"collection":[{"href":"https:\/\/melnibone.at\/shop\/index.php\/wp-json\/wp\/v2\/product"}],"about":[{"href":"https:\/\/melnibone.at\/shop\/index.php\/wp-json\/wp\/v2\/types\/product"}],"wp:featuredmedia":[{"embeddable":true,"href":"https:\/\/melnibone.at\/shop\/index.php\/wp-json\/wp\/v2\/media\/4736"}],"wp:attachment":[{"href":"https:\/\/melnibone.at\/shop\/index.php\/wp-json\/wp\/v2\/media?parent=4735"}],"wp:term":[{"taxonomy":"product_brand","embeddable":true,"href":"https:\/\/melnibone.at\/shop\/index.php\/wp-json\/wp\/v2\/product_brand?post=4735"},{"taxonomy":"product_cat","embeddable":true,"href":"https:\/\/melnibone.at\/shop\/index.php\/wp-json\/wp\/v2\/product_cat?post=4735"},{"taxonomy":"product_tag","embeddable":true,"href":"https:\/\/melnibone.at\/shop\/index.php\/wp-json\/wp\/v2\/product_tag?post=4735"}],"curies":[{"name":"wp","href":"https:\/\/api.w.org\/{rel}","templated":true}]}}