{"id":4737,"date":"2025-01-02T00:20:53","date_gmt":"2025-01-01T23:20:53","guid":{"rendered":"https:\/\/melnibone.at\/shop\/?post_type=product&#038;p=4737"},"modified":"2025-01-02T00:23:06","modified_gmt":"2025-01-01T23:23:06","slug":"adepta-sororitas-battle-sisters-dominions-celestians-squad-52-20","status":"publish","type":"product","link":"https:\/\/melnibone.at\/shop\/index.php\/produkt\/adepta-sororitas-battle-sisters-dominions-celestians-squad-52-20\/","title":{"rendered":"Adepta Sororitas Retributor Squad (52-25)"},"content":{"rendered":"<h5>Aus diesem Bausatz k\u00f6nnen f\u00fcnf Retributors und zwei Armorium Cherubs gebaut wrerden. Die Retributors k\u00f6nnen nach Wahl mit Schwerem Bolter, Schwerem Flammenwerfer oder Multimelter gebaut werden (von jeder Waffe sind zwei Exemplare in diesem Set), w\u00e4hrend die Retributor Superior mit einer Auswahl Fern- und Nahkampfwaffen ausgestrattet werden kann.<\/p>\n<p>Dieser Bausatz besteht aus 115 Kunststoffteilen und enth\u00e4lt 5 Citadel-Rundbases (32 mm) und 2 Citadel-Rundbases (25 mm). Zudem ist ein Abziehbilderbogen der Adepta Sororitas enthalten.<\/h5>\n<p><em>Aufgrund der aktuellen Situation und wegen Lieferengp\u00e4ssen beim Hersteller kann es zu l\u00e4ngeren Lieferzeiten kommen und das Erscheinungsdatum kann sich verz\u00f6gern.<\/em><\/p>\n<div class=\"grey-hint\"><strong>Wichtiger Hinweis<\/strong><br \/>\nAchtung! Nicht f\u00fcr Kinder unter 36 Monaten geeignet. Erstickungsgefahr wegen verschluckbarer Kleinteile.<\/div>\n","protected":false},"excerpt":{"rendered":"<p>Aus diesem Bausatz k\u00f6nnen f\u00fcnf Retributors und zwei Armorium Cherubs gebaut wrerden. Die Retributors k\u00f6nnen nach Wahl mit Schwerem Bolter, Schwerem Flammenwerfer oder Multimelter gebaut werden (von jeder Waffe sind zwei Exemplare in diesem Set), w\u00e4hrend die Retributor Superior mit einer Auswahl Fern- und Nahkampfwaffen ausgestrattet werden kann. Dieser Bausatz besteht aus 115 Kunststoffteilen und [&hellip;]<\/p>\n","protected":false},"featured_media":4739,"template":"","meta":[],"product_brand":[],"product_cat":[118],"product_tag":[],"class_list":{"0":"post-4737","1":"product","2":"type-product","3":"status-publish","4":"has-post-thumbnail","6":"product_cat-40k","8":"first","9":"instock","10":"sale","11":"taxable","12":"shipping-taxable","13":"purchasable","14":"product-type-simple"},"_links":{"self":[{"href":"https:\/\/melnibone.at\/shop\/index.php\/wp-json\/wp\/v2\/product\/4737","targetHints":{"allow":["GET"]}}],"collection":[{"href":"https:\/\/melnibone.at\/shop\/index.php\/wp-json\/wp\/v2\/product"}],"about":[{"href":"https:\/\/melnibone.at\/shop\/index.php\/wp-json\/wp\/v2\/types\/product"}],"wp:featuredmedia":[{"embeddable":true,"href":"https:\/\/melnibone.at\/shop\/index.php\/wp-json\/wp\/v2\/media\/4739"}],"wp:attachment":[{"href":"https:\/\/melnibone.at\/shop\/index.php\/wp-json\/wp\/v2\/media?parent=4737"}],"wp:term":[{"taxonomy":"product_brand","embeddable":true,"href":"https:\/\/melnibone.at\/shop\/index.php\/wp-json\/wp\/v2\/product_brand?post=4737"},{"taxonomy":"product_cat","embeddable":true,"href":"https:\/\/melnibone.at\/shop\/index.php\/wp-json\/wp\/v2\/product_cat?post=4737"},{"taxonomy":"product_tag","embeddable":true,"href":"https:\/\/melnibone.at\/shop\/index.php\/wp-json\/wp\/v2\/product_tag?post=4737"}],"curies":[{"name":"wp","href":"https:\/\/api.w.org\/{rel}","templated":true}]}}