{"id":4740,"date":"2025-01-02T00:23:31","date_gmt":"2025-01-01T23:23:31","guid":{"rendered":"https:\/\/melnibone.at\/shop\/?post_type=product&#038;p=4740"},"modified":"2025-02-20T14:31:28","modified_gmt":"2025-02-20T13:31:28","slug":"knight-preceptor-canis-rex-imperial-knight-54-15","status":"publish","type":"product","link":"https:\/\/melnibone.at\/shop\/index.php\/produkt\/knight-preceptor-canis-rex-imperial-knight-54-15\/","title":{"rendered":"Knight Preceptor Canis Rex \/ Imperial Knight (54-15)"},"content":{"rendered":"<h5><strong>Inhalt:<\/strong><\/h5>\n<ul>\n<li>1 Knight Preceptor Canis Rex und Sir Hekthur zu Fu\u00df<\/li>\n<li>Mit diesem Bausatz k\u00f6nnen ein Knight Preceptor, Canis Rex, ein Errant, ein Paladin, ein Warden, ein Gallant oder ein Crusader gebaut werden.<\/li>\n<li>Die Waffen sind alle austauschbar und k\u00f6nnen an allen anderen Modellen von Imperial Knights verwendet werden!<\/li>\n<\/ul>\n<p>&nbsp;<\/p>\n<hr \/>\n<h5>Beschreibung:<\/h5>\n<p>Dieser mehrteilige Kunststoffbausatz enth\u00e4lt alle Teile, die notwendig sind, um einen Knight Preceptor zu bauen. Dieser Bausatz hat es in sich \u2013 er enth\u00e4lt einen kompletten Bausatz f\u00fcr einen Imperial Knight Warden, sowie 37 zus\u00e4tzliche Teile, mit denen der Knight zu einem Preceptor umger\u00fcstet werden kann. Wahlweise kann er auch zum Preceptor mit Eigennamen Canis Rex umger\u00fcstet werden. Folgende Teile sind enthalten:<\/p>\n<ul>\n<li>Ein Gu\u00dfrahmen mit den Teilen f\u00fcr die Panzerung des Imperial Knight mit der Panzerung selbst, dem Maschinenblock, der Schulterpanzerung, Schultergelenken, 2 Sets Heraldik f\u00fcr die Panzerung und einem Maschinengewehr;<\/li>\n<li>Ein Gu\u00dfrahmen mit den Teilen f\u00fcr die Beine des Imperial Knight mit den Beinen und F\u00fc\u00dfen, Beinschienen, Unterleibssektion, Brustplatten, einem Banner, Wappenschild und Panzerung f\u00fcr Knie und Leisten;<\/li>\n<li>Ein Gu\u00dfrahmen mit Waffen f\u00fcr den Imperial Knight mit Thermalkanone, Schnellfeuer-Kampfgesch\u00fctz, Maschinengewehr, 2 alternativen Gesichtsplatten und Torso-Sektion;<\/li>\n<li>Ein Gu\u00dfrahmen f\u00fcr den Imperial Knight Warden mit Donnerschlag-Faust, R\u00e4cher-Gatlingkanone, r\u00fcckenmontierter Icarus-Zwillingsmaschinenkanone, r\u00fcckenmontiertem Raketenwerfer mit Eisensturm-, Schildbrecher- oder Sturmspeer-Raketenmagazin, Melter, 3 verschiedenen Gesichtsplatten und Wappenschild.<\/li>\n<\/ul>\n<p>Wenn du mit diesen Gu\u00dfrahmen einen Imperial Knight mit Schnitter-Kettenschwert oder einer Donnerschlag-Faust als Grundlage baust, kannst du ihn mit folgenden Teilen zum Knight Preceptor ausbauen:<\/p>\n<p>Ein Gu\u00dfrahmen mit Teilen f\u00fcr einen Knight Preceptor mit Laser-Impulsor, einer einzigartigen Gesichtsplatte, einem links unter dem R\u00fcckenpanzer montierten Multilaser, alternativer Heraldik f\u00fcr die Panzerung, 6 Wasserspeier mit Wolfskopf, eine Kniepanzerung mit modelliertem Schwert und Kette, ein Cockpit \u2013 es passt in die Panzerung und kann offen gebaut werden, um den Thron und die Kontrolltafeln und, wenn du m\u00f6chtest, einen sitzenden Piloten zu zeigen; ein Pilot zu Fu\u00df, der eine Energiezelle tr\u00e4gt; ein einzigartiger Wappenschild und Banner, passend zu Canis Rex, einem Knight mit Eigennamen.<\/p>\n<p>Mit diesem Bausatz k\u00f6nnen ein Knight Preceptor, Canis Rex, ein Errant, ein Paladin, ein Warden, ein Gallant oder ein Crusader gebaut werden\u00a0&#8211; die Waffen sind alle austauschbar und k\u00f6nnen an allen anderen Modellen von Imperial Knights verwendet werden, die du vielleicht besitzt.<\/p>\n<p>Der Knight Preceptor besteht aus 250 Teilen und wird mit einem Citadel-Ovalsbase (170 mm), einem Citadel-Rundbase (25 mm) f\u00fcr den Piloten zu Fu\u00df und einem Abziehbilderbogen mit Heraldik f\u00fcr Imperial Knights und spezieller Heraldik f\u00fcr Canis Rex geliefert.<\/p>\n<p><em>Dieser Bausatz besteht aus Kunststoff, ist unbemalt und muss zusammengebaut werden.<\/em><\/p>\n<p>&nbsp;<\/p>\n<p><em>Aufgrund der aktuellen Situation und wegen Lieferengp\u00e4ssen beim Hersteller kann es zu l\u00e4ngeren Lieferzeiten kommen und das Erscheinungsdatum kann sich verz\u00f6gern.<\/em><\/p>\n<div class=\"grey-hint\"><strong>Wichtiger Hinweis<\/strong><br \/>\nAchtung! Nicht f\u00fcr Kinder unter 36 Monaten geeignet. Erstickungsgefahr wegen verschluckbarer Kleinteile.<\/div>\n","protected":false},"excerpt":{"rendered":"<p>Inhalt: 1 Knight Preceptor Canis Rex und Sir Hekthur zu Fu\u00df Mit diesem Bausatz k\u00f6nnen ein Knight Preceptor, Canis Rex, ein Errant, ein Paladin, ein Warden, ein Gallant oder ein Crusader gebaut werden. Die Waffen sind alle austauschbar und k\u00f6nnen an allen anderen Modellen von Imperial Knights verwendet werden! &nbsp; Beschreibung: Dieser mehrteilige Kunststoffbausatz enth\u00e4lt [&hellip;]<\/p>\n","protected":false},"featured_media":4741,"template":"","meta":[],"product_brand":[],"product_cat":[118],"product_tag":[],"class_list":{"0":"post-4740","1":"product","2":"type-product","3":"status-publish","4":"has-post-thumbnail","6":"product_cat-40k","8":"first","9":"instock","10":"sale","11":"taxable","12":"shipping-taxable","13":"purchasable","14":"product-type-simple"},"_links":{"self":[{"href":"https:\/\/melnibone.at\/shop\/index.php\/wp-json\/wp\/v2\/product\/4740","targetHints":{"allow":["GET"]}}],"collection":[{"href":"https:\/\/melnibone.at\/shop\/index.php\/wp-json\/wp\/v2\/product"}],"about":[{"href":"https:\/\/melnibone.at\/shop\/index.php\/wp-json\/wp\/v2\/types\/product"}],"wp:featuredmedia":[{"embeddable":true,"href":"https:\/\/melnibone.at\/shop\/index.php\/wp-json\/wp\/v2\/media\/4741"}],"wp:attachment":[{"href":"https:\/\/melnibone.at\/shop\/index.php\/wp-json\/wp\/v2\/media?parent=4740"}],"wp:term":[{"taxonomy":"product_brand","embeddable":true,"href":"https:\/\/melnibone.at\/shop\/index.php\/wp-json\/wp\/v2\/product_brand?post=4740"},{"taxonomy":"product_cat","embeddable":true,"href":"https:\/\/melnibone.at\/shop\/index.php\/wp-json\/wp\/v2\/product_cat?post=4740"},{"taxonomy":"product_tag","embeddable":true,"href":"https:\/\/melnibone.at\/shop\/index.php\/wp-json\/wp\/v2\/product_tag?post=4740"}],"curies":[{"name":"wp","href":"https:\/\/api.w.org\/{rel}","templated":true}]}}