{"id":4746,"date":"2025-01-02T00:27:02","date_gmt":"2025-01-01T23:27:02","guid":{"rendered":"https:\/\/melnibone.at\/shop\/?post_type=product&#038;p=4746"},"modified":"2025-01-02T00:27:59","modified_gmt":"2025-01-01T23:27:59","slug":"schwerer-lokhusta-destruktor-der-necrons-49-28","status":"publish","type":"product","link":"https:\/\/melnibone.at\/shop\/index.php\/produkt\/schwerer-lokhusta-destruktor-der-necrons-49-28\/","title":{"rendered":"Schwerer Lokhusta-Destruktor der Necrons (49-28)"},"content":{"rendered":"<p><strong>Beschreibung:<\/strong><\/p>\n<p>Ob du durch Infanterie m\u00e4hen oder mit Leichtigkeit die schwersten Panzer knacken willst: du brauchst einen Schweren Lokhusta-Zerst\u00f6rer. Diese schnelle Waffenplattform erg\u00e4nzt hervorragend andere Destruktor-Einheiten oder dient deiner Armee allein, wenn sie nur ein wenig zus\u00e4tzliche Feuerkraft ben\u00f6tigt.<\/p>\n<p>Aus diesem Bausatz kannst du einen Schweren Lokhusta-Destruktor bauen. Er ist zusammensteckbar, weswegen du keinen Kleber brauchst, um ihn zusammenzubauen, und das Set enth\u00e4lt eine Auswahl K\u00f6pfe und Waffen, aus denen du w\u00e4hlen kannst. Der Bausatz besteht aus 33 Kunststoffteilen und enth\u00e4lt ein Rundbase (60 mm).<br \/>\n<em>Die Modelle bestehen aus Kunststoff, sind unbemalt und m\u00fcssen zusammengebaut werden.<\/em><\/p>\n<p><em>Aufgrund der aktuellen Situation und wegen Lieferengp\u00e4ssen beim Hersteller kann es zu l\u00e4ngeren Lieferzeiten kommen und das Erscheinungsdatum kann sich verz\u00f6gern.<\/em><\/p>\n<div class=\"grey-hint\"><strong>Wichtiger Hinweis<\/strong><br \/>\nAchtung! Nicht f\u00fcr Kinder unter 36 Monaten geeignet. Erstickungsgefahr wegen verschluckbarer Kleinteile.<\/div>\n","protected":false},"excerpt":{"rendered":"<p>Beschreibung: Ob du durch Infanterie m\u00e4hen oder mit Leichtigkeit die schwersten Panzer knacken willst: du brauchst einen Schweren Lokhusta-Zerst\u00f6rer. Diese schnelle Waffenplattform erg\u00e4nzt hervorragend andere Destruktor-Einheiten oder dient deiner Armee allein, wenn sie nur ein wenig zus\u00e4tzliche Feuerkraft ben\u00f6tigt. Aus diesem Bausatz kannst du einen Schweren Lokhusta-Destruktor bauen. Er ist zusammensteckbar, weswegen du keinen Kleber [&hellip;]<\/p>\n","protected":false},"featured_media":4747,"template":"","meta":[],"product_brand":[],"product_cat":[118],"product_tag":[],"class_list":{"0":"post-4746","1":"product","2":"type-product","3":"status-publish","4":"has-post-thumbnail","6":"product_cat-40k","8":"first","9":"instock","10":"sale","11":"taxable","12":"shipping-taxable","13":"purchasable","14":"product-type-simple"},"_links":{"self":[{"href":"https:\/\/melnibone.at\/shop\/index.php\/wp-json\/wp\/v2\/product\/4746","targetHints":{"allow":["GET"]}}],"collection":[{"href":"https:\/\/melnibone.at\/shop\/index.php\/wp-json\/wp\/v2\/product"}],"about":[{"href":"https:\/\/melnibone.at\/shop\/index.php\/wp-json\/wp\/v2\/types\/product"}],"wp:featuredmedia":[{"embeddable":true,"href":"https:\/\/melnibone.at\/shop\/index.php\/wp-json\/wp\/v2\/media\/4747"}],"wp:attachment":[{"href":"https:\/\/melnibone.at\/shop\/index.php\/wp-json\/wp\/v2\/media?parent=4746"}],"wp:term":[{"taxonomy":"product_brand","embeddable":true,"href":"https:\/\/melnibone.at\/shop\/index.php\/wp-json\/wp\/v2\/product_brand?post=4746"},{"taxonomy":"product_cat","embeddable":true,"href":"https:\/\/melnibone.at\/shop\/index.php\/wp-json\/wp\/v2\/product_cat?post=4746"},{"taxonomy":"product_tag","embeddable":true,"href":"https:\/\/melnibone.at\/shop\/index.php\/wp-json\/wp\/v2\/product_tag?post=4746"}],"curies":[{"name":"wp","href":"https:\/\/api.w.org\/{rel}","templated":true}]}}