{"id":4748,"date":"2025-01-02T00:28:25","date_gmt":"2025-01-01T23:28:25","guid":{"rendered":"https:\/\/melnibone.at\/shop\/?post_type=product&#038;p=4748"},"modified":"2025-02-20T14:29:00","modified_gmt":"2025-02-20T13:29:00","slug":"tau-empire-spaeherteam-56-09","status":"publish","type":"product","link":"https:\/\/melnibone.at\/shop\/index.php\/produkt\/tau-empire-spaeherteam-56-09\/","title":{"rendered":"T&#8217;AU EMPIRE: SP\u00c4HERTEAM (56-09)"},"content":{"rendered":"<p><strong>Inhalt:<\/strong><\/p>\n<ul>\n<li>Dieser mehrteilige Kunststoffbausatz enth\u00e4lt 137 Teile, aus denen 10 Sp\u00e4her der Tau, eine Pulsbeschleunigerdrohne, eine Grav-Inhibitordrohne und eine Aufkl\u00e4rungsdrohne gebaut werden k\u00f6nnen.<\/li>\n<\/ul>\n<p><em><br \/>\nDie Figuren und Baus\u00e4tze werden unbemalt geliefert. Sie bestehen \u00fcberwiegend aus Kuststoff<\/em><\/p>\n<p>&nbsp;<\/p>\n<p><em>Aufgrund der aktuellen Situation und wegen Lieferengp\u00e4ssen beim Hersteller kann es zu l\u00e4ngeren Lieferzeiten kommen und das Erscheinungsdatum kann sich verz\u00f6gern.<\/em><\/p>\n<div class=\"grey-hint\"><strong>Wichtiger Hinweis<\/strong><br \/>\nAchtung! Nicht f\u00fcr Kinder unter 36 Monaten geeignet. Erstickungsgefahr wegen verschluckbarer Kleinteile.<\/div>\n","protected":false},"excerpt":{"rendered":"<p>Inhalt: Dieser mehrteilige Kunststoffbausatz enth\u00e4lt 137 Teile, aus denen 10 Sp\u00e4her der Tau, eine Pulsbeschleunigerdrohne, eine Grav-Inhibitordrohne und eine Aufkl\u00e4rungsdrohne gebaut werden k\u00f6nnen. Die Figuren und Baus\u00e4tze werden unbemalt geliefert. Sie bestehen \u00fcberwiegend aus Kuststoff &nbsp; Aufgrund der aktuellen Situation und wegen Lieferengp\u00e4ssen beim Hersteller kann es zu l\u00e4ngeren Lieferzeiten kommen und das Erscheinungsdatum kann [&hellip;]<\/p>\n","protected":false},"featured_media":4749,"template":"","meta":[],"product_brand":[],"product_cat":[118],"product_tag":[],"class_list":{"0":"post-4748","1":"product","2":"type-product","3":"status-publish","4":"has-post-thumbnail","6":"product_cat-40k","8":"first","9":"instock","10":"sale","11":"taxable","12":"shipping-taxable","13":"purchasable","14":"product-type-simple"},"_links":{"self":[{"href":"https:\/\/melnibone.at\/shop\/index.php\/wp-json\/wp\/v2\/product\/4748","targetHints":{"allow":["GET"]}}],"collection":[{"href":"https:\/\/melnibone.at\/shop\/index.php\/wp-json\/wp\/v2\/product"}],"about":[{"href":"https:\/\/melnibone.at\/shop\/index.php\/wp-json\/wp\/v2\/types\/product"}],"wp:featuredmedia":[{"embeddable":true,"href":"https:\/\/melnibone.at\/shop\/index.php\/wp-json\/wp\/v2\/media\/4749"}],"wp:attachment":[{"href":"https:\/\/melnibone.at\/shop\/index.php\/wp-json\/wp\/v2\/media?parent=4748"}],"wp:term":[{"taxonomy":"product_brand","embeddable":true,"href":"https:\/\/melnibone.at\/shop\/index.php\/wp-json\/wp\/v2\/product_brand?post=4748"},{"taxonomy":"product_cat","embeddable":true,"href":"https:\/\/melnibone.at\/shop\/index.php\/wp-json\/wp\/v2\/product_cat?post=4748"},{"taxonomy":"product_tag","embeddable":true,"href":"https:\/\/melnibone.at\/shop\/index.php\/wp-json\/wp\/v2\/product_tag?post=4748"}],"curies":[{"name":"wp","href":"https:\/\/api.w.org\/{rel}","templated":true}]}}