{"id":4754,"date":"2025-01-02T00:32:08","date_gmt":"2025-01-01T23:32:08","guid":{"rendered":"https:\/\/melnibone.at\/shop\/?post_type=product&#038;p=4754"},"modified":"2025-01-02T00:33:06","modified_gmt":"2025-01-01T23:33:06","slug":"tau-empire-tau-empire-commander-56-22","status":"publish","type":"product","link":"https:\/\/melnibone.at\/shop\/index.php\/produkt\/tau-empire-tau-empire-commander-56-22\/","title":{"rendered":"T&#8217;AU EMPIRE: Tau Empire Commander (56-22)"},"content":{"rendered":"<p><strong>Boxinhalt:<\/strong><\/p>\n<ul>\n<li>Dieser mehrteilige Kunststoffbausatz bietet dir alles, was du brauchst, um einen Commander der Tau zu bauen, entweder in XV85 Enforcer Battlesuit oder in XV86 Coldstar Battlesuit. Das Set bietet auch eine Vielzahl von Optionen: verschiedene K\u00f6pfe, Turbinen, Bein- und Armkonfigurationen und massenweise Waffen. Ein Streugranatwerfer, ein Plasmagewehr, ein Flammenwerfer, ein Fusionsblaster, ein Zyklischer Ionenblaster, eine B\u00fcndelkanone (plus Upgradeset) und ein Raketenmagazin. Dazu kommt eine Drone, die als Gun, Shield oder Marker Drone gebaut werden kann.<\/li>\n<\/ul>\n<p>Es sind 77 Teile und ein Citadel-Rundbase (60mm) enthalten.<\/p>\n<p><span style=\"font-size: medium;\"><em>Die Figuren und Baus\u00e4tze werden unbemalt geliefert. Sie bestehen \u00fcberwiegend aus Kuststoff<\/em><\/span><\/p>\n<p><em>Aufgrund der aktuellen Situation und wegen Lieferengp\u00e4ssen beim Hersteller kann es zu l\u00e4ngeren Lieferzeiten kommen und das Erscheinungsdatum kann sich verz\u00f6gern.<\/em><\/p>\n<div class=\"grey-hint\"><strong>Wichtiger Hinweis<\/strong><br \/>\nAchtung! Nicht f\u00fcr Kinder unter 36 Monaten geeignet. Erstickungsgefahr wegen verschluckbarer Kleinteile.<\/div>\n","protected":false},"excerpt":{"rendered":"<p>Boxinhalt: Dieser mehrteilige Kunststoffbausatz bietet dir alles, was du brauchst, um einen Commander der Tau zu bauen, entweder in XV85 Enforcer Battlesuit oder in XV86 Coldstar Battlesuit. Das Set bietet auch eine Vielzahl von Optionen: verschiedene K\u00f6pfe, Turbinen, Bein- und Armkonfigurationen und massenweise Waffen. Ein Streugranatwerfer, ein Plasmagewehr, ein Flammenwerfer, ein Fusionsblaster, ein Zyklischer Ionenblaster, [&hellip;]<\/p>\n","protected":false},"featured_media":4755,"template":"","meta":[],"product_brand":[],"product_cat":[118],"product_tag":[],"class_list":{"0":"post-4754","1":"product","2":"type-product","3":"status-publish","4":"has-post-thumbnail","6":"product_cat-40k","8":"first","9":"instock","10":"sale","11":"taxable","12":"shipping-taxable","13":"purchasable","14":"product-type-simple"},"_links":{"self":[{"href":"https:\/\/melnibone.at\/shop\/index.php\/wp-json\/wp\/v2\/product\/4754","targetHints":{"allow":["GET"]}}],"collection":[{"href":"https:\/\/melnibone.at\/shop\/index.php\/wp-json\/wp\/v2\/product"}],"about":[{"href":"https:\/\/melnibone.at\/shop\/index.php\/wp-json\/wp\/v2\/types\/product"}],"wp:featuredmedia":[{"embeddable":true,"href":"https:\/\/melnibone.at\/shop\/index.php\/wp-json\/wp\/v2\/media\/4755"}],"wp:attachment":[{"href":"https:\/\/melnibone.at\/shop\/index.php\/wp-json\/wp\/v2\/media?parent=4754"}],"wp:term":[{"taxonomy":"product_brand","embeddable":true,"href":"https:\/\/melnibone.at\/shop\/index.php\/wp-json\/wp\/v2\/product_brand?post=4754"},{"taxonomy":"product_cat","embeddable":true,"href":"https:\/\/melnibone.at\/shop\/index.php\/wp-json\/wp\/v2\/product_cat?post=4754"},{"taxonomy":"product_tag","embeddable":true,"href":"https:\/\/melnibone.at\/shop\/index.php\/wp-json\/wp\/v2\/product_tag?post=4754"}],"curies":[{"name":"wp","href":"https:\/\/api.w.org\/{rel}","templated":true}]}}