{"id":4756,"date":"2025-01-02T00:33:33","date_gmt":"2025-01-01T23:33:33","guid":{"rendered":"https:\/\/melnibone.at\/shop\/?post_type=product&#038;p=4756"},"modified":"2025-01-02T00:34:23","modified_gmt":"2025-01-01T23:34:23","slug":"adeptus-mechanicus-skitarii-rangers-vanguard-59-10","status":"publish","type":"product","link":"https:\/\/melnibone.at\/shop\/index.php\/produkt\/adeptus-mechanicus-skitarii-rangers-vanguard-59-10\/","title":{"rendered":"Adeptus Mechanicus Skitarii Rangers\/Vanguard (59-10)"},"content":{"rendered":"<p><strong>Inhalt:<br \/>\n<\/strong><\/p>\n<ul>\n<li>Dieser mehrteilige Kunststoffbausatz enth\u00e4lt alles, was du ben\u00f6tigst, um zehn Skitarii Rangers oder zehn Skitarii Vanguards zu bauen. Das Set enth\u00e4lt 124 Bauteile, darunter 23 K\u00f6pfe (elf davon Skitarii Rangers), 25 Waffen, einen kleinen Abziehbilderbogen, ein Citadel-Ovalbase (70 mm x 25 mm) und zehn Citadel-Rundbases (25 mm).<\/li>\n<\/ul>\n<p>&nbsp;<\/p>\n<p><em>Die Kunststoffbaus\u00e4tze in diesem Set sind unbemalt und m\u00fcssen zusammengebaut werden.<\/em><\/p>\n<p><em>Aufgrund der aktuellen Situation und wegen Lieferengp\u00e4ssen beim Hersteller kann es zu l\u00e4ngeren Lieferzeiten kommen und das Erscheinungsdatum kann sich verz\u00f6gern.<\/em><\/p>\n<div class=\"grey-hint\"><strong>Wichtiger Hinweis<\/strong><br \/>\nAchtung! Nicht f\u00fcr Kinder unter 36 Monaten geeignet. Erstickungsgefahr wegen verschluckbarer Kleinteile.<\/div>\n","protected":false},"excerpt":{"rendered":"<p>Inhalt: Dieser mehrteilige Kunststoffbausatz enth\u00e4lt alles, was du ben\u00f6tigst, um zehn Skitarii Rangers oder zehn Skitarii Vanguards zu bauen. Das Set enth\u00e4lt 124 Bauteile, darunter 23 K\u00f6pfe (elf davon Skitarii Rangers), 25 Waffen, einen kleinen Abziehbilderbogen, ein Citadel-Ovalbase (70 mm x 25 mm) und zehn Citadel-Rundbases (25 mm). &nbsp; Die Kunststoffbaus\u00e4tze in diesem Set sind [&hellip;]<\/p>\n","protected":false},"featured_media":4757,"template":"","meta":[],"product_brand":[],"product_cat":[118],"product_tag":[],"class_list":{"0":"post-4756","1":"product","2":"type-product","3":"status-publish","4":"has-post-thumbnail","6":"product_cat-40k","8":"first","9":"instock","10":"sale","11":"taxable","12":"shipping-taxable","13":"purchasable","14":"product-type-simple"},"_links":{"self":[{"href":"https:\/\/melnibone.at\/shop\/index.php\/wp-json\/wp\/v2\/product\/4756","targetHints":{"allow":["GET"]}}],"collection":[{"href":"https:\/\/melnibone.at\/shop\/index.php\/wp-json\/wp\/v2\/product"}],"about":[{"href":"https:\/\/melnibone.at\/shop\/index.php\/wp-json\/wp\/v2\/types\/product"}],"wp:featuredmedia":[{"embeddable":true,"href":"https:\/\/melnibone.at\/shop\/index.php\/wp-json\/wp\/v2\/media\/4757"}],"wp:attachment":[{"href":"https:\/\/melnibone.at\/shop\/index.php\/wp-json\/wp\/v2\/media?parent=4756"}],"wp:term":[{"taxonomy":"product_brand","embeddable":true,"href":"https:\/\/melnibone.at\/shop\/index.php\/wp-json\/wp\/v2\/product_brand?post=4756"},{"taxonomy":"product_cat","embeddable":true,"href":"https:\/\/melnibone.at\/shop\/index.php\/wp-json\/wp\/v2\/product_cat?post=4756"},{"taxonomy":"product_tag","embeddable":true,"href":"https:\/\/melnibone.at\/shop\/index.php\/wp-json\/wp\/v2\/product_tag?post=4756"}],"curies":[{"name":"wp","href":"https:\/\/api.w.org\/{rel}","templated":true}]}}