{"id":4760,"date":"2025-01-02T00:36:17","date_gmt":"2025-01-01T23:36:17","guid":{"rendered":"https:\/\/melnibone.at\/shop\/?post_type=product&#038;p=4760"},"modified":"2025-07-25T11:15:10","modified_gmt":"2025-07-25T09:15:10","slug":"chaoskrieger-83-06","status":"publish","type":"product","link":"https:\/\/melnibone.at\/shop\/index.php\/produkt\/chaoskrieger-83-06\/","title":{"rendered":"Chaoskrieger (83-06)"},"content":{"rendered":"<p><strong>Inhalt<\/strong><\/p>\n<ul>\n<li>10x Chaoskrieger<\/li>\n<\/ul>\n<p>Versammle elit\u00e4re gepanzerte Linientruppen f\u00fcr deine Armee der Sklaven der Finsternis<br \/>\nErgibt 10 Chaoskrieger, die mit Runenschilden und einer Auswahl an Waffen ausger\u00fcstet sind<br \/>\nBaue deine Legion mit austauschbaren K\u00f6pfen, Waffen und Schilden<\/p>\n<p>Chaoskrieger sind in h\u00f6llengeschmiedetes Eisen geh\u00fcllt und von dunklen Gaben erf\u00fcllt und die Gei\u00dfel der Zivilisation. Ganze Legionen dieser ger\u00fcsteten M\u00f6rder marschieren auf der Suche nach g\u00f6ttlicher Gunst in die Schlacht, denn sie haben sich in blutigen Ritualen einem m\u00e4chtigen Kriegsherrn verschworen. Jeder dieser Krieger ist mehreren geringeren Sterblichen ebenb\u00fcrtig und jeder ist vom Ehrgeiz getrieben, noch m\u00e4chtiger zu werden.<\/p>\n<p><em>Dieser Bausatz besteht aus Kunststoff, ist unbemalt und muss zusammengebaut werden.<\/em><\/p>\n<p><em>Aufgrund der aktuellen Situation und wegen Lieferengp\u00e4ssen beim Hersteller kann es zu l\u00e4ngeren Lieferzeiten kommen und das Erscheinungsdatum kann sich verz\u00f6gern.<\/em><\/p>\n<div class=\"grey-hint\"><strong>Wichtiger Hinweis<\/strong><br \/>\nAchtung! Nicht f\u00fcr Kinder unter 36 Monaten geeignet. Erstickungsgefahr wegen verschluckbarer Kleinteile.<\/div>\n","protected":false},"excerpt":{"rendered":"<p>Inhalt 10x Chaoskrieger Versammle elit\u00e4re gepanzerte Linientruppen f\u00fcr deine Armee der Sklaven der Finsternis Ergibt 10 Chaoskrieger, die mit Runenschilden und einer Auswahl an Waffen ausger\u00fcstet sind Baue deine Legion mit austauschbaren K\u00f6pfen, Waffen und Schilden Chaoskrieger sind in h\u00f6llengeschmiedetes Eisen geh\u00fcllt und von dunklen Gaben erf\u00fcllt und die Gei\u00dfel der Zivilisation. Ganze Legionen dieser [&hellip;]<\/p>\n","protected":false},"featured_media":4761,"template":"","meta":[],"product_brand":[],"product_cat":[119],"product_tag":[],"class_list":{"0":"post-4760","1":"product","2":"type-product","3":"status-publish","4":"has-post-thumbnail","6":"product_cat-age-of-sigmar","8":"first","9":"instock","10":"sale","11":"taxable","12":"shipping-taxable","13":"purchasable","14":"product-type-simple"},"_links":{"self":[{"href":"https:\/\/melnibone.at\/shop\/index.php\/wp-json\/wp\/v2\/product\/4760","targetHints":{"allow":["GET"]}}],"collection":[{"href":"https:\/\/melnibone.at\/shop\/index.php\/wp-json\/wp\/v2\/product"}],"about":[{"href":"https:\/\/melnibone.at\/shop\/index.php\/wp-json\/wp\/v2\/types\/product"}],"wp:featuredmedia":[{"embeddable":true,"href":"https:\/\/melnibone.at\/shop\/index.php\/wp-json\/wp\/v2\/media\/4761"}],"wp:attachment":[{"href":"https:\/\/melnibone.at\/shop\/index.php\/wp-json\/wp\/v2\/media?parent=4760"}],"wp:term":[{"taxonomy":"product_brand","embeddable":true,"href":"https:\/\/melnibone.at\/shop\/index.php\/wp-json\/wp\/v2\/product_brand?post=4760"},{"taxonomy":"product_cat","embeddable":true,"href":"https:\/\/melnibone.at\/shop\/index.php\/wp-json\/wp\/v2\/product_cat?post=4760"},{"taxonomy":"product_tag","embeddable":true,"href":"https:\/\/melnibone.at\/shop\/index.php\/wp-json\/wp\/v2\/product_tag?post=4760"}],"curies":[{"name":"wp","href":"https:\/\/api.w.org\/{rel}","templated":true}]}}