{"id":4762,"date":"2025-01-02T00:38:08","date_gmt":"2025-01-01T23:38:08","guid":{"rendered":"https:\/\/melnibone.at\/shop\/?post_type=product&#038;p=4762"},"modified":"2025-02-20T14:26:55","modified_gmt":"2025-02-20T13:26:55","slug":"daemonenprinz-83-64","status":"publish","type":"product","link":"https:\/\/melnibone.at\/shop\/index.php\/produkt\/daemonenprinz-83-64\/","title":{"rendered":"Daemonenprinz (83-64)"},"content":{"rendered":"<p><strong>Inhalt<\/strong><\/p>\n<ul>\n<li>1x D\u00e4monenprinz<\/li>\n<\/ul>\n<p>Ein m\u00e4chtiger Held oder eine m\u00e4chtige HQ-Auswahl, gesegnet von den Chaosg\u00f6ttern<br \/>\nEin \u00e4u\u00dferst vielseitig gestaltbarer Bausatz mit haufenweise Optionen, um deinen eigenen D\u00e4monen zu bauen<br \/>\nKann in Warhammer 40.000 oder Warhammer Age of Sigmar verwendet werden<\/p>\n<p>D\u00e4monenprinzen waren einst sterbliche Champions des Chaos, die von ihren wankelm\u00fctigen Schutzg\u00f6ttern als begehrte Belohnung in den D\u00e4monenstand erhoben wurden. Jede dieser verdorbenen Monstrosit\u00e4ten ist ein wandelndes Zeugnis der infernalen Macht des Chaos und ein unsterblicher Kriegsherr, der auf seinem langen und t\u00fcckischen Pfad des Ruhms mit vielen b\u00f6sartigen Gaben gesegnet wurde. Ein D\u00e4monenprinz fliegt oder schreitet \u00fcber das Schlachtfeld wie ein Omen der Vernichtung und ihm stehen warpgeschmiedete Waffen, monstr\u00f6se Kraft und unheilige Hexerei zur Verf\u00fcgung.<\/p>\n<p><em>Dieser Bausatz besteht aus Kunststoff, ist unbemalt und muss zusammengebaut werden.<\/em><\/p>\n<p><em>Aufgrund der aktuellen Situation und wegen Lieferengp\u00e4ssen beim Hersteller kann es zu l\u00e4ngeren Lieferzeiten kommen und das Erscheinungsdatum kann sich verz\u00f6gern.<\/em><\/p>\n<div class=\"grey-hint\"><strong>Wichtiger Hinweis<\/strong><br \/>\nAchtung! Nicht f\u00fcr Kinder unter 36 Monaten geeignet. Erstickungsgefahr wegen verschluckbarer Kleinteile.<\/div>\n","protected":false},"excerpt":{"rendered":"<p>Inhalt 1x D\u00e4monenprinz Ein m\u00e4chtiger Held oder eine m\u00e4chtige HQ-Auswahl, gesegnet von den Chaosg\u00f6ttern Ein \u00e4u\u00dferst vielseitig gestaltbarer Bausatz mit haufenweise Optionen, um deinen eigenen D\u00e4monen zu bauen Kann in Warhammer 40.000 oder Warhammer Age of Sigmar verwendet werden D\u00e4monenprinzen waren einst sterbliche Champions des Chaos, die von ihren wankelm\u00fctigen Schutzg\u00f6ttern als begehrte Belohnung in [&hellip;]<\/p>\n","protected":false},"featured_media":4763,"template":"","meta":[],"product_brand":[],"product_cat":[119],"product_tag":[],"class_list":{"0":"post-4762","1":"product","2":"type-product","3":"status-publish","4":"has-post-thumbnail","6":"product_cat-age-of-sigmar","8":"first","9":"instock","10":"sale","11":"taxable","12":"shipping-taxable","13":"purchasable","14":"product-type-simple"},"_links":{"self":[{"href":"https:\/\/melnibone.at\/shop\/index.php\/wp-json\/wp\/v2\/product\/4762","targetHints":{"allow":["GET"]}}],"collection":[{"href":"https:\/\/melnibone.at\/shop\/index.php\/wp-json\/wp\/v2\/product"}],"about":[{"href":"https:\/\/melnibone.at\/shop\/index.php\/wp-json\/wp\/v2\/types\/product"}],"wp:featuredmedia":[{"embeddable":true,"href":"https:\/\/melnibone.at\/shop\/index.php\/wp-json\/wp\/v2\/media\/4763"}],"wp:attachment":[{"href":"https:\/\/melnibone.at\/shop\/index.php\/wp-json\/wp\/v2\/media?parent=4762"}],"wp:term":[{"taxonomy":"product_brand","embeddable":true,"href":"https:\/\/melnibone.at\/shop\/index.php\/wp-json\/wp\/v2\/product_brand?post=4762"},{"taxonomy":"product_cat","embeddable":true,"href":"https:\/\/melnibone.at\/shop\/index.php\/wp-json\/wp\/v2\/product_cat?post=4762"},{"taxonomy":"product_tag","embeddable":true,"href":"https:\/\/melnibone.at\/shop\/index.php\/wp-json\/wp\/v2\/product_tag?post=4762"}],"curies":[{"name":"wp","href":"https:\/\/api.w.org\/{rel}","templated":true}]}}