{"id":4764,"date":"2025-01-02T00:39:25","date_gmt":"2025-01-01T23:39:25","guid":{"rendered":"https:\/\/melnibone.at\/shop\/?post_type=product&#038;p=4764"},"modified":"2025-01-02T00:40:13","modified_gmt":"2025-01-01T23:40:13","slug":"freigilden-fusiliere-86-19","status":"publish","type":"product","link":"https:\/\/melnibone.at\/shop\/index.php\/produkt\/freigilden-fusiliere-86-19\/","title":{"rendered":"Freigilden-Fusiliere (86-19)"},"content":{"rendered":"<p><strong>Inhalt:<\/strong><\/p>\n<ul>\n<li>10x Freigilden-F\u00fcsiliere<\/li>\n<\/ul>\n<p>Aus diesem mehrteiligen Kunststoffbausatz kannst du 10 Freigilden-F\u00fcsiliere bauen, die von einem Schwarzpulverknappen begleitet werden. Jeder der F\u00fcsiliere ist mit einer gro\u00dfen Pavese ausgestattet, auf der sie eine Gewehrkanone mit Bajonett aufsetzen. Du kannst eines der Modelle als F\u00fcsilier-Feldwebel bauen, der entweder mit einem Paar Pistolen oder einer Gemetzelflinte bewaffnet ist, und ein weiteres als F\u00fcsilier-Herold, der eine Standarte und Fackel tr\u00e4gt, mit einer Auswahl verschiedener Ikonen und Flammen. Der begleitende Schwarzpulverknappe rennt an der Feuerlinie entlang, um Pulver und Munition dorthin zu bringen, wo sie ben\u00f6tigt werden.<\/p>\n<p>Die verschiedenen Posen, K\u00f6pfe und Schilde sind zwischen den Modellen austauschbar, und zusammen mit den zwei neugierigen Gargoylians bist du in der Lage, deine Freigilden-Streitkr\u00e4fte variiert und einzigartig zu halten, egal wie viele F\u00fcsiliere sich dir anschlie\u00dfen.<\/p>\n<p>Dieser Bausatz besteht aus 115 Kunststoffteilen, 10 Citadel-Rundbases (28,5 mm) und 1 Citadel-Rundbase (25 mm). Ebenso ist ein Abziehbilderbogen der St\u00e4dte Sigmars enthalten, mit 410 Abzeichen der Freien St\u00e4dte, des Sigmarkults und andere Heraldik.<\/p>\n<p><em>Diese Miniaturen sind unbemalt und m\u00fcssen zusammengebaut werden \u2013 wir empfehlen die Verwendung von Citadel-Kunststoffkleber und Citadel-Colour-Farben.<\/em><\/p>\n<p><em>Aufgrund der aktuellen Situation und wegen Lieferengp\u00e4ssen beim Hersteller kann es zu l\u00e4ngeren Lieferzeiten kommen und das Erscheinungsdatum kann sich verz\u00f6gern.<\/em><\/p>\n<div class=\"grey-hint\"><strong>Wichtiger Hinweis<\/strong><br \/>\nAchtung! Nicht f\u00fcr Kinder unter 36 Monaten geeignet. Erstickungsgefahr wegen verschluckbarer Kleinteile.<\/div>\n","protected":false},"excerpt":{"rendered":"<p>Inhalt: 10x Freigilden-F\u00fcsiliere Aus diesem mehrteiligen Kunststoffbausatz kannst du 10 Freigilden-F\u00fcsiliere bauen, die von einem Schwarzpulverknappen begleitet werden. Jeder der F\u00fcsiliere ist mit einer gro\u00dfen Pavese ausgestattet, auf der sie eine Gewehrkanone mit Bajonett aufsetzen. Du kannst eines der Modelle als F\u00fcsilier-Feldwebel bauen, der entweder mit einem Paar Pistolen oder einer Gemetzelflinte bewaffnet ist, und [&hellip;]<\/p>\n","protected":false},"featured_media":4765,"template":"","meta":[],"product_brand":[],"product_cat":[119],"product_tag":[],"class_list":{"0":"post-4764","1":"product","2":"type-product","3":"status-publish","4":"has-post-thumbnail","6":"product_cat-age-of-sigmar","8":"first","9":"instock","10":"sale","11":"taxable","12":"shipping-taxable","13":"purchasable","14":"product-type-simple"},"_links":{"self":[{"href":"https:\/\/melnibone.at\/shop\/index.php\/wp-json\/wp\/v2\/product\/4764","targetHints":{"allow":["GET"]}}],"collection":[{"href":"https:\/\/melnibone.at\/shop\/index.php\/wp-json\/wp\/v2\/product"}],"about":[{"href":"https:\/\/melnibone.at\/shop\/index.php\/wp-json\/wp\/v2\/types\/product"}],"wp:featuredmedia":[{"embeddable":true,"href":"https:\/\/melnibone.at\/shop\/index.php\/wp-json\/wp\/v2\/media\/4765"}],"wp:attachment":[{"href":"https:\/\/melnibone.at\/shop\/index.php\/wp-json\/wp\/v2\/media?parent=4764"}],"wp:term":[{"taxonomy":"product_brand","embeddable":true,"href":"https:\/\/melnibone.at\/shop\/index.php\/wp-json\/wp\/v2\/product_brand?post=4764"},{"taxonomy":"product_cat","embeddable":true,"href":"https:\/\/melnibone.at\/shop\/index.php\/wp-json\/wp\/v2\/product_cat?post=4764"},{"taxonomy":"product_tag","embeddable":true,"href":"https:\/\/melnibone.at\/shop\/index.php\/wp-json\/wp\/v2\/product_tag?post=4764"}],"curies":[{"name":"wp","href":"https:\/\/api.w.org\/{rel}","templated":true}]}}