{"id":4768,"date":"2025-01-02T00:41:37","date_gmt":"2025-01-01T23:41:37","guid":{"rendered":"https:\/\/melnibone.at\/shop\/?post_type=product&#038;p=4768"},"modified":"2025-02-20T14:26:15","modified_gmt":"2025-02-20T13:26:15","slug":"speerspitze-der-seraphon-70-19","status":"publish","type":"product","link":"https:\/\/melnibone.at\/shop\/index.php\/produkt\/speerspitze-der-seraphon-70-19\/","title":{"rendered":"SPEERSPITZE: DER SERAPHON (70-19)"},"content":{"rendered":"<p><em>Aufgrund der aktuellen Situation und wegen Lieferengp\u00e4ssen beim Hersteller kann es zu l\u00e4ngeren Lieferzeiten kommen und das Erscheinungsdatum kann sich verz\u00f6gern.<\/em><\/p>\n<div class=\"grey-hint\"><strong>Wichtiger Hinweis<\/strong><br \/>\nAchtung! Nicht f\u00fcr Kinder unter 36 Monaten geeignet. Erstickungsgefahr wegen verschluckbarer Kleinteile.<\/div>\n","protected":false},"excerpt":{"rendered":"<p>Aufgrund der aktuellen Situation und wegen Lieferengp\u00e4ssen beim Hersteller kann es zu l\u00e4ngeren Lieferzeiten kommen und das Erscheinungsdatum kann sich verz\u00f6gern. Wichtiger Hinweis Achtung! Nicht f\u00fcr Kinder unter 36 Monaten geeignet. Erstickungsgefahr wegen verschluckbarer Kleinteile.<\/p>\n","protected":false},"featured_media":4769,"template":"","meta":[],"product_brand":[],"product_cat":[119],"product_tag":[],"class_list":{"0":"post-4768","1":"product","2":"type-product","3":"status-publish","4":"has-post-thumbnail","6":"product_cat-age-of-sigmar","8":"first","9":"instock","10":"sale","11":"taxable","12":"shipping-taxable","13":"purchasable","14":"product-type-simple"},"_links":{"self":[{"href":"https:\/\/melnibone.at\/shop\/index.php\/wp-json\/wp\/v2\/product\/4768","targetHints":{"allow":["GET"]}}],"collection":[{"href":"https:\/\/melnibone.at\/shop\/index.php\/wp-json\/wp\/v2\/product"}],"about":[{"href":"https:\/\/melnibone.at\/shop\/index.php\/wp-json\/wp\/v2\/types\/product"}],"wp:featuredmedia":[{"embeddable":true,"href":"https:\/\/melnibone.at\/shop\/index.php\/wp-json\/wp\/v2\/media\/4769"}],"wp:attachment":[{"href":"https:\/\/melnibone.at\/shop\/index.php\/wp-json\/wp\/v2\/media?parent=4768"}],"wp:term":[{"taxonomy":"product_brand","embeddable":true,"href":"https:\/\/melnibone.at\/shop\/index.php\/wp-json\/wp\/v2\/product_brand?post=4768"},{"taxonomy":"product_cat","embeddable":true,"href":"https:\/\/melnibone.at\/shop\/index.php\/wp-json\/wp\/v2\/product_cat?post=4768"},{"taxonomy":"product_tag","embeddable":true,"href":"https:\/\/melnibone.at\/shop\/index.php\/wp-json\/wp\/v2\/product_tag?post=4768"}],"curies":[{"name":"wp","href":"https:\/\/api.w.org\/{rel}","templated":true}]}}