{"id":4770,"date":"2025-01-02T00:46:09","date_gmt":"2025-01-01T23:46:09","guid":{"rendered":"https:\/\/melnibone.at\/shop\/?post_type=product&#038;p=4770"},"modified":"2025-01-02T00:47:19","modified_gmt":"2025-01-01T23:47:19","slug":"aggradon-lanzenreiter-88-18","status":"publish","type":"product","link":"https:\/\/melnibone.at\/shop\/index.php\/produkt\/aggradon-lanzenreiter-88-18\/","title":{"rendered":"Aggradon Lanzenreiter (88-18)"},"content":{"rendered":"<p>Entfessle Furcht und Verw\u00fcstung mit den m\u00e4chtigen\u00a0<strong>Aggradon Lanzenreitern<\/strong>!<\/p>\n<p>Wenn es um Schockkavallerie geht, die feindliche Kampflinien zerschmettern und Schrecken verbreiten kann, gibt es nur wenige, die es mit der rohen Kraft und Wildheit der Aggradon Lanzenreiter aufnehmen k\u00f6nnen. Diese au\u00dfergew\u00f6hnlichen Krieger reiten auf dem R\u00fccken der furchterregenden Aggradon, einer Rasse, die f\u00fcr ihre unnachgiebige B\u00f6sartigkeit bekannt ist. Ihre Urinstinkte nutzend, ergreifen die Saurusreiter die Gelegenheit, sich kopf\u00fcber in das Herz der Schlacht zu st\u00fcrzen und die gegnerischen Vorhut-Einheiten mit unbarmherziger Pr\u00e4zision zu zerlegen.<\/p>\n<p>Die Lanzenreiter von Aggradon sind eine Macht, mit der man rechnen muss, angetrieben von einem unstillbaren Hunger nach Blutvergie\u00dfen. Sobald der erste Vorgeschmack auf die Schlacht in der Luft liegt, ist ihre Raserei geweckt und entfesselt eine Welle unerbittlicher Aggression. Mit jedem donnernden Schritt jagen sie ihren Feinden Angst ein und hinterlassen eine Spur von zerschlagenen Reihen und gebrochenen Seelen.<\/p>\n<p>Auf dem m\u00e4chtigen Aggradon reitend, werden diese Lanzenreiter zu einer unaufhaltsamen Macht der Zerst\u00f6rung. Die enorme St\u00e4rke und unersch\u00fctterliche Entschlossenheit der Aggradon verbinden sich mit der Geschicklichkeit und Meisterschaft der Saurus-Reiter zu einem verheerenden Tandem, das die feindlichen Linien mit Leichtigkeit durchbrechen kann. Ihre schiere Wucht und ihre t\u00f6dlichen Angriffe fegen selbst die st\u00e4rksten Verteidigungslinien beiseite und lassen den Feind in Verwirrung zur\u00fcck.<\/p>\n<p>Die Lanzenreiter von Aggradon zeichnen sich dadurch aus, dass sie die gegnerischen Vorhut-Einheiten angreifen und ihren rasenden Zustand f\u00fcr einen verheerenden Effekt ausnutzen. Mit blitzschnellen Man\u00f6vern und t\u00f6dlicher Pr\u00e4zision sto\u00dfen sie tief in das Herz des Gegners vor und stiften Chaos und Verwirrung. Wenn ihre wilden Klingen und die Klauen ihrer R\u00f6sser die Frontlinien durchschneiden, brechen ganze Kampfformationen vor Angst zusammen und ihre Entschlossenheit wird durch den unerbittlichen Angriff gebrochen.<\/p>\n<p>Wer die Lanzenreiter von Aggradon befehligt, schwingt eine Waffe der Angst und der Zerst\u00f6rung. Sie sind die Verk\u00f6rperung unerbittlicher Wildheit und der Inbegriff der Schock-Kavallerie. Ihr Kampfesdurst ist unstillbar, und ihr K\u00f6nnen im Kampf ist un\u00fcbertroffen. Wenn die Lanzenreiter von Aggradon angreifen, erbebt der Boden und der Sieg ist unausweichlich.<\/p>\n<p>Nimm deinen Platz in der Elite ein und reite an der Seite der Aggradon-Lanzenreiter. Nutze ihren unstillbaren Hunger nach dem Kampf und lass sie einen Pfad der Verw\u00fcstung durch deine Feinde bahnen. Mit ihrer un\u00fcbertroffenen Kraft und unnachgiebigen Grausamkeit werden diese Lanzenreiter alle in Angst und Schrecken versetzen, die es wagen, sich ihnen entgegenzustellen. Bereite dich auf den Ruhm vor, lass dich von der Raserei mitrei\u00dfen und erlebe die Macht der Lanzenreiter von Aggradon, wenn sie das Schlachtfeld umgestalten.<\/p>\n","protected":false},"excerpt":{"rendered":"<p>Entfessle Furcht und Verw\u00fcstung mit den m\u00e4chtigen\u00a0Aggradon Lanzenreitern! Wenn es um Schockkavallerie geht, die feindliche Kampflinien zerschmettern und Schrecken verbreiten kann, gibt es nur wenige, die es mit der rohen Kraft und Wildheit der Aggradon Lanzenreiter aufnehmen k\u00f6nnen. Diese au\u00dfergew\u00f6hnlichen Krieger reiten auf dem R\u00fccken der furchterregenden Aggradon, einer Rasse, die f\u00fcr ihre unnachgiebige B\u00f6sartigkeit [&hellip;]<\/p>\n","protected":false},"featured_media":4771,"template":"","meta":[],"product_brand":[],"product_cat":[119],"product_tag":[],"class_list":{"0":"post-4770","1":"product","2":"type-product","3":"status-publish","4":"has-post-thumbnail","6":"product_cat-age-of-sigmar","8":"first","9":"instock","10":"sale","11":"taxable","12":"shipping-taxable","13":"purchasable","14":"product-type-simple"},"_links":{"self":[{"href":"https:\/\/melnibone.at\/shop\/index.php\/wp-json\/wp\/v2\/product\/4770","targetHints":{"allow":["GET"]}}],"collection":[{"href":"https:\/\/melnibone.at\/shop\/index.php\/wp-json\/wp\/v2\/product"}],"about":[{"href":"https:\/\/melnibone.at\/shop\/index.php\/wp-json\/wp\/v2\/types\/product"}],"wp:featuredmedia":[{"embeddable":true,"href":"https:\/\/melnibone.at\/shop\/index.php\/wp-json\/wp\/v2\/media\/4771"}],"wp:attachment":[{"href":"https:\/\/melnibone.at\/shop\/index.php\/wp-json\/wp\/v2\/media?parent=4770"}],"wp:term":[{"taxonomy":"product_brand","embeddable":true,"href":"https:\/\/melnibone.at\/shop\/index.php\/wp-json\/wp\/v2\/product_brand?post=4770"},{"taxonomy":"product_cat","embeddable":true,"href":"https:\/\/melnibone.at\/shop\/index.php\/wp-json\/wp\/v2\/product_cat?post=4770"},{"taxonomy":"product_tag","embeddable":true,"href":"https:\/\/melnibone.at\/shop\/index.php\/wp-json\/wp\/v2\/product_tag?post=4770"}],"curies":[{"name":"wp","href":"https:\/\/api.w.org\/{rel}","templated":true}]}}