{"id":4772,"date":"2025-01-02T00:47:45","date_gmt":"2025-01-01T23:47:45","guid":{"rendered":"https:\/\/melnibone.at\/shop\/?post_type=product&#038;p=4772"},"modified":"2025-01-02T00:48:40","modified_gmt":"2025-01-01T23:48:40","slug":"gloomspite-gitz-grots-stabbas-shootas-89-07","status":"publish","type":"product","link":"https:\/\/melnibone.at\/shop\/index.php\/produkt\/gloomspite-gitz-grots-stabbas-shootas-89-07\/","title":{"rendered":"Gloomspite Gitz: Grots Stabbas \/ Shootas (89-07)"},"content":{"rendered":"<p><strong>Inhalt:<\/strong><\/p>\n<ul>\n<li>20 Gloomspite Gitz<\/li>\n<li>entweder als Shootas oder Stechas\u00a0 baubar<\/li>\n<\/ul>\n<p>&nbsp;<\/p>\n<hr \/>\n<p><strong>Beschreibung:<\/strong><\/p>\n<p>Stabbas sind der Kern der Armee vieler Gloomspite-Gitz-Armeen, dank ihrer F\u00e4higkeit, den Feind durch schiere Zahl zu \u00fcberw\u00e4ltigen. Sie sind toll, um Ziele zu erobern oder die schw\u00e4cheren Elemnte deiner Armee abzuschirmen \u2013 oder um einige gut platzierte Loonsmasha Fanatics zu verbergen \u2026<\/p>\n<p>Moonclan-Shootas finden sich zu gro\u00dfen Schleichmobs zusammen, um den Feind mit schwarz befiederten Pfeilen einzudecken. Sie u\u00a8berwa\u00a8ltigen ihre Opfer durch massierten Beschuss, bevor sie etwaige U\u00a8berlebende umzingeln und brutal niederstechen.<\/p>\n<p>In diesem Set findest du ausreichend Stechas, Pieksa-Speere und Mondschilde, um eine Einheit Stabbas zu bauen, oder genug Moonclan-B\u00f6gen und Schneidas, um eine Einheit Shootas zu bauen. Du findest darin ebenso eine Auswahl an Standartentr\u00e4gern, einen Gongschl\u00e4ger, 2 Dornennetze und einen speziellen Stecha, um den Moonclan Boss der Einheit zu kennzeichnen.<\/p>\n<p>Dieser Bausatz besteht aus 111 Einzelteilen und wird mit 20 Rundbases (25 mm) geliefert.<\/p>\n<p><em>Aufgrund der aktuellen Situation und wegen Lieferengp\u00e4ssen beim Hersteller kann es zu l\u00e4ngeren Lieferzeiten kommen und das Erscheinungsdatum kann sich verz\u00f6gern.<\/em><\/p>\n<div class=\"grey-hint\"><strong>Wichtiger Hinweis<\/strong><br \/>\nAchtung! Nicht f\u00fcr Kinder unter 36 Monaten geeignet. Erstickungsgefahr wegen verschluckbarer Kleinteile.<\/div>\n","protected":false},"excerpt":{"rendered":"<p>Inhalt: 20 Gloomspite Gitz entweder als Shootas oder Stechas\u00a0 baubar &nbsp; Beschreibung: Stabbas sind der Kern der Armee vieler Gloomspite-Gitz-Armeen, dank ihrer F\u00e4higkeit, den Feind durch schiere Zahl zu \u00fcberw\u00e4ltigen. Sie sind toll, um Ziele zu erobern oder die schw\u00e4cheren Elemnte deiner Armee abzuschirmen \u2013 oder um einige gut platzierte Loonsmasha Fanatics zu verbergen \u2026 [&hellip;]<\/p>\n","protected":false},"featured_media":4773,"template":"","meta":[],"product_brand":[],"product_cat":[119],"product_tag":[],"class_list":{"0":"post-4772","1":"product","2":"type-product","3":"status-publish","4":"has-post-thumbnail","6":"product_cat-age-of-sigmar","8":"first","9":"instock","10":"sale","11":"taxable","12":"shipping-taxable","13":"purchasable","14":"product-type-simple"},"_links":{"self":[{"href":"https:\/\/melnibone.at\/shop\/index.php\/wp-json\/wp\/v2\/product\/4772","targetHints":{"allow":["GET"]}}],"collection":[{"href":"https:\/\/melnibone.at\/shop\/index.php\/wp-json\/wp\/v2\/product"}],"about":[{"href":"https:\/\/melnibone.at\/shop\/index.php\/wp-json\/wp\/v2\/types\/product"}],"wp:featuredmedia":[{"embeddable":true,"href":"https:\/\/melnibone.at\/shop\/index.php\/wp-json\/wp\/v2\/media\/4773"}],"wp:attachment":[{"href":"https:\/\/melnibone.at\/shop\/index.php\/wp-json\/wp\/v2\/media?parent=4772"}],"wp:term":[{"taxonomy":"product_brand","embeddable":true,"href":"https:\/\/melnibone.at\/shop\/index.php\/wp-json\/wp\/v2\/product_brand?post=4772"},{"taxonomy":"product_cat","embeddable":true,"href":"https:\/\/melnibone.at\/shop\/index.php\/wp-json\/wp\/v2\/product_cat?post=4772"},{"taxonomy":"product_tag","embeddable":true,"href":"https:\/\/melnibone.at\/shop\/index.php\/wp-json\/wp\/v2\/product_tag?post=4772"}],"curies":[{"name":"wp","href":"https:\/\/api.w.org\/{rel}","templated":true}]}}