{"id":4774,"date":"2025-01-02T00:49:13","date_gmt":"2025-01-01T23:49:13","guid":{"rendered":"https:\/\/melnibone.at\/shop\/?post_type=product&#038;p=4774"},"modified":"2025-02-20T13:06:33","modified_gmt":"2025-02-20T12:06:33","slug":"gloomspite-gitz-squig-herd-89-48","status":"publish","type":"product","link":"https:\/\/melnibone.at\/shop\/index.php\/produkt\/gloomspite-gitz-squig-herd-89-48\/","title":{"rendered":"Gloomspite Gitz: Squig Herd (89-48)"},"content":{"rendered":"<p><strong>Inhalt:<\/strong><\/p>\n<ul>\n<li>Dieser Bausatz besteht aus 77 Einzelteilen und wird mit zw\u00f6lf Rundbases (25mm) geliefert.<\/li>\n<\/ul>\n<p>&nbsp;<\/p>\n<hr \/>\n<p><strong>Beschreibung:<\/strong><\/p>\n<p>Diese kleinen Monster sind eine gro\u00dfartige Auswahl f\u00fcr deine Armee, denn sie haben eine unfassbare offensive Durchschlagskraft \u2013 richte sie einfach in die ungef\u00e4hre Richtung von irgendwas, das sie fressen sollen, und lasse sie angreifen. Wenn du m\u00f6chtest, kannst du sogar eine ganze Armee der kleinen Bestien im ausgewogenen Spiel spielen, den in Armeen mit einem Moonclan-General gelten Squig Herds als Linientruppen. Stell dir nur mal den Gesichtsausdruck deiner Gegner vor \u2026<\/p>\n<p>Dieser Bausatz enth\u00e4lt alles, was du zum Bau einer Herde aus zehn Squigs mit \u00e4u\u00dferst flexiblen Gesichtern brauchst. Au\u00dferdem enthalten ist ein Paar aus Squigtreibas, die deine Squig Herds angemessen motivieren k\u00f6nnen und f\u00fcr die es vier m\u00f6gliche Modellvarianten gibt, aus denen du zwei bauen kannst. Du erh\u00e4ltst ebenfalls tolle Accessoires f\u00fcr deine Bases \u2013 darunter auch ein Schneckensquig \u2026<\/p>\n<p>Dieser Bausatz besteht aus 77 Einzelteilen und wird mit zw\u00f6lf Rundbases (25mm) geliefert.<\/p>\n<p><em>Aufgrund der aktuellen Situation und wegen Lieferengp\u00e4ssen beim Hersteller kann es zu l\u00e4ngeren Lieferzeiten kommen und das Erscheinungsdatum kann sich verz\u00f6gern.<\/em><\/p>\n<div class=\"grey-hint\"><strong>Wichtiger Hinweis<\/strong><br \/>\nAchtung! Nicht f\u00fcr Kinder unter 36 Monaten geeignet. Erstickungsgefahr wegen verschluckbarer Kleinteile.<\/div>\n","protected":false},"excerpt":{"rendered":"<p>Inhalt: Dieser Bausatz besteht aus 77 Einzelteilen und wird mit zw\u00f6lf Rundbases (25mm) geliefert. &nbsp; Beschreibung: Diese kleinen Monster sind eine gro\u00dfartige Auswahl f\u00fcr deine Armee, denn sie haben eine unfassbare offensive Durchschlagskraft \u2013 richte sie einfach in die ungef\u00e4hre Richtung von irgendwas, das sie fressen sollen, und lasse sie angreifen. Wenn du m\u00f6chtest, kannst [&hellip;]<\/p>\n","protected":false},"featured_media":4775,"template":"","meta":[],"product_brand":[],"product_cat":[119],"product_tag":[],"class_list":{"0":"post-4774","1":"product","2":"type-product","3":"status-publish","4":"has-post-thumbnail","6":"product_cat-age-of-sigmar","8":"first","9":"instock","10":"sale","11":"taxable","12":"shipping-taxable","13":"purchasable","14":"product-type-simple"},"_links":{"self":[{"href":"https:\/\/melnibone.at\/shop\/index.php\/wp-json\/wp\/v2\/product\/4774","targetHints":{"allow":["GET"]}}],"collection":[{"href":"https:\/\/melnibone.at\/shop\/index.php\/wp-json\/wp\/v2\/product"}],"about":[{"href":"https:\/\/melnibone.at\/shop\/index.php\/wp-json\/wp\/v2\/types\/product"}],"wp:featuredmedia":[{"embeddable":true,"href":"https:\/\/melnibone.at\/shop\/index.php\/wp-json\/wp\/v2\/media\/4775"}],"wp:attachment":[{"href":"https:\/\/melnibone.at\/shop\/index.php\/wp-json\/wp\/v2\/media?parent=4774"}],"wp:term":[{"taxonomy":"product_brand","embeddable":true,"href":"https:\/\/melnibone.at\/shop\/index.php\/wp-json\/wp\/v2\/product_brand?post=4774"},{"taxonomy":"product_cat","embeddable":true,"href":"https:\/\/melnibone.at\/shop\/index.php\/wp-json\/wp\/v2\/product_cat?post=4774"},{"taxonomy":"product_tag","embeddable":true,"href":"https:\/\/melnibone.at\/shop\/index.php\/wp-json\/wp\/v2\/product_tag?post=4774"}],"curies":[{"name":"wp","href":"https:\/\/api.w.org\/{rel}","templated":true}]}}