{"id":4776,"date":"2025-01-02T00:50:09","date_gmt":"2025-01-01T23:50:09","guid":{"rendered":"https:\/\/melnibone.at\/shop\/?post_type=product&#038;p=4776"},"modified":"2025-01-02T00:51:18","modified_gmt":"2025-01-01T23:51:18","slug":"plattnhelme-89-61","status":"publish","type":"product","link":"https:\/\/melnibone.at\/shop\/index.php\/produkt\/plattnhelme-89-61\/","title":{"rendered":"Platt\u00b4nhelme (89-61)"},"content":{"rendered":"<p><strong>Inhalt:<\/strong><\/p>\n<ul>\n<li>1x Platt\u00b4nhelme<\/li>\n<\/ul>\n<p>Aus diesem mehrteiligen Kunststoffbausatz kannst du 10 Orruk-Platt&#8217;nhelme bauen, die Frontk\u00e4mpfer der Eisenkiefa-Clans. Jeder Platt&#8217;nhelm tr\u00e4gt einen schweren, wuchtigen Schild und kann mit einem Spalta oder einem Spie\u00dfa mit langem Schaft gebaut werden. Du kannst ein Modell als einen Platt&#8217;nhelm-Boss bauen, der mit einem einzigartigen Spalta und einem Kopf deiner Wahl den Mob anf\u00fchrt, und ein anderes Modell kannst du als einen Gorkamorka-Glyphentr\u00e4ger bauen, der eine von zwei verschiedenen, auf dem R\u00fccken angebrachten Glyphen tr\u00e4gt.<\/p>\n<p>Du findest in dem Bausatz viele verschiedene K\u00f6pfe, Schilde, H\u00e4nde und Waffen, die alle vollst\u00e4ndig austauschbar sind \u2013 ganz gleich, wie gro\u00df dein Waaagh wird, du kannst immer sicherstellen, dass deine Platt&#8217;nhelme wie ein (un)ordentlich zusammengew\u00fcrfelter Mob aussehen.<\/p>\n<p><em>Dieser Bausatz besteht aus 98 Kunststoffteilen und enth\u00e4lt 10 Citadel-Rundbases (32 mm). Diese Miniaturen sind unbemalt und m\u00fcssen zusammengebaut werden \u2013 wir empfehlen die Verwendung von Citadel-Kunststoffkleber und Citadel-Colour-Farben.<\/em><\/p>\n<p>&nbsp;<\/p>\n<p><em>Aufgrund der aktuellen Situation und wegen Lieferengp\u00e4ssen beim Hersteller kann es zu l\u00e4ngeren Lieferzeiten kommen und das Erscheinungsdatum kann sich verz\u00f6gern.<\/em><\/p>\n<div class=\"grey-hint\"><strong>Wichtiger Hinweis<\/strong><br \/>\nAchtung! Nicht f\u00fcr Kinder unter 36 Monaten geeignet. Erstickungsgefahr wegen verschluckbarer Kleinteile.<\/div>\n","protected":false},"excerpt":{"rendered":"<p>Inhalt: 1x Platt\u00b4nhelme Aus diesem mehrteiligen Kunststoffbausatz kannst du 10 Orruk-Platt&#8217;nhelme bauen, die Frontk\u00e4mpfer der Eisenkiefa-Clans. Jeder Platt&#8217;nhelm tr\u00e4gt einen schweren, wuchtigen Schild und kann mit einem Spalta oder einem Spie\u00dfa mit langem Schaft gebaut werden. Du kannst ein Modell als einen Platt&#8217;nhelm-Boss bauen, der mit einem einzigartigen Spalta und einem Kopf deiner Wahl den [&hellip;]<\/p>\n","protected":false},"featured_media":4777,"template":"","meta":[],"product_brand":[],"product_cat":[119],"product_tag":[],"class_list":{"0":"post-4776","1":"product","2":"type-product","3":"status-publish","4":"has-post-thumbnail","6":"product_cat-age-of-sigmar","8":"first","9":"instock","10":"sale","11":"taxable","12":"shipping-taxable","13":"purchasable","14":"product-type-simple"},"_links":{"self":[{"href":"https:\/\/melnibone.at\/shop\/index.php\/wp-json\/wp\/v2\/product\/4776","targetHints":{"allow":["GET"]}}],"collection":[{"href":"https:\/\/melnibone.at\/shop\/index.php\/wp-json\/wp\/v2\/product"}],"about":[{"href":"https:\/\/melnibone.at\/shop\/index.php\/wp-json\/wp\/v2\/types\/product"}],"wp:featuredmedia":[{"embeddable":true,"href":"https:\/\/melnibone.at\/shop\/index.php\/wp-json\/wp\/v2\/media\/4777"}],"wp:attachment":[{"href":"https:\/\/melnibone.at\/shop\/index.php\/wp-json\/wp\/v2\/media?parent=4776"}],"wp:term":[{"taxonomy":"product_brand","embeddable":true,"href":"https:\/\/melnibone.at\/shop\/index.php\/wp-json\/wp\/v2\/product_brand?post=4776"},{"taxonomy":"product_cat","embeddable":true,"href":"https:\/\/melnibone.at\/shop\/index.php\/wp-json\/wp\/v2\/product_cat?post=4776"},{"taxonomy":"product_tag","embeddable":true,"href":"https:\/\/melnibone.at\/shop\/index.php\/wp-json\/wp\/v2\/product_tag?post=4776"}],"curies":[{"name":"wp","href":"https:\/\/api.w.org\/{rel}","templated":true}]}}