{"id":4778,"date":"2025-01-02T00:51:30","date_gmt":"2025-01-01T23:51:30","guid":{"rendered":"https:\/\/melnibone.at\/shop\/?post_type=product&#038;p=4778"},"modified":"2025-02-20T14:23:32","modified_gmt":"2025-02-20T13:23:32","slug":"vanari-auralan-sentinels-87-58","status":"publish","type":"product","link":"https:\/\/melnibone.at\/shop\/index.php\/produkt\/vanari-auralan-sentinels-87-58\/","title":{"rendered":"Vanari Auralan Sentinels (87-58)"},"content":{"rendered":"<p><strong>Inhalt:<\/strong><\/p>\n<ul>\n<li>Aus diesem Bausatz k\u00f6nnen 10 Auralan Sentinels in einer Reihe individueller Posen gebaut werden. Dank einer Auswahl an B\u00f6gen, K\u00f6chern und mehr kannst du sicherstellen, dass selbst die gewaltigste Sch\u00fctzenreihe nicht eint\u00f6nig aussieht. Dieser Bausatz enth\u00e4lt zudem Optionen, um einen Auralan Sentinel als High Sentinel mit Sp\u00e4hfalken-Laterne zu bauen.<\/li>\n<\/ul>\n<p><em>Dieser Bausatz besteht aus Kunststoff, ist unbemalt und muss zusammengebaut werden.<\/em><\/p>\n<p><em>Aufgrund der aktuellen Situation und wegen Lieferengp\u00e4ssen beim Hersteller kann es zu l\u00e4ngeren Lieferzeiten kommen und das Erscheinungsdatum kann sich verz\u00f6gern.<\/em><\/p>\n<div class=\"grey-hint\"><strong>Wichtiger Hinweis<\/strong><br \/>\nAchtung! Nicht f\u00fcr Kinder unter 36 Monaten geeignet. Erstickungsgefahr wegen verschluckbarer Kleinteile.<\/div>\n","protected":false},"excerpt":{"rendered":"<p>Inhalt: Aus diesem Bausatz k\u00f6nnen 10 Auralan Sentinels in einer Reihe individueller Posen gebaut werden. Dank einer Auswahl an B\u00f6gen, K\u00f6chern und mehr kannst du sicherstellen, dass selbst die gewaltigste Sch\u00fctzenreihe nicht eint\u00f6nig aussieht. Dieser Bausatz enth\u00e4lt zudem Optionen, um einen Auralan Sentinel als High Sentinel mit Sp\u00e4hfalken-Laterne zu bauen. Dieser Bausatz besteht aus Kunststoff, [&hellip;]<\/p>\n","protected":false},"featured_media":4779,"template":"","meta":[],"product_brand":[],"product_cat":[119],"product_tag":[],"class_list":{"0":"post-4778","1":"product","2":"type-product","3":"status-publish","4":"has-post-thumbnail","6":"product_cat-age-of-sigmar","8":"first","9":"instock","10":"sale","11":"taxable","12":"shipping-taxable","13":"purchasable","14":"product-type-simple"},"_links":{"self":[{"href":"https:\/\/melnibone.at\/shop\/index.php\/wp-json\/wp\/v2\/product\/4778","targetHints":{"allow":["GET"]}}],"collection":[{"href":"https:\/\/melnibone.at\/shop\/index.php\/wp-json\/wp\/v2\/product"}],"about":[{"href":"https:\/\/melnibone.at\/shop\/index.php\/wp-json\/wp\/v2\/types\/product"}],"wp:featuredmedia":[{"embeddable":true,"href":"https:\/\/melnibone.at\/shop\/index.php\/wp-json\/wp\/v2\/media\/4779"}],"wp:attachment":[{"href":"https:\/\/melnibone.at\/shop\/index.php\/wp-json\/wp\/v2\/media?parent=4778"}],"wp:term":[{"taxonomy":"product_brand","embeddable":true,"href":"https:\/\/melnibone.at\/shop\/index.php\/wp-json\/wp\/v2\/product_brand?post=4778"},{"taxonomy":"product_cat","embeddable":true,"href":"https:\/\/melnibone.at\/shop\/index.php\/wp-json\/wp\/v2\/product_cat?post=4778"},{"taxonomy":"product_tag","embeddable":true,"href":"https:\/\/melnibone.at\/shop\/index.php\/wp-json\/wp\/v2\/product_tag?post=4778"}],"curies":[{"name":"wp","href":"https:\/\/api.w.org\/{rel}","templated":true}]}}