{"id":4780,"date":"2025-01-02T00:53:03","date_gmt":"2025-01-01T23:53:03","guid":{"rendered":"https:\/\/melnibone.at\/shop\/?post_type=product&#038;p=4780"},"modified":"2025-07-25T11:15:46","modified_gmt":"2025-07-25T09:15:46","slug":"age-of-sigmar-stormcast-eternals-paint-set-60-10","status":"publish","type":"product","link":"https:\/\/melnibone.at\/shop\/index.php\/produkt\/age-of-sigmar-stormcast-eternals-paint-set-60-10\/","title":{"rendered":"Age of Sigmar: Stormcast Eternals Paint Set (60-10)"},"content":{"rendered":"<p><strong>Inhalt:<\/strong><\/p>\n<ul>\n<li>3x Stormcast Eternals Liberator Miniaturen aus Kunststoff<\/li>\n<li>3x Citadel 40mm Round Hex Hole Bases<\/li>\n<li>1x Citadel Colour Starter Pinsel<\/li>\n<li>6x Citadel-Farben:\n<ul>\n<li>Retributor R\u00fcstung (Basis)<\/li>\n<li>Kantor Blau (Basis)<\/li>\n<li>Corax Wei\u00df (Base)<\/li>\n<li>Leadbelcher (Basis)<\/li>\n<li>Agrax Erdschatten (Farbton)<\/li>\n<li>Astrogranit (Technisch)<\/li>\n<\/ul>\n<\/li>\n<\/ul>\n<p>Die sechs Farben werden in 12-ml-T\u00f6pfen geliefert und enthalten die wichtigsten Farben, die f\u00fcr die Bemalung deiner Befreier als Hammers of Sigmar ben\u00f6tigt werden, sowie eine technische Farbe, mit der du deine eigenen strukturierten Basen erstellen kannst.<\/p>\n<p><em>Die Miniaturen sind unbemalt und m\u00fcssen zusammengebaut werden.<\/em><\/p>\n<div class=\"grey-hint\"><strong>Wichtiger Hinweis<\/strong><br \/>\nAchtung! Nicht f\u00fcr Kinder unter 36 Monaten geeignet. Erstickungsgefahr wegen verschluckbarer Kleinteile.<\/div>\n","protected":false},"excerpt":{"rendered":"<p>Inhalt: 3x Stormcast Eternals Liberator Miniaturen aus Kunststoff 3x Citadel 40mm Round Hex Hole Bases 1x Citadel Colour Starter Pinsel 6x Citadel-Farben: Retributor R\u00fcstung (Basis) Kantor Blau (Basis) Corax Wei\u00df (Base) Leadbelcher (Basis) Agrax Erdschatten (Farbton) Astrogranit (Technisch) Die sechs Farben werden in 12-ml-T\u00f6pfen geliefert und enthalten die wichtigsten Farben, die f\u00fcr die Bemalung deiner [&hellip;]<\/p>\n","protected":false},"featured_media":4781,"template":"","meta":[],"product_brand":[],"product_cat":[119],"product_tag":[],"class_list":{"0":"post-4780","1":"product","2":"type-product","3":"status-publish","4":"has-post-thumbnail","6":"product_cat-age-of-sigmar","8":"first","9":"instock","10":"sale","11":"taxable","12":"shipping-taxable","13":"purchasable","14":"product-type-simple"},"_links":{"self":[{"href":"https:\/\/melnibone.at\/shop\/index.php\/wp-json\/wp\/v2\/product\/4780","targetHints":{"allow":["GET"]}}],"collection":[{"href":"https:\/\/melnibone.at\/shop\/index.php\/wp-json\/wp\/v2\/product"}],"about":[{"href":"https:\/\/melnibone.at\/shop\/index.php\/wp-json\/wp\/v2\/types\/product"}],"wp:featuredmedia":[{"embeddable":true,"href":"https:\/\/melnibone.at\/shop\/index.php\/wp-json\/wp\/v2\/media\/4781"}],"wp:attachment":[{"href":"https:\/\/melnibone.at\/shop\/index.php\/wp-json\/wp\/v2\/media?parent=4780"}],"wp:term":[{"taxonomy":"product_brand","embeddable":true,"href":"https:\/\/melnibone.at\/shop\/index.php\/wp-json\/wp\/v2\/product_brand?post=4780"},{"taxonomy":"product_cat","embeddable":true,"href":"https:\/\/melnibone.at\/shop\/index.php\/wp-json\/wp\/v2\/product_cat?post=4780"},{"taxonomy":"product_tag","embeddable":true,"href":"https:\/\/melnibone.at\/shop\/index.php\/wp-json\/wp\/v2\/product_tag?post=4780"}],"curies":[{"name":"wp","href":"https:\/\/api.w.org\/{rel}","templated":true}]}}