{"id":5168,"date":"2025-01-30T12:15:13","date_gmt":"2025-01-30T11:15:13","guid":{"rendered":"https:\/\/melnibone.at\/shop\/?post_type=product&#038;p=5168"},"modified":"2025-02-12T13:39:03","modified_gmt":"2025-02-12T12:39:03","slug":"one-piece-paldolce-collection-figur-tony-tony-choper-vers-a-kopie","status":"publish","type":"product","link":"https:\/\/melnibone.at\/shop\/index.php\/produkt\/one-piece-paldolce-collection-figur-tony-tony-choper-vers-a-kopie\/","title":{"rendered":"One Piece \u2013 Paldolce Collection Figur \u2013 Tony Tony Choper Vers. C"},"content":{"rendered":"<h1 class=\"product_title entry-title\">One Piece \u2013 Paldolce Collection Figur \u2013 Tony Tony Choper Vers. C<\/h1>\n<p>Banpresto pr\u00e4sentiert diese Paldolce Collection-Figur von Tony Tony Chopper (Version A) aus \u201eOne Piece\u201c, die mit einer H\u00f6he von 6 cm und kunstvollen Details jeden Fan und Sammler begeistert.<\/p>\n<p>Diese Figur wurde aus langlebigen Materialien hergestellt und mit viel Liebe zum Detail entworfen. Sie ist eine perfekte Erg\u00e4nzung f\u00fcr jede One Piece-Sammlung. Egal, ob Sie ein langj\u00e4hriger Fan der Serie sind oder gerade erst ihr faszinierendes Universum entdecken, diese Tony Tony Chopper-Figur ist ein wahrer Schatz f\u00fcr jeden Figurenliebhaber.<\/p>\n<p><strong>Warnhinweis:<\/strong>\u00a0Achtung! Nicht f\u00fcr Kinder unter 36 Monaten geeignet. Enth\u00e4lt verschluckbare Kleinteile. Erstickungsgefahr.<\/p>\n<p>&nbsp;<\/p>\n<p>&nbsp;<\/p>\n","protected":false},"excerpt":{"rendered":"<p>One Piece \u2013 Paldolce Collection Figur \u2013 Tony Tony Choper Vers. C Banpresto pr\u00e4sentiert diese Paldolce Collection-Figur von Tony Tony Chopper (Version A) aus \u201eOne Piece\u201c, die mit einer H\u00f6he von 6 cm und kunstvollen Details jeden Fan und Sammler begeistert. Diese Figur wurde aus langlebigen Materialien hergestellt und mit viel Liebe zum Detail entworfen. [&hellip;]<\/p>\n","protected":false},"featured_media":5169,"template":"","meta":[],"product_brand":[],"product_cat":[82,58],"product_tag":[],"class_list":{"0":"post-5168","1":"product","2":"type-product","3":"status-publish","4":"has-post-thumbnail","6":"product_cat-figuren","7":"product_cat-one-piece","9":"first","10":"instock","11":"taxable","12":"shipping-taxable","13":"purchasable","14":"product-type-simple"},"_links":{"self":[{"href":"https:\/\/melnibone.at\/shop\/index.php\/wp-json\/wp\/v2\/product\/5168","targetHints":{"allow":["GET"]}}],"collection":[{"href":"https:\/\/melnibone.at\/shop\/index.php\/wp-json\/wp\/v2\/product"}],"about":[{"href":"https:\/\/melnibone.at\/shop\/index.php\/wp-json\/wp\/v2\/types\/product"}],"wp:featuredmedia":[{"embeddable":true,"href":"https:\/\/melnibone.at\/shop\/index.php\/wp-json\/wp\/v2\/media\/5169"}],"wp:attachment":[{"href":"https:\/\/melnibone.at\/shop\/index.php\/wp-json\/wp\/v2\/media?parent=5168"}],"wp:term":[{"taxonomy":"product_brand","embeddable":true,"href":"https:\/\/melnibone.at\/shop\/index.php\/wp-json\/wp\/v2\/product_brand?post=5168"},{"taxonomy":"product_cat","embeddable":true,"href":"https:\/\/melnibone.at\/shop\/index.php\/wp-json\/wp\/v2\/product_cat?post=5168"},{"taxonomy":"product_tag","embeddable":true,"href":"https:\/\/melnibone.at\/shop\/index.php\/wp-json\/wp\/v2\/product_tag?post=5168"}],"curies":[{"name":"wp","href":"https:\/\/api.w.org\/{rel}","templated":true}]}}