{"id":5266,"date":"2025-02-13T12:48:20","date_gmt":"2025-02-13T11:48:20","guid":{"rendered":"https:\/\/melnibone.at\/shop\/?post_type=product&#038;p=5266"},"modified":"2025-02-13T12:51:14","modified_gmt":"2025-02-13T11:51:14","slug":"structure-deck-blue-eyes-white-destiny-de","status":"publish","type":"product","link":"https:\/\/melnibone.at\/shop\/index.php\/produkt\/structure-deck-blue-eyes-white-destiny-de\/","title":{"rendered":"Structure Deck: Blue-Eyes White Destiny (DE)"},"content":{"rendered":"<p>Structure Deck: Blue-Eyes White Destiny (DE)<\/p>\n<p>Inhalt: 1 Deck<\/p>\n<p>Dieses Deck mit 51 Karten hat alles, was du brauchst, um dein Blau\u00e4ugig-Deck auf die n\u00e4chste Stufe der Unbesiegbarkeit zu heben:<\/p>\n<p>Die allm\u00e4chtige Karte Blau\u00e4ugiger ultimativer Geisterdrache! Das Synchro der Stufe 12 ist nicht einfach nur ein Synchromonster, sondern eine Synchromonstrosit\u00e4t! Ein Mal pro Spielzug kann dieser Drache jeden beliebigen Effekt annullieren, der durch deinen Gegner auf dem Feld aktiviert wurde. Und wenn er das tut, dann konsumiert er den annullierten Effekt auch, um 1.000 Angriffspunkte f\u00fcr den Spielzug zu erhalten. Aber das ist noch nicht alles! Er sch\u00fctzt zudem deinen Friedhof, damit dein Gegner keine der dortigen Karten verbannen kann.<\/p>\n","protected":false},"excerpt":{"rendered":"<p>Structure Deck: Blue-Eyes White Destiny (DE) Inhalt: 1 Deck Dieses Deck mit 51 Karten hat alles, was du brauchst, um dein Blau\u00e4ugig-Deck auf die n\u00e4chste Stufe der Unbesiegbarkeit zu heben: Die allm\u00e4chtige Karte Blau\u00e4ugiger ultimativer Geisterdrache! Das Synchro der Stufe 12 ist nicht einfach nur ein Synchromonster, sondern eine Synchromonstrosit\u00e4t! Ein Mal pro Spielzug kann [&hellip;]<\/p>\n","protected":false},"featured_media":5267,"template":"","meta":[],"product_brand":[],"product_cat":[44],"product_tag":[],"class_list":{"0":"post-5266","1":"product","2":"type-product","3":"status-publish","4":"has-post-thumbnail","6":"product_cat-yu-gi-oh","8":"first","9":"instock","10":"taxable","11":"shipping-taxable","12":"purchasable","13":"product-type-simple"},"_links":{"self":[{"href":"https:\/\/melnibone.at\/shop\/index.php\/wp-json\/wp\/v2\/product\/5266","targetHints":{"allow":["GET"]}}],"collection":[{"href":"https:\/\/melnibone.at\/shop\/index.php\/wp-json\/wp\/v2\/product"}],"about":[{"href":"https:\/\/melnibone.at\/shop\/index.php\/wp-json\/wp\/v2\/types\/product"}],"wp:featuredmedia":[{"embeddable":true,"href":"https:\/\/melnibone.at\/shop\/index.php\/wp-json\/wp\/v2\/media\/5267"}],"wp:attachment":[{"href":"https:\/\/melnibone.at\/shop\/index.php\/wp-json\/wp\/v2\/media?parent=5266"}],"wp:term":[{"taxonomy":"product_brand","embeddable":true,"href":"https:\/\/melnibone.at\/shop\/index.php\/wp-json\/wp\/v2\/product_brand?post=5266"},{"taxonomy":"product_cat","embeddable":true,"href":"https:\/\/melnibone.at\/shop\/index.php\/wp-json\/wp\/v2\/product_cat?post=5266"},{"taxonomy":"product_tag","embeddable":true,"href":"https:\/\/melnibone.at\/shop\/index.php\/wp-json\/wp\/v2\/product_tag?post=5266"}],"curies":[{"name":"wp","href":"https:\/\/api.w.org\/{rel}","templated":true}]}}