{"id":5274,"date":"2025-02-13T16:10:45","date_gmt":"2025-02-13T15:10:45","guid":{"rendered":"https:\/\/melnibone.at\/shop\/?post_type=product&#038;p=5274"},"modified":"2026-02-19T12:20:37","modified_gmt":"2026-02-19T11:20:37","slug":"hidden-dissectibles-freenys-hidden-dissectibles-one-piece-serie-7","status":"publish","type":"product","link":"https:\/\/melnibone.at\/shop\/index.php\/produkt\/hidden-dissectibles-freenys-hidden-dissectibles-one-piece-serie-7\/","title":{"rendered":"Hidden Dissectibles: Freeny\u2019s Hidden Dissectibles One Piece Serie 7"},"content":{"rendered":"<h1 class=\"mu-product-details-page__product-name\">Freeny\u2019s Hidden Dissectibles One Piece Serie 7<\/h1>\n<p>Freeny\u2019s Hidden Dissectibles One Piece Serie 7 &#8211; Wano Arc Edition Mighty Jaxx Sammelfigur: Eine Blindbox-Spielzeugserie mit 10,2 cm gro\u00dfen Figuren aus der One Piece Serie 7 &#8211; Wano.<\/p>\n<p>Der \u00dcberfall auf Onigashima beginnt! Gewaltige Kr\u00e4fte prallen in dieser Serie von Freeny\u2019s Hidden Dissectibles: One Piece (Wano) aufeinander. Neben brandneuen Charakteren wie Big Mom, Kaidou und Kid erhalten auch bekannte Figuren wie das Monster-Trio und Law in dieser Serie eine Neuinterpretation, die die Essenz der wichtigsten Momente dieses Arcs einf\u00e4ngt.<\/p>\n<p>Entworfen vom renommierten Bildhauer Jason Freeny, zeigt jede Figur dieser Serie seinen charakteristischen, aufgeschnittenen Kunststil, der die feinen Details und das Innenleben jeder Figur offenbart.<\/p>\n<p>Seltene Figuren sind nicht garantiert. Enth\u00e4lt eine zuf\u00e4llige Figur. Vorauswahl nicht m\u00f6glich.<\/p>\n<p>&nbsp;<\/p>\n","protected":false},"excerpt":{"rendered":"<p>Freeny\u2019s Hidden Dissectibles One Piece Serie 7 Freeny\u2019s Hidden Dissectibles One Piece Serie 7 &#8211; Wano Arc Edition Mighty Jaxx Sammelfigur: Eine Blindbox-Spielzeugserie mit 10,2 cm gro\u00dfen Figuren aus der One Piece Serie 7 &#8211; Wano. Der \u00dcberfall auf Onigashima beginnt! Gewaltige Kr\u00e4fte prallen in dieser Serie von Freeny\u2019s Hidden Dissectibles: One Piece (Wano) aufeinander. [&hellip;]<\/p>\n","protected":false},"featured_media":5275,"template":"","meta":[],"product_brand":[],"product_cat":[82,58],"product_tag":[],"class_list":{"0":"post-5274","1":"product","2":"type-product","3":"status-publish","4":"has-post-thumbnail","6":"product_cat-figuren","7":"product_cat-one-piece","9":"first","10":"instock","11":"taxable","12":"shipping-taxable","13":"purchasable","14":"product-type-simple"},"_links":{"self":[{"href":"https:\/\/melnibone.at\/shop\/index.php\/wp-json\/wp\/v2\/product\/5274","targetHints":{"allow":["GET"]}}],"collection":[{"href":"https:\/\/melnibone.at\/shop\/index.php\/wp-json\/wp\/v2\/product"}],"about":[{"href":"https:\/\/melnibone.at\/shop\/index.php\/wp-json\/wp\/v2\/types\/product"}],"wp:featuredmedia":[{"embeddable":true,"href":"https:\/\/melnibone.at\/shop\/index.php\/wp-json\/wp\/v2\/media\/5275"}],"wp:attachment":[{"href":"https:\/\/melnibone.at\/shop\/index.php\/wp-json\/wp\/v2\/media?parent=5274"}],"wp:term":[{"taxonomy":"product_brand","embeddable":true,"href":"https:\/\/melnibone.at\/shop\/index.php\/wp-json\/wp\/v2\/product_brand?post=5274"},{"taxonomy":"product_cat","embeddable":true,"href":"https:\/\/melnibone.at\/shop\/index.php\/wp-json\/wp\/v2\/product_cat?post=5274"},{"taxonomy":"product_tag","embeddable":true,"href":"https:\/\/melnibone.at\/shop\/index.php\/wp-json\/wp\/v2\/product_tag?post=5274"}],"curies":[{"name":"wp","href":"https:\/\/api.w.org\/{rel}","templated":true}]}}