{"id":5630,"date":"2025-03-21T13:59:49","date_gmt":"2025-03-21T12:59:49","guid":{"rendered":"https:\/\/melnibone.at\/shop\/?post_type=product&#038;p=5630"},"modified":"2026-02-19T12:30:47","modified_gmt":"2026-02-19T11:30:47","slug":"pokemon-stapel-tin-fruehjahr-2025-de","status":"publish","type":"product","link":"https:\/\/melnibone.at\/shop\/index.php\/produkt\/pokemon-stapel-tin-fruehjahr-2025-de\/","title":{"rendered":"Pokemon &#8211; Stapel Tin Fr\u00fchjahr 2025 (EN)"},"content":{"rendered":"<h1 class=\"product-meta__title heading h3\">Pokemon &#8211; Stapel Tin Fr\u00fchjahr 2025 (EN)<\/h1>\n<p>Inhalt:<br \/>\nDiese praktische Stapel-Tin-Box des Pok\u00e9mon-Sammelkartenspiels l\u00e4sst sich wunderbar mit anderen stapeln und enth\u00e4lt:<br \/>\n* 3 Boosterpacks des Pok\u00e9mon-Sammelkartenspiels<br \/>\n* 1 Pok\u00e9mon-M\u00fcnze<\/p>\n<p>&nbsp;<\/p>\n<div class=\"metafield-rich_text_field\">\n<p><strong>Empfohlenes Alter: 6 Jahre +<\/strong><\/p>\n<\/div>\n<p>&nbsp;<\/p>\n<div class=\"metafield-rich_text_field\">\n<p><strong>Warnhinweis:<\/strong>\u00a0Achtung! Nicht f\u00fcr Kinder unter 3 Jahren geeignet Enth\u00e4lt verschluckbare Kleinteile. Erstickungsgefahr.<\/p>\n<\/div>\n<p>Sprache: Englisch<\/p>\n<p>&nbsp;<\/p>\n<p>Jeder Artikel der Kategorie &#8222;Livebreak&#8220; wird im Stream von MelniboneMtG auf Twitch ge\u00f6ffnet. Bitte gib daher bei deiner Bestellung unter &#8222;Anmerkungen zur Bestellung&#8220; deinen Nicknamen bzw. wie wir dich nennen d\u00fcrfen an.<\/p>\n<p>Wir nehmen dein Booster zuf\u00e4llig aus einem Display bzw. einer Collection.<\/p>\n","protected":false},"excerpt":{"rendered":"<p>Pokemon &#8211; Stapel Tin Fr\u00fchjahr 2025 (EN) Inhalt: Diese praktische Stapel-Tin-Box des Pok\u00e9mon-Sammelkartenspiels l\u00e4sst sich wunderbar mit anderen stapeln und enth\u00e4lt: * 3 Boosterpacks des Pok\u00e9mon-Sammelkartenspiels * 1 Pok\u00e9mon-M\u00fcnze &nbsp; Empfohlenes Alter: 6 Jahre + &nbsp; Warnhinweis:\u00a0Achtung! Nicht f\u00fcr Kinder unter 3 Jahren geeignet Enth\u00e4lt verschluckbare Kleinteile. Erstickungsgefahr. Sprache: Englisch &nbsp; Jeder Artikel der Kategorie [&hellip;]<\/p>\n","protected":false},"featured_media":5631,"template":"","meta":[],"product_brand":[],"product_cat":[68,43],"product_tag":[],"class_list":{"0":"post-5630","1":"product","2":"type-product","3":"status-publish","4":"has-post-thumbnail","6":"product_cat-live-break-pokemon","7":"product_cat-pokemon","9":"first","10":"instock","11":"taxable","12":"shipping-taxable","13":"purchasable","14":"product-type-simple"},"_links":{"self":[{"href":"https:\/\/melnibone.at\/shop\/index.php\/wp-json\/wp\/v2\/product\/5630","targetHints":{"allow":["GET"]}}],"collection":[{"href":"https:\/\/melnibone.at\/shop\/index.php\/wp-json\/wp\/v2\/product"}],"about":[{"href":"https:\/\/melnibone.at\/shop\/index.php\/wp-json\/wp\/v2\/types\/product"}],"wp:featuredmedia":[{"embeddable":true,"href":"https:\/\/melnibone.at\/shop\/index.php\/wp-json\/wp\/v2\/media\/5631"}],"wp:attachment":[{"href":"https:\/\/melnibone.at\/shop\/index.php\/wp-json\/wp\/v2\/media?parent=5630"}],"wp:term":[{"taxonomy":"product_brand","embeddable":true,"href":"https:\/\/melnibone.at\/shop\/index.php\/wp-json\/wp\/v2\/product_brand?post=5630"},{"taxonomy":"product_cat","embeddable":true,"href":"https:\/\/melnibone.at\/shop\/index.php\/wp-json\/wp\/v2\/product_cat?post=5630"},{"taxonomy":"product_tag","embeddable":true,"href":"https:\/\/melnibone.at\/shop\/index.php\/wp-json\/wp\/v2\/product_tag?post=5630"}],"curies":[{"name":"wp","href":"https:\/\/api.w.org\/{rel}","templated":true}]}}