{"id":5943,"date":"2025-05-08T11:58:29","date_gmt":"2025-05-08T09:58:29","guid":{"rendered":"https:\/\/melnibone.at\/shop\/?post_type=product&#038;p=5943"},"modified":"2025-05-08T12:10:39","modified_gmt":"2025-05-08T10:10:39","slug":"transformers-40th-anniversary-collectors-hobby-blaster-box-en","status":"publish","type":"product","link":"https:\/\/melnibone.at\/shop\/index.php\/produkt\/transformers-40th-anniversary-collectors-hobby-blaster-box-en\/","title":{"rendered":"Transformers 40Th Anniversary Collector&#8217;s Hobby Blaster Box (EN)"},"content":{"rendered":"<h1 class=\"font-product-title\">Transformers 40Th Anniversary Collector&#8217;s Hobby Blaster Box (EN)<\/h1>\n<p class=\"\" data-start=\"146\" data-end=\"300\"><span class=\"relative -mx-px my-[-0.2rem] rounded px-px py-[0.2rem] transition-colors duration-100 ease-in-out\">Feiere 40 Jahre Transformers mit dieser exklusiven Sammelbox von Dynamite Entertainment!<\/span> <span class=\"relative -mx-px my-[-0.2rem] rounded px-px py-[0.2rem] transition-colors duration-100 ease-in-out\">Die Blaster Box enth\u00e4lt 5 nostalgisch gestaltete Packs mit je 10 Karten \u2013 darunter 9 klassische G1-Charaktere wie Optimus Prime, Megatron und Bumblebee sowie 1 gl\u00e4nzende Rainbow Holofoil Parallelkarte.<\/span> <span class=\"relative -mx-px my-[-0.2rem] rounded px-px py-[0.2rem] transition-colors duration-100 ease-in-out\">Zus\u00e4tzlich liegt jeder Box eine von 9 \u00fcbergro\u00dfen Box Topper-Karten bei, die zusammen ein Puzzle ergeben.\u00a0<\/span><\/p>\n<p class=\"\" data-start=\"302\" data-end=\"317\"><strong data-start=\"302\" data-end=\"317\">Highlights:<\/strong><\/p>\n<ul data-start=\"318\" data-end=\"566\">\n<li class=\"\" data-start=\"318\" data-end=\"359\">\n<p class=\"\" data-start=\"320\" data-end=\"359\"><span class=\"relative -mx-px my-[-0.2rem] rounded px-px py-[0.2rem] transition-colors duration-100 ease-in-out\">110 Basiskarten im Vintage-Stil<\/span><\/p>\n<\/li>\n<li class=\"\" data-start=\"360\" data-end=\"401\">\n<p class=\"\" data-start=\"362\" data-end=\"401\"><span class=\"relative -mx-px my-[-0.2rem] rounded px-px py-[0.2rem] transition-colors duration-100 ease-in-out\">110 Rainbow Holofoil Parallelkarten<\/span><\/p>\n<\/li>\n<li class=\"\" data-start=\"402\" data-end=\"443\">\n<p class=\"\" data-start=\"404\" data-end=\"443\"><span class=\"relative -mx-px my-[-0.2rem] rounded px-px py-[0.2rem] transition-colors duration-100 ease-in-out\">Exklusive Creator Art-Karten von Bob Budiansky &amp; Simon Furman<\/span><\/p>\n<\/li>\n<li class=\"\" data-start=\"444\" data-end=\"485\">\n<p class=\"\" data-start=\"446\" data-end=\"485\"><span class=\"relative -mx-px my-[-0.2rem] rounded px-px py-[0.2rem] transition-colors duration-100 ease-in-out\">40 einzigartige One-of-One-Karten &amp; signierte Sketch Cards (zuf\u00e4llig verteilt)<\/span><\/p>\n<\/li>\n<li class=\"\" data-start=\"486\" data-end=\"566\">\n<p class=\"\" data-start=\"488\" data-end=\"566\"><span class=\"relative -mx-px my-[-0.2rem] rounded px-px py-[0.2rem] transition-colors duration-100 ease-in-out\">Retro-Wachspapier-Verpackung f\u00fcr authentisches 80er-Jahre-Feeling<\/span><\/p>\n<\/li>\n<\/ul>\n<p class=\"\" data-start=\"568\" data-end=\"646\"><span class=\"relative -mx-px my-[-0.2rem] rounded px-px py-[0.2rem] transition-colors duration-100 ease-in-out\">Ein Muss f\u00fcr Sammler und Fans der ersten Stunde \u2013 entdecke die Magie der Original-Transformers neu!<\/span><\/p>\n<p>Sprache: Englisch<\/p>\n<p>&nbsp;<\/p>\n<div class=\"manufacturer wc-gzd-additional-info\">\n<h3 class=\"\" data-start=\"114\" data-end=\"136\">Herstellerdetails:<\/h3>\n<ul data-start=\"138\" data-end=\"554\">\n<li class=\"\" data-start=\"138\" data-end=\"193\">\n<p class=\"\" data-start=\"140\" data-end=\"193\"><strong data-start=\"140\" data-end=\"154\">Hersteller<\/strong>: <span class=\"relative -mx-px my-[-0.2rem] rounded px-px py-[0.2rem] transition-colors duration-100 ease-in-out\">Dynamite Entertainment<\/span><\/p>\n<\/li>\n<li class=\"\" data-start=\"194\" data-end=\"252\">\n<p class=\"\" data-start=\"196\" data-end=\"252\"><strong data-start=\"196\" data-end=\"211\">Lizenzgeber<\/strong>: <span class=\"relative -mx-px my-[-0.2rem] rounded px-px py-[0.2rem] transition-colors duration-100 ease-in-out\">Hasbro<\/span><\/p>\n<\/li>\n<li class=\"\" data-start=\"253\" data-end=\"310\">\n<p class=\"\" data-start=\"255\" data-end=\"310\"><strong data-start=\"255\" data-end=\"269\">Produkttyp<\/strong>: <span class=\"relative -mx-px my-[-0.2rem] rounded px-px py-[0.2rem] transition-colors duration-100 ease-in-out\">Sammelkarten (Non-Sport Trading Cards)<\/span><\/p>\n<\/li>\n<li class=\"\" data-start=\"311\" data-end=\"420\">\n<p class=\"\" data-start=\"313\" data-end=\"420\"><strong data-start=\"313\" data-end=\"339\">Ver\u00f6ffentlichungsdatum<\/strong>:<\/p>\n<ol start=\"22\" data-start=\"0\" data-end=\"17\" data-is-last-node=\"\" data-is-only-node=\"\">\n<li data-start=\"0\" data-end=\"17\" data-is-last-node=\"\">November 2024<\/li>\n<\/ol>\n<\/li>\n<\/ul>\n<\/div>\n<p>&nbsp;<\/p>\n<p>&#8212;<\/p>\n<p>Jeder Artikel der Kategorie &#8222;Livebreak&#8220; wird im Stream von MelniboneMtG auf Twitch ge\u00f6ffnet. Bitte gib daher bei deiner Bestellung unter &#8222;Anmerkungen zur Bestellung&#8220; deinen Nicknamen bzw. wie wir dich nennen d\u00fcrfen an.<\/p>\n<p>Wir nehmen dein Booster zuf\u00e4llig aus einem Display bzw. einer Collection.<\/p>\n","protected":false},"excerpt":{"rendered":"<p>Transformers 40Th Anniversary Collector&#8217;s Hobby Blaster Box (EN) Feiere 40 Jahre Transformers mit dieser exklusiven Sammelbox von Dynamite Entertainment! Die Blaster Box enth\u00e4lt 5 nostalgisch gestaltete Packs mit je 10 Karten \u2013 darunter 9 klassische G1-Charaktere wie Optimus Prime, Megatron und Bumblebee sowie 1 gl\u00e4nzende Rainbow Holofoil Parallelkarte. Zus\u00e4tzlich liegt jeder Box eine von 9 [&hellip;]<\/p>\n","protected":false},"featured_media":5945,"template":"","meta":[],"product_brand":[],"product_cat":[70,69,51],"product_tag":[],"class_list":{"0":"post-5943","1":"product","2":"type-product","3":"status-publish","4":"has-post-thumbnail","6":"product_cat-live-break-neu","7":"product_cat-live-break-other","8":"product_cat-other-tcgs","10":"first","11":"instock","12":"taxable","13":"shipping-taxable","14":"purchasable","15":"product-type-simple"},"_links":{"self":[{"href":"https:\/\/melnibone.at\/shop\/index.php\/wp-json\/wp\/v2\/product\/5943","targetHints":{"allow":["GET"]}}],"collection":[{"href":"https:\/\/melnibone.at\/shop\/index.php\/wp-json\/wp\/v2\/product"}],"about":[{"href":"https:\/\/melnibone.at\/shop\/index.php\/wp-json\/wp\/v2\/types\/product"}],"wp:featuredmedia":[{"embeddable":true,"href":"https:\/\/melnibone.at\/shop\/index.php\/wp-json\/wp\/v2\/media\/5945"}],"wp:attachment":[{"href":"https:\/\/melnibone.at\/shop\/index.php\/wp-json\/wp\/v2\/media?parent=5943"}],"wp:term":[{"taxonomy":"product_brand","embeddable":true,"href":"https:\/\/melnibone.at\/shop\/index.php\/wp-json\/wp\/v2\/product_brand?post=5943"},{"taxonomy":"product_cat","embeddable":true,"href":"https:\/\/melnibone.at\/shop\/index.php\/wp-json\/wp\/v2\/product_cat?post=5943"},{"taxonomy":"product_tag","embeddable":true,"href":"https:\/\/melnibone.at\/shop\/index.php\/wp-json\/wp\/v2\/product_tag?post=5943"}],"curies":[{"name":"wp","href":"https:\/\/api.w.org\/{rel}","templated":true}]}}