{"id":5949,"date":"2025-05-08T12:10:53","date_gmt":"2025-05-08T10:10:53","guid":{"rendered":"https:\/\/melnibone.at\/shop\/?post_type=product&#038;p=5949"},"modified":"2025-05-16T12:27:56","modified_gmt":"2025-05-16T10:27:56","slug":"transformers-40th-anniversary-collectors-trading-cards-booster-en","status":"publish","type":"product","link":"https:\/\/melnibone.at\/shop\/index.php\/produkt\/transformers-40th-anniversary-collectors-trading-cards-booster-en\/","title":{"rendered":"Transformers 40Th Anniversary Collector&#8217;s Trading Cards Booster (EN)"},"content":{"rendered":"<h3 class=\"\" data-start=\"121\" data-end=\"178\">Transformers 40Th Anniversary Collector&#8217;s Trading Cards Booster (EN)<\/h3>\n<p class=\"\" data-start=\"180\" data-end=\"294\"><span class=\"relative -mx-px my-[-0.2rem] rounded px-px py-[0.2rem] transition-colors duration-100 ease-in-out\">Zum 40-j\u00e4hrigen Jubil\u00e4um der legend\u00e4ren Transformers pr\u00e4sentiert Dynamite Entertainment eine hochwertige Sammelkartenkollektion, die sowohl Nostalgie als auch Sammlerwert vereint.<\/span> <span class=\"relative -mx-px my-[-0.2rem] rounded px-px py-[0.2rem] transition-colors duration-100 ease-in-out\">Die <strong data-start=\"4\" data-end=\"31\">Collector&#8217;s Display Box<\/strong> enth\u00e4lt 24 Boosterpacks mit jeweils 10 Karten und bietet eine Vielzahl an exklusiven Inhalten.<\/span><\/p>\n<p class=\"\" data-start=\"698\" data-end=\"816\"><span class=\"relative -mx-px my-[-0.2rem] rounded px-px py-[0.2rem] transition-colors duration-100 ease-in-out\">Die Karten sind im authentischen Retro-Stil der 80er Jahre gestaltet und auf klassischem Papierkarton gedruckt<\/span><span class=\"relative -mx-px my-[-0.2rem] rounded px-px py-[0.2rem] transition-colors duration-100 ease-in-out\">\u00a0\u2013 ein Muss f\u00fcr jeden echten Transformers-Fan!<\/span><\/p>\n<p>Sprache: Englisch<\/p>\n<p>&nbsp;<\/p>\n<div class=\"manufacturer wc-gzd-additional-info\">\n<h3 class=\"\" data-start=\"114\" data-end=\"136\">Herstellerdetails:<\/h3>\n<ul data-start=\"138\" data-end=\"554\">\n<li class=\"\" data-start=\"138\" data-end=\"193\">\n<p class=\"\" data-start=\"140\" data-end=\"193\"><strong data-start=\"140\" data-end=\"154\">Hersteller<\/strong>: <span class=\"relative -mx-px my-[-0.2rem] rounded px-px py-[0.2rem] transition-colors duration-100 ease-in-out\">Dynamite Entertainment<\/span><\/p>\n<\/li>\n<li class=\"\" data-start=\"194\" data-end=\"252\">\n<p class=\"\" data-start=\"196\" data-end=\"252\"><strong data-start=\"196\" data-end=\"211\">Lizenzgeber<\/strong>: <span class=\"relative -mx-px my-[-0.2rem] rounded px-px py-[0.2rem] transition-colors duration-100 ease-in-out\">Hasbro<\/span><\/p>\n<\/li>\n<li class=\"\" data-start=\"253\" data-end=\"310\">\n<p class=\"\" data-start=\"255\" data-end=\"310\"><strong data-start=\"255\" data-end=\"269\">Produkttyp<\/strong>: <span class=\"relative -mx-px my-[-0.2rem] rounded px-px py-[0.2rem] transition-colors duration-100 ease-in-out\">Sammelkarten (Non-Sport Trading Cards)<\/span><\/p>\n<\/li>\n<li class=\"\" data-start=\"311\" data-end=\"420\">\n<p class=\"\" data-start=\"313\" data-end=\"420\"><strong data-start=\"313\" data-end=\"339\">Ver\u00f6ffentlichungsdatum<\/strong>:<\/p>\n<ol start=\"22\" data-start=\"0\" data-end=\"17\" data-is-last-node=\"\" data-is-only-node=\"\">\n<li data-start=\"0\" data-end=\"17\" data-is-last-node=\"\">November 2024<\/li>\n<\/ol>\n<\/li>\n<\/ul>\n<\/div>\n<p>&nbsp;<\/p>\n<p>&#8212;<\/p>\n<p>Jeder Artikel der Kategorie &#8222;Livebreak&#8220; wird im Stream von MelniboneMtG auf Twitch ge\u00f6ffnet. Bitte gib daher bei deiner Bestellung unter &#8222;Anmerkungen zur Bestellung&#8220; deinen Nicknamen bzw. wie wir dich nennen d\u00fcrfen an.<\/p>\n<p>Wir nehmen dein Booster zuf\u00e4llig aus einem Display bzw. einer Collection.<\/p>\n","protected":false},"excerpt":{"rendered":"<p>Transformers 40Th Anniversary Collector&#8217;s Trading Cards Booster (EN) Zum 40-j\u00e4hrigen Jubil\u00e4um der legend\u00e4ren Transformers pr\u00e4sentiert Dynamite Entertainment eine hochwertige Sammelkartenkollektion, die sowohl Nostalgie als auch Sammlerwert vereint. Die Collector&#8217;s Display Box enth\u00e4lt 24 Boosterpacks mit jeweils 10 Karten und bietet eine Vielzahl an exklusiven Inhalten. Die Karten sind im authentischen Retro-Stil der 80er Jahre gestaltet [&hellip;]<\/p>\n","protected":false},"featured_media":5950,"template":"","meta":[],"product_brand":[],"product_cat":[70,69,51],"product_tag":[],"class_list":{"0":"post-5949","1":"product","2":"type-product","3":"status-publish","4":"has-post-thumbnail","6":"product_cat-live-break-neu","7":"product_cat-live-break-other","8":"product_cat-other-tcgs","10":"first","11":"instock","12":"taxable","13":"shipping-taxable","14":"purchasable","15":"product-type-simple"},"_links":{"self":[{"href":"https:\/\/melnibone.at\/shop\/index.php\/wp-json\/wp\/v2\/product\/5949","targetHints":{"allow":["GET"]}}],"collection":[{"href":"https:\/\/melnibone.at\/shop\/index.php\/wp-json\/wp\/v2\/product"}],"about":[{"href":"https:\/\/melnibone.at\/shop\/index.php\/wp-json\/wp\/v2\/types\/product"}],"wp:featuredmedia":[{"embeddable":true,"href":"https:\/\/melnibone.at\/shop\/index.php\/wp-json\/wp\/v2\/media\/5950"}],"wp:attachment":[{"href":"https:\/\/melnibone.at\/shop\/index.php\/wp-json\/wp\/v2\/media?parent=5949"}],"wp:term":[{"taxonomy":"product_brand","embeddable":true,"href":"https:\/\/melnibone.at\/shop\/index.php\/wp-json\/wp\/v2\/product_brand?post=5949"},{"taxonomy":"product_cat","embeddable":true,"href":"https:\/\/melnibone.at\/shop\/index.php\/wp-json\/wp\/v2\/product_cat?post=5949"},{"taxonomy":"product_tag","embeddable":true,"href":"https:\/\/melnibone.at\/shop\/index.php\/wp-json\/wp\/v2\/product_tag?post=5949"}],"curies":[{"name":"wp","href":"https:\/\/api.w.org\/{rel}","templated":true}]}}